{"id":46770,"date":"2023-09-12T10:46:59","date_gmt":"2023-09-12T07:46:59","guid":{"rendered":"https:\/\/steeling.net\/polisa-privatnosti\/"},"modified":"2026-04-27T10:51:43","modified_gmt":"2026-04-27T07:51:43","slug":"polisa-privatnosti","status":"publish","type":"page","link":"https:\/\/steeling.net\/sr\/polisa-privatnosti\/","title":{"rendered":"Polisa privatnosti"},"content":{"rendered":"\t\t<div data-elementor-type=\"wp-page\" data-elementor-id=\"46770\" class=\"elementor elementor-46770 elementor-3\" data-elementor-post-type=\"page\">\n\t\t\t\t\t\t<section class=\"elementor-section elementor-top-section elementor-element elementor-element-edc7b65 elementor-section-boxed elementor-section-height-default elementor-section-height-default\" data-id=\"edc7b65\" data-element_type=\"section\" data-e-type=\"section\">\n\t\t\t\t\t\t<div class=\"elementor-container elementor-column-gap-default\">\n\t\t\t\t\t<div class=\"elementor-column elementor-col-100 elementor-top-column elementor-element elementor-element-dd788dd\" data-id=\"dd788dd\" data-element_type=\"column\" data-e-type=\"column\">\n\t\t\t<div class=\"elementor-widget-wrap elementor-element-populated\">\n\t\t\t\t\t\t<div class=\"elementor-element elementor-element-25cff27a elementor-widget elementor-widget-text-editor\" data-id=\"25cff27a\" data-element_type=\"widget\" data-e-type=\"widget\" data-widget_type=\"text-editor.default\">\n\t\t\t\t<div class=\"elementor-widget-container\">\n\t\t\t\t\t\t\t\t\t<p>Poslednje a\u017euriranje: [Update Date]<\/p>\n<p>Hvala Vam \u0161to ste izabrali da koristite na\u0161e online usluge (u daljem tekstu \u201eUsluge\u201c). Va\u0161a privatnost nam je od velike va\u017enosti. Ova politika privatnosti pru\u017ea informacije o tome koje vrste informacija prikupljamo, kako se one koriste i kako ih \u0161titimo.  <\/p>\n<p><strong>Prikupljanje i kori\u0161\u0107enje informacija<\/strong><\/p>\n<p>Tokom kori\u0161\u0107enja na\u0161ih usluga, mo\u017eemo prikupljati odre\u0111ene li\u010dne podatke. Ovi podaci se mogu prikupljati direktno od Vas ili automatski. Li\u010dni podaci koje prikupljamo, ali ne ograni\u010davaju\u0107i se na, mogu uklju\u010divati:  <\/p>\n<p>Va\u0161e ime, kontakt informacije i drugi identifikacioni podaci.<\/p>\n<p>Tehni\u010dke informacije o va\u0161em internet pregleda\u010du i ure\u0111aju.<\/p>\n<p>Informacije o tome kako koristite na\u0161e usluge, statistike prikaza stranica, saobra\u0107aj i drugi podaci o komunikaciji.<\/p>\n<p>Mo\u017eemo koristiti ove informacije u slede\u0107e svrhe:<\/p>\n<p>Da bismo vam pru\u017eili i upravljali na\u0161im Uslugama.<\/p>\n<p>Za pobolj\u0161anje, personalizaciju i unapre\u0111enje na\u0161ih Usluga.<\/p>\n<p>Da komuniciram sa vama i po\u0161aljem vam informacije.<\/p>\n<p>Da ispunimo na\u0161e zakonske obaveze.<\/p>\n<p><strong>Kola\u010di\u0107i<\/strong><\/p>\n<p>Kola\u010di\u0107i su definisani kao male datoteke podataka koje se obi\u010dno postavljaju na va\u0161 ure\u0111aj putem veb pregleda\u010da. Mo\u017eemo koristiti kola\u010di\u0107e kada koristite na\u0161e Usluge. Kola\u010di\u0107i nam mogu pomo\u0107i da zapamtimo va\u0161e postavke, obezbedimo sigurnost i prikupimo podatke o performansama.  <\/p>\n<p><strong>Va\u0161a prava na privatnost<\/strong><\/p>\n<p>Razumemo va\u0161e pravo da za\u0161titite privatnost va\u0161ih li\u010dnih podataka. Imate pravo da znate koji se podaci prikupljaju, kako se koriste i sa kim se dele. Dodatno, imate pravo da zatra\u017eite ispravku, brisanje ili ograni\u010denje kori\u0161\u0107enja va\u0161ih podataka.  <\/p>\n<p>Da biste ostvarili prava navedena u ovoj Politici privatnosti ili postavili pitanja o va\u0161im li\u010dnim podacima, mo\u017eete nas kontaktirati putem odeljka [Kontakt informacije].<\/p>\n<p><strong>Izmene Pravilnika o privatnosti<\/strong><\/p>\n<p>Ova politika privatnosti se povremeno mo\u017ee a\u017eurirati. Kada se promene izvr\u0161e, revidira\u0107emo najnoviji datum a\u017euriranja. Va\u0161a je odgovornost da pratite ove promene, a va\u0161e dalje kori\u0161\u0107enje na\u0161ih usluga \u0107e zna\u010diti va\u0161e prihvatanje promena.  <\/p>\n<p>Za vi\u0161e informacija, mo\u017eete nas kontaktirati putem sekcije [Kontakt informacije].<\/p>\t\t\t\t\t\t\t\t<\/div>\n\t\t\t\t<\/div>\n\t\t\t\t\t<\/div>\n\t\t<\/div>\n\t\t\t\t\t<\/div>\n\t\t<\/section>\n\t\t\t\t<\/div>\n\t\t","protected":false},"excerpt":{"rendered":"<p>Poslednje a\u017euriranje: [Update Date] Hvala Vam \u0161to ste izabrali da koristite na\u0161e online usluge (u daljem tekstu \u201eUsluge\u201c). Va\u0161a privatnost nam je od velike va\u017enosti. Ova politika privatnosti pru\u017ea informacije o tome koje vrste informacija prikupljamo, kako se one koriste i kako ih \u0161titimo. Prikupljanje i kori\u0161\u0107enje informacija Tokom kori\u0161\u0107enja na\u0161ih usluga, mo\u017eemo prikupljati odre\u0111ene [&hellip;]<\/p>\n","protected":false},"author":1,"featured_media":0,"parent":0,"menu_order":0,"comment_status":"closed","ping_status":"closed","template":"","meta":{"footnotes":""},"class_list":["post-46770","page","type-page","status-publish","hentry"],"_links":{"self":[{"href":"https:\/\/steeling.net\/sr\/wp-json\/wp\/v2\/pages\/46770","targetHints":{"allow":["GET"]}}],"collection":[{"href":"https:\/\/steeling.net\/sr\/wp-json\/wp\/v2\/pages"}],"about":[{"href":"https:\/\/steeling.net\/sr\/wp-json\/wp\/v2\/types\/page"}],"author":[{"embeddable":true,"href":"https:\/\/steeling.net\/sr\/wp-json\/wp\/v2\/users\/1"}],"replies":[{"embeddable":true,"href":"https:\/\/steeling.net\/sr\/wp-json\/wp\/v2\/comments?post=46770"}],"version-history":[{"count":1,"href":"https:\/\/steeling.net\/sr\/wp-json\/wp\/v2\/pages\/46770\/revisions"}],"predecessor-version":[{"id":46771,"href":"https:\/\/steeling.net\/sr\/wp-json\/wp\/v2\/pages\/46770\/revisions\/46771"}],"wp:attachment":[{"href":"https:\/\/steeling.net\/sr\/wp-json\/wp\/v2\/media?parent=46770"}],"curies":[{"name":"wp","href":"https:\/\/api.w.org\/{rel}","templated":true}]}}