{"id":46752,"date":"2023-09-14T13:18:04","date_gmt":"2023-09-14T10:18:04","guid":{"rendered":"https:\/\/steeling.net\/politika-ljudskih-resursa\/"},"modified":"2026-04-26T11:36:05","modified_gmt":"2026-04-26T08:36:05","slug":"politika-ljudskih-resursa","status":"publish","type":"page","link":"https:\/\/steeling.net\/sr\/politika-ljudskih-resursa\/","title":{"rendered":"Politika ljudskih resursa"},"content":{"rendered":"\n<div id=\"wp-block-themeisle-blocks-advanced-columns-3168f849\" class=\"wp-block-themeisle-blocks-advanced-columns alignwide has-1-columns has-desktop-equal-layout has-tablet-equal-layout has-mobile-equal-layout has-vertical-unset\"><div class=\"wp-block-themeisle-blocks-advanced-columns-overlay\"><\/div><div class=\"innerblocks-wrap\">\n<div id=\"wp-block-themeisle-blocks-advanced-column-ec8a0547\" class=\"wp-block-themeisle-blocks-advanced-column\">\n<h1 class=\"wp-block-heading\">Politika ljudskih resursa<\/h1>\n\n\n\n<p><strong>Opseg:<\/strong> Na\u0161a politika ljudskih resursa obuhvata ne samo zaposlene u kompaniji Steeling.net, ve\u0107 i zaposlene partnerskih kompanija za koje obavljamo marketing. Partnerske kompanije tako\u0111e podr\u017eavaju ovu politiku ljudskih resursa potpisivanjem, \u010dime potvr\u0111uju svoju dobru volju i odgovornosti. <\/p>\n\n\n\n<p><strong>Vizija:<\/strong> Ljudski resursi su kamen temeljac uspeha na\u0161e kompanije. Na\u0161a politika ljudskih resursa ima za cilj da maksimizira talente na\u0161ih zaposlenih, podstakne saradnju i postavi zadovoljstvo zaposlenih kao prioritet. <\/p>\n\n\n\n<p><strong>Misija<\/strong>: Na\u0161a misija je da stvorimo okru\u017eenje u kojem svaki zaposleni u na\u0161oj kompaniji ima priliku da razvija svoje ve\u0161tine i napreduje u karijeri. Na\u0161a politika ljudskih resursa ima za cilj uspostavljanje radne kulture koja je fer, po\u0161tuje razli\u010ditosti, podr\u017eava ih i zasniva se na eti\u010dkim vrednostima. <\/p>\n\n\n\n<p><strong>Izbor i zapo\u0161ljavanje zaposlenih:<\/strong> U procesu izbora zaposlenih primenjujemo pravedan i nepristrasan pristup. Kandidati se zapo\u0161ljavaju na osnovu svojih ve\u0161tina, iskustva i potencijala. Podr\u017eavamo razli\u010ditost i pridr\u017eavamo se principa jednakih mogu\u0107nosti.  <\/p>\n\n\n\n<p><strong>Profesionalni razvoj:<\/strong> Pru\u017eamo mogu\u0107nosti na\u0161im zaposlenima da unaprede svoje karijere. Podr\u017eavamo kontinuirano usavr\u0161avanje ve\u0161tina i znanja na\u0161ih zaposlenih kroz obuku, mentorstvo i evaluaciju u\u010dinka. <\/p>\n\n\n\n<p><strong>Dobrobit zaposlenih:<\/strong> Bezbednost i zdravlje na\u0161ih zaposlenih su na\u0161 prioritet. Obavezujemo se na kontinuirano pobolj\u0161anje uslova rada preduzimanjem mera za bezbednost i zdravlje na radu. Podr\u017eavamo ravnote\u017eu izme\u0111u poslovnog i privatnog \u017eivota i te\u017eimo povec\u0301anju zadovoljstva zaposlenih.  <\/p>\n\n\n\n<p><strong>Evaluacije performansi:<\/strong> Kroz evaluacije performansi, objektivno procenjujemo u\u010dinak zaposlenih. Priznajemo njihova postignu\u0107a u skladu sa ciljevima i identifikujemo oblasti za napredak. Sledimo po\u0161ten i transparentan proces evaluacije.  <\/p>\n\n\n\n<p><strong>Komunikacija i saradnja:<\/strong> Otvorena komunikacija i saradnja \u010dine temelj na\u0161e korporativne kulture. Cenimo mi\u0161ljenja i sugestije na\u0161ih zaposlenih. Mi olak\u0161avamo efikasnu komunikaciju izme\u0111u menad\u017ementa i zaposlenih i podsti\u010demo u\u010de\u0161\u0107e na svim nivoima.  <\/p>\n\n\n\n<p><strong>Eti\u010dke vrednosti:<\/strong> Posve\u0107eni smo vo\u0111enju na\u0161eg rada u skladu sa eti\u010dkim vrednostima. Radimo pravedno, po\u0161teno i sa po\u0161tovanjem, te postupamo transparentno i istinito. <\/p>\n\n\n\n<p>Ova Politika ljudskih resursa pokazuje na\u0161e razumevanje vrednosti na\u0161ih zaposlenih u kompaniji Steeling.net i partnerskim kompanijama i na\u0161u posve\u0107enost podr\u017eavanju njihovog razvoja i zadovoljstva.<\/p>\n<\/div>\n<\/div><\/div>\n","protected":false},"excerpt":{"rendered":"","protected":false},"author":1,"featured_media":0,"parent":0,"menu_order":0,"comment_status":"closed","ping_status":"closed","template":"","meta":{"footnotes":""},"class_list":["post-46752","page","type-page","status-publish","hentry"],"_links":{"self":[{"href":"https:\/\/steeling.net\/sr\/wp-json\/wp\/v2\/pages\/46752","targetHints":{"allow":["GET"]}}],"collection":[{"href":"https:\/\/steeling.net\/sr\/wp-json\/wp\/v2\/pages"}],"about":[{"href":"https:\/\/steeling.net\/sr\/wp-json\/wp\/v2\/types\/page"}],"author":[{"embeddable":true,"href":"https:\/\/steeling.net\/sr\/wp-json\/wp\/v2\/users\/1"}],"replies":[{"embeddable":true,"href":"https:\/\/steeling.net\/sr\/wp-json\/wp\/v2\/comments?post=46752"}],"version-history":[{"count":1,"href":"https:\/\/steeling.net\/sr\/wp-json\/wp\/v2\/pages\/46752\/revisions"}],"predecessor-version":[{"id":46753,"href":"https:\/\/steeling.net\/sr\/wp-json\/wp\/v2\/pages\/46752\/revisions\/46753"}],"wp:attachment":[{"href":"https:\/\/steeling.net\/sr\/wp-json\/wp\/v2\/media?parent=46752"}],"curies":[{"name":"wp","href":"https:\/\/api.w.org\/{rel}","templated":true}]}}