{"id":46737,"date":"2023-09-14T13:13:54","date_gmt":"2023-09-14T10:13:54","guid":{"rendered":"https:\/\/steeling.net\/politika-korporativne-drustvene-odgovornosti\/"},"modified":"2026-04-25T00:49:10","modified_gmt":"2026-04-24T21:49:10","slug":"politika-korporativne-drustvene-odgovornosti","status":"publish","type":"page","link":"https:\/\/steeling.net\/sr\/politika-korporativne-drustvene-odgovornosti\/","title":{"rendered":"Politika korporativne dru\u0161tvene odgovornosti"},"content":{"rendered":"\n<div id=\"wp-block-themeisle-blocks-advanced-columns-507201e4\" class=\"wp-block-themeisle-blocks-advanced-columns alignwide has-1-columns has-desktop-equal-layout has-tablet-equal-layout has-mobile-equal-layout has-vertical-unset\"><div class=\"wp-block-themeisle-blocks-advanced-columns-overlay\"><\/div><div class=\"innerblocks-wrap\">\n<main id=\"wp-block-themeisle-blocks-advanced-column-cc0f2535\" class=\"wp-block-themeisle-blocks-advanced-column\">\n<h1 class=\"wp-block-heading\">Steeling.net Politika korporativne dru\u0161tvene odgovornosti<\/h1>\n\n\n\n<p><strong>Vizija:<\/strong> U Steeling.net, cilj nam je ne samo da budemo lideri u marketingu \u010deli\u010dnih proizvoda, ve\u0107 i pioniri u stvaranju pozitivnog uticaja na \u017eivotnu sredinu, dru\u0161tvo i zainteresovane strane. Svoje poslovanje vodimo na na\u010din koji podr\u017eava razvoj dru\u0161tva i preuzimamo odgovornost u oblasti odr\u017eivosti. <\/p>\n\n\n\n<p><span style=\"box-sizing: border-box; font-weight: bolder;\">Misija:<\/span> Na\u0161a misija je da proizvodimo visokokvalitetne proizvode uz po\u0161tovanje \u017eivotne sredine, osetljivost na potrebe dru\u0161tva i ispunjavanje o\u010dekivanja na\u0161ih zainteresovanih strana. Delujemo u skladu sa principima korporativne dru\u0161tvene odgovornosti, smatraju\u0107i dodavanje vrednosti na\u0161im zaposlenima, dru\u0161tvu i \u017eivotnoj sredini svojim fundamentalnim principom. <\/p>\n\n\n\n<p><strong>Ekolo\u0161ka odgovornost:<\/strong> Svesni smo na\u0161e ekolo\u0161ke odgovornosti. Obavezujemo se na pove\u0107anje energetske i resursne efikasnosti, smanjenje otpada, promovisanje recikla\u017ee i ulaganje u ekolo\u0161ki prihvatljive tehnologije kako bismo na\u0161e poslovanje vodili na odr\u017eiv na\u010din. <\/p>\n\n\n\n<p><strong>Doprinos dru\u0161tvu:<\/strong> Ispunjavamo svoju dru\u0161tvenu odgovornost anga\u017eovanjem u aktivnostima iz oblasti obrazovanja, zdravstva, kulture i dru\u0161tvenog razvoja. Podr\u017eavamo volonterske projekte, obezbe\u0111ujemo obrazovne mogu\u0107nosti i organizujemo programe socijalne pomo\u0107i kako bismo pobolj\u0161ali dobrobit na\u0161ih zaposlenih i zajednice. <\/p>\n\n\n\n<p><strong>Dobrobit zaposlenih:<\/strong> Smatramo na\u0161e zaposlene na\u0161om najvrednijom imovinom. Posve\u0107eni smo kontinuiranom pobolj\u0161anju uslova rada, fokusiraju\u0107i se na njihovu sigurnost i zdravlje. Pridr\u017eavamo se principa po\u0161tenog zapo\u0161ljavanja, jednakih mogu\u0107nosti, profesionalnog razvoja i ravnote\u017ee izme\u0111u poslovnog i privatnog \u017eivota.Saradnja sa zainteresovanim stranama: Sara\u0111uju\u0107i sa svim zainteresovanim stranama, od dobavlja\u010da do kupaca, cilj nam je da \u0161irimo na\u0161e vrednosti korporativne dru\u0161tvene odgovornosti. Transparentna komunikacija, posve\u0107enost eti\u010dkim vrednostima i dugoro\u010dni odnosi su me\u0111u na\u0161im najvi\u0161im prioritetima.   <\/p>\n\n\n\n<p>Ova politika odra\u017eava principe i ciljeve korporativne dru\u0161tvene odgovornosti na koje se obavezujemo kao Steeling.net. Procena na\u0161ih aktivnosti sa aspekta odr\u017eivosti i dru\u0161tvene koristi je fundamentalni aspekt na\u0161eg poslovanja. <\/p>\n<\/main>\n<\/div><\/div>\n","protected":false},"excerpt":{"rendered":"","protected":false},"author":1,"featured_media":0,"parent":0,"menu_order":0,"comment_status":"closed","ping_status":"closed","template":"","meta":{"footnotes":""},"class_list":["post-46737","page","type-page","status-publish","hentry"],"_links":{"self":[{"href":"https:\/\/steeling.net\/sr\/wp-json\/wp\/v2\/pages\/46737","targetHints":{"allow":["GET"]}}],"collection":[{"href":"https:\/\/steeling.net\/sr\/wp-json\/wp\/v2\/pages"}],"about":[{"href":"https:\/\/steeling.net\/sr\/wp-json\/wp\/v2\/types\/page"}],"author":[{"embeddable":true,"href":"https:\/\/steeling.net\/sr\/wp-json\/wp\/v2\/users\/1"}],"replies":[{"embeddable":true,"href":"https:\/\/steeling.net\/sr\/wp-json\/wp\/v2\/comments?post=46737"}],"version-history":[{"count":1,"href":"https:\/\/steeling.net\/sr\/wp-json\/wp\/v2\/pages\/46737\/revisions"}],"predecessor-version":[{"id":46738,"href":"https:\/\/steeling.net\/sr\/wp-json\/wp\/v2\/pages\/46737\/revisions\/46738"}],"wp:attachment":[{"href":"https:\/\/steeling.net\/sr\/wp-json\/wp\/v2\/media?parent=46737"}],"curies":[{"name":"wp","href":"https:\/\/api.w.org\/{rel}","templated":true}]}}