{"id":45521,"date":"2024-01-05T02:14:56","date_gmt":"2024-01-04T23:14:56","guid":{"rendered":"https:\/\/steeling.net\/zatrazite-svoju-ponudu-za-prilagodjena-metalna-resenja-vec-danas\/"},"modified":"2026-03-15T00:46:56","modified_gmt":"2026-03-14T21:46:56","slug":"zatrazite-svoju-ponudu-za-prilagodjena-metalna-resenja-vec-danas","status":"publish","type":"page","link":"https:\/\/steeling.net\/sr\/zatrazite-svoju-ponudu-za-prilagodjena-metalna-resenja-vec-danas\/","title":{"rendered":"Zatra\u017eite svoju ponudu za prilago\u0111ena metalna re\u0161enja ve\u0107 danas!"},"content":{"rendered":"\n<div id=\"wp-block-themeisle-blocks-advanced-columns-fc8b658d\" class=\"wp-block-themeisle-blocks-advanced-columns has-2-columns has-desktop-equal-layout has-tablet-equal-layout has-mobile-collapsedRows-layout has-vertical-top\"><div class=\"wp-block-themeisle-blocks-advanced-columns-overlay\"><\/div><div class=\"innerblocks-wrap\">\n<div id=\"wp-block-themeisle-blocks-advanced-column-266f21cb\" class=\"wp-block-themeisle-blocks-advanced-column card has-light-bg\">\n<h1 class=\"wp-block-heading has-text-align-center\">Zatra\u017eite svoju ponudu za prilago\u0111ena metalna re\u0161enja ve\u0107 danas!<\/h1>\n\n\n\n<div id=\"wp-block-themeisle-blocks-form-72a3287a\" class=\"wp-block-themeisle-blocks-form has-captcha\" data-option-name=\"bf9b28ff82ce323187abc5d0feb0d8f07ecd8436_72a3287a\"><form class=\"otter-form__container\">\n<div id=\"wp-block-themeisle-blocks-form-input-236a784e\" class=\"wp-block-themeisle-blocks-form-input is-style-hidden-label\"><label for=\"wp-block-themeisle-blocks-form-input-236a784e-input\" class=\"otter-form-input-label\"><span class=\"otter-form-input-label__label\">Ime<\/span><span class=\"required\">*<\/span><\/label><input type=\"text\" id=\"wp-block-themeisle-blocks-form-input-236a784e-input\" required=\"\" placeholder=\"Ime\" class=\"otter-form-input\"><\/div>\n\n\n\n<div id=\"wp-block-themeisle-blocks-form-input-80534768\" class=\"wp-block-themeisle-blocks-form-input is-style-hidden-label\"><label for=\"wp-block-themeisle-blocks-form-input-80534768-input\" class=\"otter-form-input-label\"><span class=\"otter-form-input-label__label\">Email<\/span><span class=\"required\">*<\/span><\/label><input type=\"email\" id=\"wp-block-themeisle-blocks-form-input-80534768-input\" required=\"\" placeholder=\"Email\" class=\"otter-form-input\"><\/div>\n\n\n\n<div id=\"wp-block-themeisle-blocks-form-input-cc396bec\" class=\"wp-block-themeisle-blocks-form-input is-style-hidden-label\"><label for=\"wp-block-themeisle-blocks-form-input-cc396bec-input\" class=\"otter-form-input-label\"><span class=\"otter-form-input-label__label\">Telefon<\/span><\/label><input type=\"number\" id=\"wp-block-themeisle-blocks-form-input-cc396bec-input\" placeholder=\"Telefon\" class=\"otter-form-input\"><\/div>\n\n\n\n\n\n<div id=\"wp-block-themeisle-blocks-form-textarea-c65bf0ae\" class=\"wp-block-themeisle-blocks-form-textarea is-style-hidden-label\"><label for=\"wp-block-themeisle-blocks-form-textarea-c65bf0ae-input\" class=\"otter-form-textarea-label\"><span class=\"otter-form-textarea-label__label\">Poruka<\/span><\/label><textarea id=\"wp-block-themeisle-blocks-form-textarea-c65bf0ae-input\" placeholder=\"Poruka\" rows=\"10\" class=\"otter-form-textarea-input\"><\/textarea><\/div>\n\n\n\n\n<div class=\"wp-block-button full\"><button class=\"wp-block-button__link\" type=\"submit\">Submit<\/button><\/div><\/form><\/div>\n<\/div>\n\n\n\n<div id=\"wp-block-themeisle-blocks-advanced-column-dad570aa\" class=\"wp-block-themeisle-blocks-advanced-column\">\n<figure class=\"wp-block-image size-large\"><img fetchpriority=\"high\" decoding=\"async\" width=\"1024\" height=\"399\" src=\"https:\/\/steeling.net\/wp-content\/uploads\/2024\/02\/steeling-about-page-spare-parts-workshop-create-with-DALL-E-1024x399.webp\" alt=\"\" class=\"wp-image-29740\" title=\"\"><\/figure>\n\n\n\n<p><strong>Prilago\u0111ena metalna re\u0161enja na dohvat ruke!<\/strong><\/p>\n\n\n\n<p>Dobrodo\u0161li na Steeling.Net, va\u0161 prolaz ka najboljim turskim proizvo\u0111a\u010dima metalne industrije. Specijalizovani za \u0161irok spektar proizvoda i usluga, mi slu\u017eimo preduze\u0107ima i veletrgovcima \u0161irom sveta koji tra\u017ee izvrsnost u obradi metala. Na\u0161a partnerska mre\u017ea je bogata stru\u010dno\u0161\u0107u, nude\u0107i sve, od prerade lima i \u010delika do slo\u017eenih ma\u0161ina i automobilske opreme.  <\/p>\n\n\n\n<p><strong>Za\u0161to odabrati Steeling.Net?<\/strong><\/p>\n\n\n\n<ul class=\"wp-block-list\">\n<li><strong>\u0160irok spektar materijala<\/strong>: Od lima do \u010delika, aluminijuma i vi\u0161e, na\u0161i partneri nude ogroman izbor kako bi zadovoljili sve va\u0161e potrebe za metalom.<\/li>\n\n\n\n<li><strong>Sveobuhvatne usluge<\/strong>: Bilo da se radi o se\u010denju, savijanju, ma\u0161inskoj obradi ili in\u017eenjerskim re\u0161enjima, nudimo pun spektar usluga kako bismo Va\u0161u viziju pretvorili u stvarnost.<\/li>\n\n\n\n<li><strong>Kvalitetni proizvodi<\/strong>: Na\u0161 katalog obuhvata cevi, profile, sisteme polica i jo\u0161 mnogo toga, sve prilago\u0111eno va\u0161im specifi\u010dnim zahtevima.<\/li>\n<\/ul>\n\n\n\n<p><strong>Pove\u017eite se sa turskim proizvo\u0111a\u010dima svetske klase<\/strong> Steeling.Net premo\u0161\u0107uje jaz izme\u0111u vas i vrhunskih turskih proizvo\u0111a\u010da, osiguravaju\u0107i vam dugoro\u010dna, pouzdana i isplativa metalna re\u0161enja.<\/p>\n\n\n\n<p><strong>Zatra\u017eite ponudu odmah!<\/strong> Spremni da istra\u017eimo kako mo\u017eemo napraviti razliku u Va\u0161em projektu? Popunite na\u0161 obrazac za zahtev za ponudu sa svojim specifi\u010dnim potrebama, i mi \u0107emo Vas brzo povezati sa najboljim re\u0161enjima. Va\u0161e putovanje ka kvalitetu i pristupa\u010dnosti u metalskoj industriji po\u010dinje ovde!  <\/p>\n<\/div>\n<\/div><\/div>\n","protected":false},"excerpt":{"rendered":"","protected":false},"author":1,"featured_media":44358,"parent":0,"menu_order":0,"comment_status":"closed","ping_status":"closed","template":"elementor_theme","meta":{"footnotes":""},"class_list":["post-45521","page","type-page","status-publish","has-post-thumbnail","hentry"],"_links":{"self":[{"href":"https:\/\/steeling.net\/sr\/wp-json\/wp\/v2\/pages\/45521","targetHints":{"allow":["GET"]}}],"collection":[{"href":"https:\/\/steeling.net\/sr\/wp-json\/wp\/v2\/pages"}],"about":[{"href":"https:\/\/steeling.net\/sr\/wp-json\/wp\/v2\/types\/page"}],"author":[{"embeddable":true,"href":"https:\/\/steeling.net\/sr\/wp-json\/wp\/v2\/users\/1"}],"replies":[{"embeddable":true,"href":"https:\/\/steeling.net\/sr\/wp-json\/wp\/v2\/comments?post=45521"}],"version-history":[{"count":1,"href":"https:\/\/steeling.net\/sr\/wp-json\/wp\/v2\/pages\/45521\/revisions"}],"predecessor-version":[{"id":45523,"href":"https:\/\/steeling.net\/sr\/wp-json\/wp\/v2\/pages\/45521\/revisions\/45523"}],"wp:featuredmedia":[{"embeddable":true,"href":"https:\/\/steeling.net\/sr\/wp-json\/wp\/v2\/media\/44358"}],"wp:attachment":[{"href":"https:\/\/steeling.net\/sr\/wp-json\/wp\/v2\/media?parent=45521"}],"curies":[{"name":"wp","href":"https:\/\/api.w.org\/{rel}","templated":true}]}}