{"id":44328,"date":"2021-08-30T11:47:49","date_gmt":"2021-08-30T08:47:49","guid":{"rendered":"https:\/\/steeling.net\/o-nama\/"},"modified":"2026-02-28T21:52:58","modified_gmt":"2026-02-28T18:52:58","slug":"o-nama","status":"publish","type":"page","link":"https:\/\/steeling.net\/sr\/o-nama\/","title":{"rendered":"O nama"},"content":{"rendered":"\n<div id=\"wp-block-themeisle-blocks-advanced-columns-67cdd78b\" class=\"wp-block-themeisle-blocks-advanced-columns alignwide has-1-columns has-desktop-equal-layout has-tablet-equal-layout has-mobile-equal-layout has-vertical-unset\"><div class=\"wp-block-themeisle-blocks-advanced-columns-overlay\"><\/div><div class=\"innerblocks-wrap\">\n<div id=\"wp-block-themeisle-blocks-advanced-column-7b1988da\" class=\"wp-block-themeisle-blocks-advanced-column\">\n<figure class=\"wp-block-image size-large is-resized\"><img fetchpriority=\"high\" decoding=\"async\" width=\"1066\" height=\"694\" src=\"https:\/\/steeling.net\/wp-content\/uploads\/2023\/09\/plasma-cutting-works-1066x694.webp\" alt=\"\" class=\"wp-image-26916\" style=\"object-fit:cover;width:1236px;height:400px\" title=\"\"><\/figure>\n\n\n<h1 class=\"wp-block-post-title\">O nama<\/h1>\n\n\n<p><strong>Ko smo mi<\/strong><\/p>\n\n\n\n<p>Steeling.Net je pionirska platforma koja povezuje vodec\u0301e turske proizvo\u0111a\u010de limova i \u010delika sa kompanijama i veletrgovcima \u0161irom sveta koji koriste metalne proizvode. Sa dugogodi\u0161njom istorijom u metalskoj industriji i \u0161irokom mre\u017eom proizvo\u0111a\u010da, nudimo visokokvalitetna, pouzdana i konkurentna cena re\u0161enja za metal, prilago\u0111ena razli\u010ditim potrebama na\u0161ih globalnih klijenata. <\/p>\n\n\n\n<p><strong>Na\u0161a stru\u010dnost<\/strong><\/p>\n\n\n\n<p>Na\u0161a stru\u010dnost obuhvata \u0161irok spektar materijala, uklju\u010dujuc\u0301i lim, \u010delik, aluminijum i druge specijalne metale, osiguravajuc\u0301i da mo\u017eemo da se prilagodimo specifi\u010dnim zahtevima svakog projekta. Na\u0161i partneri proizvo\u0111a\u010di su pa\u017eljivo odabrani zbog svoje posvec\u0301enosti kvalitetu i inovacijama, \u0161to nas \u010dini pouzdanim imenom u proizvodnji metala. <\/p>\n\n\n\n<p><strong>Usluge koje nudimo<\/strong><\/p>\n\n\n\n<p>Steeling.Net pru\u017ea \u0161irok spektar usluga osmi\u0161ljenih da zadovolje svaki aspekt obrade metala:<\/p>\n\n\n\n<ul class=\"wp-block-list\">\n<li><strong><a href=\"https:\/\/steeling.net\/services\/\" data-type=\"page\" data-id=\"12963\">Se\u010denje<\/a><\/strong>: Precizne usluge se\u010denja koje ispunjavaju ta\u010dne specifikacije, bilo da se radi o velikoj proizvodnji ili projektima po meri.<\/li>\n\n\n\n<li><strong><a href=\"https:\/\/steeling.net\/services\/cnc-bending-service\/\" data-type=\"page\" data-id=\"26910\">Savijanje<\/a><\/strong>: Napredne tehnike savijanja koje obezbe\u0111uju ta\u010dnost i ponovljivost kod svih vrsta metala.<\/li>\n\n\n\n<li><strong><a href=\"https:\/\/steeling.net\/services\/machining-services\/\" data-type=\"page\" data-id=\"26911\">Ma\u0161inska obrada<\/a><\/strong>: Najsavremenija CNC obrada za slo\u017eene i detaljne metalne komponente.<\/li>\n\n\n\n<li><strong>Kalupiranje i livenje<\/strong>: Visokokvalitetne usluge kalupa i livenja za izdr\u017eljive i precizne metalne delove.<\/li>\n\n\n\n<li><strong>Prototipiranje<\/strong>: Usluge brze izrade prototipova koje poma\u017eu da va\u0161e koncepte brzo i efikasno realizujete.<\/li>\n\n\n\n<li><strong>In\u017eenjering<\/strong>: Stru\u010dne in\u017eenjerske usluge za optimizaciju funkcionalnosti i dizajna va\u0161ih metalnih proizvoda.<\/li>\n\n\n\n<li><strong><a href=\"https:\/\/steeling.net\/products\/cut-to-size\/\" data-type=\"page\" data-id=\"26961\">Se\u010denje po veli\u010dini<\/a><\/strong>: Prilago\u0111ene opcije se\u010denja po veli\u010dini koje smanjuju otpad i povec\u0301avaju efikasnost u va\u0161em lancu snabdevanja.<\/li>\n<\/ul>\n\n\n\n<p><strong>Na\u0161i proizvodi<\/strong><\/p>\n\n\n\n<p>Na\u0161 asortiman proizvoda je \u0161irok, uklju\u010dujuc\u0301i, ali ne ograni\u010davajuc\u0301i se na:<\/p>\n\n\n\n<ul class=\"wp-block-list\">\n<li><strong><a href=\"https:\/\/steeling.net\/materials\/carbon-steel\/carbon-steel-pipe\/\" data-type=\"page\" data-id=\"27551\">Cevi i profili<\/a><\/strong>: Izdr\u017eljive i precizno projektovane cevi i profili pogodni za razne industrijske primene.<\/li>\n\n\n\n<li><strong>Cevi i profili<\/strong>: Izdr\u017eljive i precizno projektovane cevi i profili pogodni za razne industrijske primene.<\/li>\n\n\n\n<li><strong>Strukturne veze<\/strong>: Robusne strukturne konektore dizajnirane za stabilnost i dugotrajnost u gra\u0111evinarstvu.<\/li>\n\n\n\n<li><strong>Postolja i okviri<\/strong>: Prilago\u0111ena postolja i okviri dizajnirani za vi\u0161estruku upotrebu u razli\u010ditim sektorima.<\/li>\n\n\n\n<li><strong>Machinery and Parts<\/strong>: High-performance machinery and replacement parts for industrial operations.<\/li>\n\n\n\n<li><strong>Automobilska oprema<\/strong>: Automobilski delovi i oprema vrhunskog kvaliteta proizvedeni po strogim industrijskim standardima.<\/li>\n\n\n\n<li><strong>Name\u0161taj<\/strong>: Metalni komadi name\u0161taja koji kombinuju estetiku sa funkcionalno\u0161c\u0301u za unutra\u0161nju i spolja\u0161nju upotrebu.<\/li>\n<\/ul>\n\n\n\n\n<div id=\"rank-math-faq\" class=\"rank-math-block\">\n<div class=\"rank-math-list \">\n<div id=\"faq-question-1713725796546\" class=\"rank-math-list-item\">\n<h3 class=\"rank-math-question \">Za\u0161to izabrati Steeling.Net?<\/h3>\n<div class=\"rank-math-answer \">\n\n<p>Izbor Steeling.Net-a zna\u010di partnerstvo sa liderom u industriji proizvodnje metala poznatim po: <strong>Pouzdanosti<\/strong>: Dosledno isporu\u010dujemo proizvode i usluge visokog kvaliteta na koje mo\u017eete da se oslonite.<br \/><strong>Inovacijama<\/strong>: Kontinuiranim inovacijama u tehnikama obrade metala kako bismo pru\u017eili napredna re\u0161enja.<br \/>Is<strong>plativosti: <\/strong>Konkurentnim cenama bez kompromisa u pogledu kvaliteta ili performansi. <strong>Pristupom usmerenim na kupca<\/strong>: Dajemo prioritet va\u0161im potrebama i marljivo radimo na tome da prema\u0161imo va\u0161a o\u010dekivanja.<\/p>\n\n<\/div>\n<\/div>\n<\/div>\n<\/div>\n\n\n<p><\/p>\n\n\n\n<ul class=\"wp-block-list\">\n<li><\/li>\n<\/ul>\n<\/div>\n<\/div><\/div>\n","protected":false},"excerpt":{"rendered":"","protected":false},"author":1,"featured_media":0,"parent":0,"menu_order":0,"comment_status":"closed","ping_status":"closed","template":"","meta":{"footnotes":""},"class_list":["post-44328","page","type-page","status-publish","hentry"],"_links":{"self":[{"href":"https:\/\/steeling.net\/sr\/wp-json\/wp\/v2\/pages\/44328","targetHints":{"allow":["GET"]}}],"collection":[{"href":"https:\/\/steeling.net\/sr\/wp-json\/wp\/v2\/pages"}],"about":[{"href":"https:\/\/steeling.net\/sr\/wp-json\/wp\/v2\/types\/page"}],"author":[{"embeddable":true,"href":"https:\/\/steeling.net\/sr\/wp-json\/wp\/v2\/users\/1"}],"replies":[{"embeddable":true,"href":"https:\/\/steeling.net\/sr\/wp-json\/wp\/v2\/comments?post=44328"}],"version-history":[{"count":1,"href":"https:\/\/steeling.net\/sr\/wp-json\/wp\/v2\/pages\/44328\/revisions"}],"predecessor-version":[{"id":44355,"href":"https:\/\/steeling.net\/sr\/wp-json\/wp\/v2\/pages\/44328\/revisions\/44355"}],"wp:attachment":[{"href":"https:\/\/steeling.net\/sr\/wp-json\/wp\/v2\/media?parent=44328"}],"curies":[{"name":"wp","href":"https:\/\/api.w.org\/{rel}","templated":true}]}}