{"id":46768,"date":"2023-09-12T10:46:59","date_gmt":"2023-09-12T07:46:59","guid":{"rendered":"https:\/\/steeling.net\/politica-de-privacidade\/"},"modified":"2026-04-27T10:49:10","modified_gmt":"2026-04-27T07:49:10","slug":"politica-de-privacidade","status":"publish","type":"page","link":"https:\/\/steeling.net\/pt-br\/politica-de-privacidade\/","title":{"rendered":"Pol\u00edtica de Privacidade"},"content":{"rendered":"\t\t<div data-elementor-type=\"wp-page\" data-elementor-id=\"46768\" class=\"elementor elementor-46768 elementor-3\" data-elementor-post-type=\"page\">\n\t\t\t\t\t\t<section class=\"elementor-section elementor-top-section elementor-element elementor-element-edc7b65 elementor-section-boxed elementor-section-height-default elementor-section-height-default\" data-id=\"edc7b65\" data-element_type=\"section\" data-e-type=\"section\">\n\t\t\t\t\t\t<div class=\"elementor-container elementor-column-gap-default\">\n\t\t\t\t\t<div class=\"elementor-column elementor-col-100 elementor-top-column elementor-element elementor-element-dd788dd\" data-id=\"dd788dd\" data-element_type=\"column\" data-e-type=\"column\">\n\t\t\t<div class=\"elementor-widget-wrap elementor-element-populated\">\n\t\t\t\t\t\t<div class=\"elementor-element elementor-element-25cff27a elementor-widget elementor-widget-text-editor\" data-id=\"25cff27a\" data-element_type=\"widget\" data-e-type=\"widget\" data-widget_type=\"text-editor.default\">\n\t\t\t\t<div class=\"elementor-widget-container\">\n\t\t\t\t\t\t\t\t\t<p>\u00daltima atualiza\u00e7\u00e3o: [Update Date]<\/p>\n<p>Obrigado por escolher usar nossos servi\u00e7os online (doravante referidos como &#8220;Servi\u00e7os&#8221;). Sua privacidade \u00e9 de grande import\u00e2ncia para n\u00f3s. Esta pol\u00edtica de privacidade fornece informa\u00e7\u00f5es sobre quais tipos de informa\u00e7\u00f5es coletamos, como elas s\u00e3o usadas e como protegemos essas informa\u00e7\u00f5es.  <\/p>\n<p><strong>Coleta e Uso de Informa\u00e7\u00f5es<\/strong><\/p>\n<p>Ao usar nossos Servi\u00e7os, podemos coletar certas informa\u00e7\u00f5es pessoais. Essas informa\u00e7\u00f5es podem ser coletadas diretamente de voc\u00ea ou automaticamente. As informa\u00e7\u00f5es pessoais que coletamos, mas n\u00e3o limitadas a, podem incluir:  <\/p>\n<p>Seu nome, informa\u00e7\u00f5es de contato e outros detalhes de identifica\u00e7\u00e3o.<\/p>\n<p>Informa\u00e7\u00f5es t\u00e9cnicas sobre o seu navegador de internet e dispositivo.<\/p>\n<p>Informa\u00e7\u00f5es t\u00e9cnicas sobre o seu navegador de internet e dispositivo.<\/p>\n<p>Podemos usar estas informa\u00e7\u00f5es para os seguintes fins:<\/p>\n<p>Para fornecer e gerenciar nossos Servi\u00e7os para voc\u00ea.<\/p>\n<p>Para melhorar, personalizar e aprimorar nossos Servi\u00e7os.<\/p>\n<p>Para nos comunicarmos consigo e lhe enviar informa\u00e7\u00f5es.<\/p>\n<p>Para nos comunicarmos consigo e lhe enviar informa\u00e7\u00f5es.<\/p>\n<p><strong>Cookies<\/strong><\/p>\n<p>Cookies s\u00e3o definidos como pequenos arquivos de dados que geralmente s\u00e3o colocados em seu dispositivo atrav\u00e9s do seu navegador da web. Podemos usar cookies quando voc\u00ea usa nossos Servi\u00e7os. Os cookies podem nos ajudar a lembrar suas prefer\u00eancias, fornecer seguran\u00e7a e coletar dados de desempenho.  <\/p>\n<p><strong>Seus Direitos de Privacidade<\/strong><\/p>\n<p>Entendemos o seu direito de proteger a privacidade das suas informa\u00e7\u00f5es pessoais. Voc\u00ea tem o direito de saber quais informa\u00e7\u00f5es est\u00e3o sendo coletadas, como s\u00e3o usadas e com quem s\u00e3o compartilhadas. Al\u00e9m disso, voc\u00ea tem o direito de solicitar a corre\u00e7\u00e3o, exclus\u00e3o ou limita\u00e7\u00e3o do uso das suas informa\u00e7\u00f5es.  <\/p>\n<p>Para exercer os direitos descritos nesta Pol\u00edtica de Privacidade ou para fazer qualquer pergunta sobre seus dados pessoais, voc\u00ea pode entrar em contato conosco atrav\u00e9s da se\u00e7\u00e3o [Informa\u00e7\u00f5es de Contato].<\/p>\n<p><strong>Altera\u00e7\u00f5es \u00e0 Pol\u00edtica de Privacidade<\/strong><\/p>\n<p>Esta pol\u00edtica de privacidade pode ser atualizada periodicamente. Quando forem feitas altera\u00e7\u00f5es, revisaremos a data da \u00faltima atualiza\u00e7\u00e3o. \u00c9 sua responsabilidade acompanhar essas altera\u00e7\u00f5es, e o uso cont\u00ednuo de nossos Servi\u00e7os significar\u00e1 sua aceita\u00e7\u00e3o das altera\u00e7\u00f5es.  <\/p>\n<p>Para mais informa\u00e7\u00f5es, pode nos contatar atrav\u00e9s da se\u00e7\u00e3o [Informa\u00e7\u00f5es de Contato].<\/p>\t\t\t\t\t\t\t\t<\/div>\n\t\t\t\t<\/div>\n\t\t\t\t\t<\/div>\n\t\t<\/div>\n\t\t\t\t\t<\/div>\n\t\t<\/section>\n\t\t\t\t<\/div>\n\t\t","protected":false},"excerpt":{"rendered":"<p>\u00daltima atualiza\u00e7\u00e3o: [Update Date] Obrigado por escolher usar nossos servi\u00e7os online (doravante referidos como &#8220;Servi\u00e7os&#8221;). Sua privacidade \u00e9 de grande import\u00e2ncia para n\u00f3s. Esta pol\u00edtica de privacidade fornece informa\u00e7\u00f5es sobre quais tipos de informa\u00e7\u00f5es coletamos, como elas s\u00e3o usadas e como protegemos essas informa\u00e7\u00f5es. Coleta e Uso de Informa\u00e7\u00f5es Ao usar nossos Servi\u00e7os, podemos coletar [&hellip;]<\/p>\n","protected":false},"author":1,"featured_media":0,"parent":0,"menu_order":0,"comment_status":"closed","ping_status":"closed","template":"","meta":{"footnotes":""},"class_list":["post-46768","page","type-page","status-publish","hentry"],"_links":{"self":[{"href":"https:\/\/steeling.net\/pt-br\/wp-json\/wp\/v2\/pages\/46768","targetHints":{"allow":["GET"]}}],"collection":[{"href":"https:\/\/steeling.net\/pt-br\/wp-json\/wp\/v2\/pages"}],"about":[{"href":"https:\/\/steeling.net\/pt-br\/wp-json\/wp\/v2\/types\/page"}],"author":[{"embeddable":true,"href":"https:\/\/steeling.net\/pt-br\/wp-json\/wp\/v2\/users\/1"}],"replies":[{"embeddable":true,"href":"https:\/\/steeling.net\/pt-br\/wp-json\/wp\/v2\/comments?post=46768"}],"version-history":[{"count":1,"href":"https:\/\/steeling.net\/pt-br\/wp-json\/wp\/v2\/pages\/46768\/revisions"}],"predecessor-version":[{"id":46769,"href":"https:\/\/steeling.net\/pt-br\/wp-json\/wp\/v2\/pages\/46768\/revisions\/46769"}],"wp:attachment":[{"href":"https:\/\/steeling.net\/pt-br\/wp-json\/wp\/v2\/media?parent=46768"}],"curies":[{"name":"wp","href":"https:\/\/api.w.org\/{rel}","templated":true}]}}