{"id":46750,"date":"2023-09-14T13:18:04","date_gmt":"2023-09-14T10:18:04","guid":{"rendered":"https:\/\/steeling.net\/politica-de-recursos-humanos\/"},"modified":"2026-04-26T11:34:07","modified_gmt":"2026-04-26T08:34:07","slug":"politica-de-recursos-humanos","status":"publish","type":"page","link":"https:\/\/steeling.net\/pt-br\/politica-de-recursos-humanos\/","title":{"rendered":"Pol\u00edtica de Recursos Humanos"},"content":{"rendered":"\n<div id=\"wp-block-themeisle-blocks-advanced-columns-3168f849\" class=\"wp-block-themeisle-blocks-advanced-columns alignwide has-1-columns has-desktop-equal-layout has-tablet-equal-layout has-mobile-equal-layout has-vertical-unset\"><div class=\"wp-block-themeisle-blocks-advanced-columns-overlay\"><\/div><div class=\"innerblocks-wrap\">\n<div id=\"wp-block-themeisle-blocks-advanced-column-ec8a0547\" class=\"wp-block-themeisle-blocks-advanced-column\">\n<h1 class=\"wp-block-heading\">Pol\u00edtica de Recursos Humanos<\/h1>\n\n\n\n<p><strong>Escopo:<\/strong> Nossa pol\u00edtica de recursos humanos abrange n\u00e3o apenas os funcion\u00e1rios da Steeling.net, mas tamb\u00e9m os funcion\u00e1rios das empresas parceiras para as quais gerenciamos o marketing. As empresas parceiras tamb\u00e9m endossam esta pol\u00edtica de recursos humanos assinando-a, reconhecendo assim sua boa vontade e responsabilidades. <\/p>\n\n\n\n<p><strong>Vis\u00e3o:<\/strong> A gest\u00e3o de recursos humanos \u00e9 a pedra angular do sucesso da nossa empresa. Nossa pol\u00edtica de recursos humanos visa maximizar os talentos dos nossos colaboradores, incentivar a colabora\u00e7\u00e3o e priorizar a satisfa\u00e7\u00e3o dos funcion\u00e1rios. <\/p>\n\n\n\n<p><strong>Miss\u00e3o:<\/strong> Nossa miss\u00e3o \u00e9 criar um ambiente onde todos os colaboradores da nossa empresa tenham a oportunidade de desenvolver suas habilidades e progredir em suas carreiras. Nossa pol\u00edtica de recursos humanos visa estabelecer uma cultura de trabalho justa, respeitosa, que apoie a diversidade e que seja baseada em valores \u00e9ticos. <\/p>\n\n\n\n<p><strong>Miss\u00e3o:<\/strong> Nossa miss\u00e3o \u00e9 criar um ambiente onde cada funcion\u00e1rio de nossa empresa tenha a oportunidade de desenvolver suas habilidades e progredir em suas carreiras. Nossa pol\u00edtica de recursos humanos visa estabelecer uma cultura de trabalho justa, respeitosa, que apoie a diversidade e baseada em valores \u00e9ticos.  <\/p>\n\n\n\n<p><strong>Miss\u00e3o:<\/strong> Nossa miss\u00e3o \u00e9 criar um ambiente onde cada funcion\u00e1rio em nossa empresa tenha a oportunidade de desenvolver suas habilidades e avan\u00e7ar em suas carreiras. Nossa pol\u00edtica de recursos humanos visa estabelecer uma cultura de trabalho justa, respeitosa, que apoie a diversidade e baseada em valores \u00e9ticos. <\/p>\n\n\n\n<p><strong>Bem-estar do colaborador:<\/strong> A seguran\u00e7a e a sa\u00fade dos nossos colaboradores s\u00e3o a nossa prioridade. Comprometemo-nos a melhorar continuamente as condi\u00e7\u00f5es de trabalho, tomando medidas de sa\u00fade e seguran\u00e7a ocupacional. Apoiamos o equil\u00edbrio entre a vida pessoal e profissional e pretendemos aumentar a satisfa\u00e7\u00e3o dos colaboradores.  <\/p>\n\n\n\n<p><strong>Avalia\u00e7\u00f5es de Desempenho:<\/strong> Atrav\u00e9s de avalia\u00e7\u00f5es de desempenho, avaliamos objetivamente o desempenho dos funcion\u00e1rios. Reconhecemos suas conquistas em alinhamento com os objetivos e identificamos \u00e1reas para melhoria. Seguimos um processo de avalia\u00e7\u00e3o justo e transparente.  <\/p>\n\n\n\n<p><strong>Comunica\u00e7\u00e3o e Colabora\u00e7\u00e3o:<\/strong> A comunica\u00e7\u00e3o aberta e a colabora\u00e7\u00e3o formam a base da nossa cultura empresarial. Valorizamos as opini\u00f5es e sugest\u00f5es dos nossos colaboradores. Facilitamos a comunica\u00e7\u00e3o eficaz entre a gest\u00e3o e os colaboradores e incentivamos a participa\u00e7\u00e3o em todos os n\u00edveis.  <\/p>\n\n\n\n<p><strong>Valores \u00c9ticos:<\/strong> Comprometemo-nos a realizar o nosso trabalho de acordo com valores \u00e9ticos. Trabalhamos com justi\u00e7a, honestidade e respeito, agindo com transpar\u00eancia e veracidade. <\/p>\n\n\n\n<p>Esta Pol\u00edtica de Recursos Humanos demonstra a nossa compreens\u00e3o do valor dos nossos colaboradores na Steeling.net e empresas parceiras e o nosso compromisso em apoiar o seu desenvolvimento e satisfa\u00e7\u00e3o.<\/p>\n<\/div>\n<\/div><\/div>\n","protected":false},"excerpt":{"rendered":"","protected":false},"author":1,"featured_media":0,"parent":0,"menu_order":0,"comment_status":"closed","ping_status":"closed","template":"","meta":{"footnotes":""},"class_list":["post-46750","page","type-page","status-publish","hentry"],"_links":{"self":[{"href":"https:\/\/steeling.net\/pt-br\/wp-json\/wp\/v2\/pages\/46750","targetHints":{"allow":["GET"]}}],"collection":[{"href":"https:\/\/steeling.net\/pt-br\/wp-json\/wp\/v2\/pages"}],"about":[{"href":"https:\/\/steeling.net\/pt-br\/wp-json\/wp\/v2\/types\/page"}],"author":[{"embeddable":true,"href":"https:\/\/steeling.net\/pt-br\/wp-json\/wp\/v2\/users\/1"}],"replies":[{"embeddable":true,"href":"https:\/\/steeling.net\/pt-br\/wp-json\/wp\/v2\/comments?post=46750"}],"version-history":[{"count":1,"href":"https:\/\/steeling.net\/pt-br\/wp-json\/wp\/v2\/pages\/46750\/revisions"}],"predecessor-version":[{"id":46751,"href":"https:\/\/steeling.net\/pt-br\/wp-json\/wp\/v2\/pages\/46750\/revisions\/46751"}],"wp:attachment":[{"href":"https:\/\/steeling.net\/pt-br\/wp-json\/wp\/v2\/media?parent=46750"}],"curies":[{"name":"wp","href":"https:\/\/api.w.org\/{rel}","templated":true}]}}