{"id":46735,"date":"2023-09-14T13:13:54","date_gmt":"2023-09-14T10:13:54","guid":{"rendered":"https:\/\/steeling.net\/politica-de-responsabilidade-social-corporativa\/"},"modified":"2026-04-25T00:48:34","modified_gmt":"2026-04-24T21:48:34","slug":"politica-de-responsabilidade-social-corporativa","status":"publish","type":"page","link":"https:\/\/steeling.net\/pt-br\/politica-de-responsabilidade-social-corporativa\/","title":{"rendered":"Pol\u00edtica de Responsabilidade Social Corporativa"},"content":{"rendered":"\n<div id=\"wp-block-themeisle-blocks-advanced-columns-507201e4\" class=\"wp-block-themeisle-blocks-advanced-columns alignwide has-1-columns has-desktop-equal-layout has-tablet-equal-layout has-mobile-equal-layout has-vertical-unset\"><div class=\"wp-block-themeisle-blocks-advanced-columns-overlay\"><\/div><div class=\"innerblocks-wrap\">\n<main id=\"wp-block-themeisle-blocks-advanced-column-cc0f2535\" class=\"wp-block-themeisle-blocks-advanced-column\">\n<h1 class=\"wp-block-heading\">Steeling.net Pol\u00edtica de Responsabilidade Social Corporativa<\/h1>\n\n\n\n<p><strong>Vis\u00e3o:<\/strong> Na Steeling.net, pretendemos n\u00e3o s\u00f3 ser l\u00edderes no marketing de produtos de a\u00e7o, mas tamb\u00e9m ser pioneiros na cria\u00e7\u00e3o de um impacto positivo no ambiente, na sociedade e nos stakeholders. Conduzimos nossas opera\u00e7\u00f5es para apoiar o desenvolvimento social e assumir a responsabilidade no campo da sustentabilidade.<\/p>\n\n\n\n<p><span style=\"box-sizing: border-box; font-weight: bolder;\">Miss\u00e3o:<\/span> Nossa miss\u00e3o \u00e9 produzir produtos de alta qualidade, respeitando o meio ambiente, sendo sens\u00edveis \u00e0s necessidades da sociedade e atendendo \u00e0s expectativas de nossos stakeholders. Atuamos de acordo com os princ\u00edpios de responsabilidade social corporativa, considerando a agrega\u00e7\u00e3o de valor aos nossos funcion\u00e1rios, \u00e0 sociedade e ao meio ambiente como nosso princ\u00edpio fundamental.<\/p>\n\n\n\n<p><strong>Responsabilidade Ambiental:<\/strong> Estamos cientes da nossa responsabilidade ambiental. Estamos comprometidos em aumentar a efici\u00eancia energ\u00e9tica e de recursos, reduzir o desperd\u00edcio, promover a reciclagem e investir em tecnologias ecol\u00f3gicas para conduzir nossas opera\u00e7\u00f5es de forma sustent\u00e1vel. <\/p>\n\n\n\n<p><strong>Contribui\u00e7\u00e3o Social:<\/strong> Cumprimos nossa responsabilidade social engajando-nos em atividades de educa\u00e7\u00e3o, sa\u00fade, cultura e desenvolvimento social. Apoiamos projetos volunt\u00e1rios, oferecemos oportunidades educacionais e organizamos programas de assist\u00eancia social para aprimorar o bem-estar de nossos funcion\u00e1rios e da comunidade. <\/p>\n\n\n\n<p><strong>Bem-estar dos funcion\u00e1rios:<\/strong> Consideramos nossos funcion\u00e1rios como nossos ativos mais valiosos. Comprometermo-nos a melhorar continuamente as condi\u00e7\u00f5es de trabalho, focando em sua seguran\u00e7a e sa\u00fade. Aderimos aos princ\u00edpios de recrutamento justo, igualdade de oportunidades, desenvolvimento profissional e equil\u00edbrio entre vida pessoal e profissional. Colabora\u00e7\u00e3o com as partes interessadas: Colaborando com todas as partes interessadas, de fornecedores a clientes, visamos disseminar nossos valores de responsabilidade social corporativa. Comunica\u00e7\u00e3o transparente, compromisso com valores \u00e9ticos e relacionamentos de longo prazo est\u00e3o entre nossas principais prioridades.   <\/p>\n\n\n\n<p>Esta pol\u00edtica reflete os princ\u00edpios e metas de responsabilidade social corporativa com os quais nos comprometemos como Steeling.net. Avaliar nossas atividades sob a perspectiva da sustentabilidade e do benef\u00edcio social \u00e9 um aspecto fundamental de nosso neg\u00f3cio. <\/p>\n<\/main>\n<\/div><\/div>\n","protected":false},"excerpt":{"rendered":"","protected":false},"author":1,"featured_media":0,"parent":0,"menu_order":0,"comment_status":"closed","ping_status":"closed","template":"","meta":{"footnotes":""},"class_list":["post-46735","page","type-page","status-publish","hentry"],"_links":{"self":[{"href":"https:\/\/steeling.net\/pt-br\/wp-json\/wp\/v2\/pages\/46735","targetHints":{"allow":["GET"]}}],"collection":[{"href":"https:\/\/steeling.net\/pt-br\/wp-json\/wp\/v2\/pages"}],"about":[{"href":"https:\/\/steeling.net\/pt-br\/wp-json\/wp\/v2\/types\/page"}],"author":[{"embeddable":true,"href":"https:\/\/steeling.net\/pt-br\/wp-json\/wp\/v2\/users\/1"}],"replies":[{"embeddable":true,"href":"https:\/\/steeling.net\/pt-br\/wp-json\/wp\/v2\/comments?post=46735"}],"version-history":[{"count":1,"href":"https:\/\/steeling.net\/pt-br\/wp-json\/wp\/v2\/pages\/46735\/revisions"}],"predecessor-version":[{"id":46736,"href":"https:\/\/steeling.net\/pt-br\/wp-json\/wp\/v2\/pages\/46735\/revisions\/46736"}],"wp:attachment":[{"href":"https:\/\/steeling.net\/pt-br\/wp-json\/wp\/v2\/media?parent=46735"}],"curies":[{"name":"wp","href":"https:\/\/api.w.org\/{rel}","templated":true}]}}