{"id":29780,"date":"2024-01-05T02:14:56","date_gmt":"2024-01-04T23:14:56","guid":{"rendered":"https:\/\/steeling.net\/request-your-custom-metal-solutions-quote-today\/"},"modified":"2026-03-15T00:48:19","modified_gmt":"2026-03-14T21:48:19","slug":"request-your-custom-metal-solutions-quote-today","status":"publish","type":"page","link":"https:\/\/steeling.net\/pt-br\/request-your-custom-metal-solutions-quote-today\/","title":{"rendered":"Pedem a vossa oferta de solu\u00e7\u00f5es de metal personalizados hoje!"},"content":{"rendered":"\n<div id=\"wp-block-themeisle-blocks-advanced-columns-fc8b658d\" class=\"wp-block-themeisle-blocks-advanced-columns has-2-columns has-desktop-equal-layout has-tablet-equal-layout has-mobile-collapsedRows-layout has-vertical-top\"><div class=\"wp-block-themeisle-blocks-advanced-columns-overlay\"><\/div><div class=\"innerblocks-wrap\">\n<div id=\"wp-block-themeisle-blocks-advanced-column-266f21cb\" class=\"wp-block-themeisle-blocks-advanced-column card has-light-bg\">\n<h1 class=\"wp-block-heading has-text-align-center\">Pedem a vossa oferta de solu\u00e7\u00f5es de metal personalizados hoje!<\/h1>\n\n\n\n<div id=\"wp-block-themeisle-blocks-form-72a3287a\" class=\"wp-block-themeisle-blocks-form has-captcha\" data-option-name=\"bf9b28ff82ce323187abc5d0feb0d8f07ecd8436_72a3287a\"><form class=\"otter-form__container\">\n<div id=\"wp-block-themeisle-blocks-form-input-236a784e\" class=\"wp-block-themeisle-blocks-form-input is-style-hidden-label\"><label for=\"wp-block-themeisle-blocks-form-input-236a784e-input\" class=\"otter-form-input-label\"><span class=\"otter-form-input-label__label\">Nome<\/span><span class=\"required\">*<\/span><\/label><input type=\"text\" id=\"wp-block-themeisle-blocks-form-input-236a784e-input\" required=\"\" placeholder=\"Nome\" class=\"otter-form-input\"><\/div>\n\n\n\n<div id=\"wp-block-themeisle-blocks-form-input-80534768\" class=\"wp-block-themeisle-blocks-form-input is-style-hidden-label\"><label for=\"wp-block-themeisle-blocks-form-input-80534768-input\" class=\"otter-form-input-label\"><span class=\"otter-form-input-label__label\">Email<\/span><span class=\"required\">*<\/span><\/label><input type=\"email\" id=\"wp-block-themeisle-blocks-form-input-80534768-input\" required=\"\" placeholder=\"Email\" class=\"otter-form-input\"><\/div>\n\n\n\n<div id=\"wp-block-themeisle-blocks-form-input-cc396bec\" class=\"wp-block-themeisle-blocks-form-input is-style-hidden-label\"><label for=\"wp-block-themeisle-blocks-form-input-cc396bec-input\" class=\"otter-form-input-label\"><span class=\"otter-form-input-label__label\">Telefone<\/span><\/label><input type=\"number\" id=\"wp-block-themeisle-blocks-form-input-cc396bec-input\" placeholder=\"Telefone\" class=\"otter-form-input\"><\/div>\n\n\n\n\n\n<div id=\"wp-block-themeisle-blocks-form-textarea-c65bf0ae\" class=\"wp-block-themeisle-blocks-form-textarea is-style-hidden-label\"><label for=\"wp-block-themeisle-blocks-form-textarea-c65bf0ae-input\" class=\"otter-form-textarea-label\"><span class=\"otter-form-textarea-label__label\">Mensagem<\/span><\/label><textarea id=\"wp-block-themeisle-blocks-form-textarea-c65bf0ae-input\" placeholder=\"Mensagem\" rows=\"10\" class=\"otter-form-textarea-input\"><\/textarea><\/div>\n\n\n\n\n<div class=\"wp-block-button full\"><button class=\"wp-block-button__link\" type=\"submit\">Submit<\/button><\/div><\/form><\/div>\n<\/div>\n\n\n\n<div id=\"wp-block-themeisle-blocks-advanced-column-dad570aa\" class=\"wp-block-themeisle-blocks-advanced-column\">\n<figure class=\"wp-block-image size-large\"><img fetchpriority=\"high\" decoding=\"async\" width=\"1024\" height=\"399\" src=\"https:\/\/steeling.net\/wp-content\/uploads\/2024\/02\/steeling-about-page-spare-parts-workshop-create-with-DALL-E-1024x399.webp\" alt=\"\" class=\"wp-image-29740\" title=\"\"><\/figure>\n\n\n\n<p><strong>Solu\u00e7\u00f5es Personalizadas em Metal ao Seu Alcance!<\/strong><\/p>\n\n\n\n<p>Bem-vindo ao Steeling.Net, seu portal para os melhores fabricantes da ind\u00fastria metal\u00fargica da Turquia. Especializados em uma ampla gama de produtos e servi\u00e7os, atendemos empresas e atacadistas em todo o mundo que buscam excel\u00eancia em metalurgia. Nossa rede de parceiros \u00e9 rica em experi\u00eancia, oferecendo de tudo, desde processamento de chapas e a\u00e7o at\u00e9 m\u00e1quinas complexas e equipamentos automotivos.  <\/p>\n\n\n\n<p><strong>Por que escolher Steeling.Net?<\/strong><\/p>\n\n\n\n<ul class=\"wp-block-list\">\n<li><strong>Ampla Gama de Materiais<\/strong>: De chapas met\u00e1licas a a\u00e7o, alum\u00ednio e muito mais, nossos parceiros fornecem uma vasta sele\u00e7\u00e3o para atender a todas as suas necessidades de metal.<\/li>\n\n\n\n<li><strong>Servi\u00e7os Abrangentes<\/strong>: Seja corte, dobra, usinagem ou solu\u00e7\u00f5es de engenharia, oferecemos um espectro completo de servi\u00e7os para dar vida \u00e0 sua vis\u00e3o.<\/li>\n\n\n\n<li><strong>Produtos de Qualidade<\/strong>: Nosso cat\u00e1logo inclui tubos, perfis, sistemas de prateleiras e muito mais, todos adaptados \u00e0s suas necessidades espec\u00edficas.<\/li>\n<\/ul>\n\n\n\n<p><strong>Conecte-se com Fabricantes Turcos de Classe Mundial<\/strong> A Steeling.Net preenche a lacuna entre voc\u00ea e os principais fabricantes turcos, garantindo que voc\u00ea receba solu\u00e7\u00f5es met\u00e1licas de longo prazo, confi\u00e1veis e econ\u00f4micas.<\/p>\n\n\n\n<p><strong>Receba seu or\u00e7amento agora!<\/strong> Pronto para explorar como podemos fazer a diferen\u00e7a no seu projeto? Preencha nosso formul\u00e1rio de solicita\u00e7\u00e3o de or\u00e7amento com suas necessidades espec\u00edficas e conectaremos voc\u00ea \u00e0s melhores solu\u00e7\u00f5es prontamente. Sua jornada para qualidade e acessibilidade na ind\u00fastria metal\u00fargica come\u00e7a aqui! <\/p>\n<\/div>\n<\/div><\/div>\n","protected":false},"excerpt":{"rendered":"","protected":false},"author":1,"featured_media":29734,"parent":0,"menu_order":0,"comment_status":"closed","ping_status":"closed","template":"elementor_theme","meta":{"footnotes":""},"class_list":["post-29780","page","type-page","status-publish","has-post-thumbnail","hentry"],"_links":{"self":[{"href":"https:\/\/steeling.net\/pt-br\/wp-json\/wp\/v2\/pages\/29780","targetHints":{"allow":["GET"]}}],"collection":[{"href":"https:\/\/steeling.net\/pt-br\/wp-json\/wp\/v2\/pages"}],"about":[{"href":"https:\/\/steeling.net\/pt-br\/wp-json\/wp\/v2\/types\/page"}],"author":[{"embeddable":true,"href":"https:\/\/steeling.net\/pt-br\/wp-json\/wp\/v2\/users\/1"}],"replies":[{"embeddable":true,"href":"https:\/\/steeling.net\/pt-br\/wp-json\/wp\/v2\/comments?post=29780"}],"version-history":[{"count":3,"href":"https:\/\/steeling.net\/pt-br\/wp-json\/wp\/v2\/pages\/29780\/revisions"}],"predecessor-version":[{"id":45525,"href":"https:\/\/steeling.net\/pt-br\/wp-json\/wp\/v2\/pages\/29780\/revisions\/45525"}],"wp:featuredmedia":[{"embeddable":true,"href":"https:\/\/steeling.net\/pt-br\/wp-json\/wp\/v2\/media\/29734"}],"wp:attachment":[{"href":"https:\/\/steeling.net\/pt-br\/wp-json\/wp\/v2\/media?parent=29780"}],"curies":[{"name":"wp","href":"https:\/\/api.w.org\/{rel}","templated":true}]}}