{"id":28818,"date":"2021-08-30T11:47:49","date_gmt":"2021-08-30T08:47:49","guid":{"rendered":"https:\/\/steeling.net\/sobre-nos\/"},"modified":"2024-12-13T02:16:46","modified_gmt":"2024-12-12T23:16:46","slug":"sobre-nos","status":"publish","type":"page","link":"https:\/\/steeling.net\/pt-br\/sobre-nos\/","title":{"rendered":"Sobre n\u00f3s"},"content":{"rendered":"\n<div id=\"wp-block-themeisle-blocks-advanced-columns-67cdd78b\" class=\"wp-block-themeisle-blocks-advanced-columns alignwide has-1-columns has-desktop-equal-layout has-tablet-equal-layout has-mobile-equal-layout has-vertical-unset\"><div class=\"wp-block-themeisle-blocks-advanced-columns-overlay\"><\/div><div class=\"innerblocks-wrap\">\n<div id=\"wp-block-themeisle-blocks-advanced-column-7b1988da\" class=\"wp-block-themeisle-blocks-advanced-column\">\n<figure class=\"wp-block-image size-large is-resized\"><img fetchpriority=\"high\" decoding=\"async\" width=\"1066\" height=\"694\" src=\"https:\/\/steeling.net\/wp-content\/uploads\/2023\/09\/plasma-cutting-works-1066x694.webp\" alt=\"\" class=\"wp-image-26916\" style=\"object-fit:cover;width:1236px;height:400px\" title=\"\"><\/figure>\n\n\n<h1 class=\"wp-block-post-title\">Sobre n\u00f3s<\/h1>\n\n\n<p><strong>Quem somos<\/strong><\/p>\n\n\n\n<p>A Steeling.Net \u00e9 uma plataforma pioneira que conecta os principais fabricantes de chapas met\u00e1licas e processamento de a\u00e7o da Turquia com empresas e atacadistas de todo o mundo que utilizam produtos de metal.\nCom uma hist\u00f3ria profundamente enraizada no setor de metais e uma ampla rede de produtores, oferecemos solu\u00e7\u00f5es em metais de alta qualidade, confi\u00e1veis e com pre\u00e7os competitivos, adaptadas para atender \u00e0s diversas necessidades de nossa clientela global. <\/p>\n\n\n\n<p><strong>Nossa experi\u00eancia<\/strong><\/p>\n\n\n\n<p>Nossa experi\u00eancia abrange uma ampla gama de materiais, incluindo chapas met\u00e1licas, a\u00e7o, alum\u00ednio e outros metais especiais, garantindo que possamos atender aos requisitos espec\u00edficos de qualquer projeto. Nossos fabricantes parceiros s\u00e3o meticulosamente selecionados por seu compromisso com a qualidade e a inova\u00e7\u00e3o, o que nos torna um nome confi\u00e1vel na produ\u00e7\u00e3o de metais. <\/p>\n\n\n\n<p><strong>Servi\u00e7os que oferecemos<\/strong><\/p>\n\n\n\n<p>A Steeling.Net oferece uma ampla gama de servi\u00e7os projetados para atender a todos os aspectos do processamento de metais:<\/p>\n\n\n\n<ul class=\"wp-block-list\">\n<li><strong><a href=\"https:\/\/steeling.net\/services\/\" data-type=\"page\" data-id=\"12963\">Corte<\/a>:<\/strong> Servi\u00e7os de corte de precis\u00e3o para atender \u00e0s especifica\u00e7\u00f5es exatas, seja para produ\u00e7\u00e3o em larga escala ou projetos personalizados.<\/li>\n\n\n\n<li><strong><a href=\"https:\/\/steeling.net\/pt-br\/services\/servico-de-dobragem-cnc\/\" data-type=\"page\" data-id=\"26910\">Dobra<\/a>:<\/strong> T\u00e9cnicas avan\u00e7adas de dobra que garantem precis\u00e3o e repetibilidade em todos os tipos de metal.<\/li>\n\n\n\n<li><strong><a href=\"https:\/\/steeling.net\/pt-br\/services\/servicos-de-usinagem\/\" data-type=\"page\" data-id=\"26911\">Usinagem<\/a>:<\/strong> Usinagem CNC de \u00faltima gera\u00e7\u00e3o para componentes met\u00e1licos complexos e detalhados.<\/li>\n\n\n\n<li><strong>Moldagem e fundi\u00e7\u00e3o:<\/strong> Servi\u00e7os de moldagem e fundi\u00e7\u00e3o de alta qualidade para pe\u00e7as met\u00e1licas dur\u00e1veis e precisas.<\/li>\n\n\n\n<li><strong>Prototipagem:<\/strong> Servi\u00e7os de prototipagem r\u00e1pida que ajudam a dar vida aos seus conceitos de forma r\u00e1pida e eficiente.<\/li>\n\n\n\n<li><strong>Engenharia:<\/strong> Servi\u00e7os especializados de engenharia para otimizar a funcionalidade e o design de seus produtos de metal.<\/li>\n\n\n\n<li><strong><a href=\"https:\/\/steeling.net\/pt-br\/products\/corte-no-tamanho-certo\/\" data-type=\"page\" data-id=\"26961\">Corte sob medida<\/a>:<\/strong> Op\u00e7\u00f5es personalizadas de corte sob medida que reduzem o desperd\u00edcio e aumentam a efici\u00eancia em sua cadeia de suprimentos.<\/li>\n<\/ul>\n\n\n\n<p><strong>Nossos produtos<\/strong><\/p>\n\n\n\n<p>Nossa linha de produtos \u00e9 extensa, incluindo, entre outros, os seguintes:<\/p>\n\n\n\n<ul class=\"wp-block-list\">\n<li><strong><a href=\"https:\/\/steeling.net\/pt-br\/materials\/aco-carbono\/36243-2\/\" data-type=\"page\" data-id=\"27551\">Tubos<\/a> e perfis:<\/strong> Tubos e perfis dur\u00e1veis e projetados com precis\u00e3o, adequados para v\u00e1rias aplica\u00e7\u00f5es industriais.<\/li>\n\n\n\n<li><strong>Sistemas de estantes:<\/strong> Solu\u00e7\u00f5es de estantes personaliz\u00e1veis para necessidades de varejo, industriais e de armazenamento.<\/li>\n\n\n\n<li><strong>Conex\u00f5es estruturais:<\/strong> Conectores estruturais robustos projetados para proporcionar estabilidade e longevidade na constru\u00e7\u00e3o.<\/li>\n\n\n\n<li><strong>Estandes e molduras:<\/strong> Estandes e estruturas personalizados projetados para v\u00e1rios usos em diferentes setores.<\/li>\n\n\n\n<li><strong>M\u00e1quinas e pe\u00e7as:<\/strong> m\u00e1quinas de alto desempenho e pe\u00e7as de reposi\u00e7\u00e3o para opera\u00e7\u00f5es industriais.<\/li>\n\n\n\n<li><strong>Equipamentos automotivos:<\/strong> Pe\u00e7as e equipamentos automotivos de alta qualidade fabricados de acordo com os rigorosos padr\u00f5es do setor.<\/li>\n\n\n\n<li><strong>M\u00f3veis:<\/strong> Pe\u00e7as de m\u00f3veis de metal que combinam est\u00e9tica e funcionalidade para uso interno e externo.<\/li>\n<\/ul>\n\n\n\n\n<div id=\"rank-math-faq\" class=\"rank-math-block\">\n<div class=\"rank-math-list \">\n<div id=\"faq-question-1713725796546\" class=\"rank-math-list-item\">\n<h3 class=\"rank-math-question \">Por que escolher Steeling.Net?<\/h3>\n<div class=\"rank-math-answer \">\n\n<p>Escolher a Steeling.Net significa fazer parceria com um l\u00edder no setor de produ\u00e7\u00e3o de metais conhecido por:<br \/><strong>Confiabilidade:<\/strong> Fornecemos produtos e servi\u00e7os de alta qualidade com os quais voc\u00ea pode contar.<br \/><strong>Inova\u00e7\u00e3o:<\/strong> Inova\u00e7\u00e3o cont\u00ednua em t\u00e9cnicas de processamento de metais para fornecer solu\u00e7\u00f5es avan\u00e7adas.<br \/><strong>Custo-benef\u00edcio:<\/strong> Pre\u00e7os competitivos sem comprometer a qualidade ou o desempenho.<br \/><strong>Abordagem centrada no cliente:<\/strong> Priorizamos suas necessidades e trabalhamos diligentemente para superar suas expectativas.<\/p>\n\n<\/div>\n<\/div>\n<\/div>\n<\/div>\n\n\n<p><\/p>\n\n\n\n<ul class=\"wp-block-list\">\n<li><\/li>\n<\/ul>\n<\/div>\n<\/div><\/div>\n","protected":false},"excerpt":{"rendered":"","protected":false},"author":1,"featured_media":0,"parent":0,"menu_order":0,"comment_status":"closed","ping_status":"closed","template":"","meta":{"footnotes":""},"class_list":["post-28818","page","type-page","status-publish","hentry"],"_links":{"self":[{"href":"https:\/\/steeling.net\/pt-br\/wp-json\/wp\/v2\/pages\/28818","targetHints":{"allow":["GET"]}}],"collection":[{"href":"https:\/\/steeling.net\/pt-br\/wp-json\/wp\/v2\/pages"}],"about":[{"href":"https:\/\/steeling.net\/pt-br\/wp-json\/wp\/v2\/types\/page"}],"author":[{"embeddable":true,"href":"https:\/\/steeling.net\/pt-br\/wp-json\/wp\/v2\/users\/1"}],"replies":[{"embeddable":true,"href":"https:\/\/steeling.net\/pt-br\/wp-json\/wp\/v2\/comments?post=28818"}],"version-history":[{"count":0,"href":"https:\/\/steeling.net\/pt-br\/wp-json\/wp\/v2\/pages\/28818\/revisions"}],"wp:attachment":[{"href":"https:\/\/steeling.net\/pt-br\/wp-json\/wp\/v2\/media?parent=28818"}],"curies":[{"name":"wp","href":"https:\/\/api.w.org\/{rel}","templated":true}]}}