{"id":46766,"date":"2023-09-12T10:46:59","date_gmt":"2023-09-12T07:46:59","guid":{"rendered":"https:\/\/steeling.net\/polityka-prywatnosci\/"},"modified":"2026-04-27T10:47:22","modified_gmt":"2026-04-27T07:47:22","slug":"polityka-prywatnosci","status":"publish","type":"page","link":"https:\/\/steeling.net\/pl\/polityka-prywatnosci\/","title":{"rendered":"Polityka Prywatno\u015bci"},"content":{"rendered":"\t\t<div data-elementor-type=\"wp-page\" data-elementor-id=\"46766\" class=\"elementor elementor-46766 elementor-3\" data-elementor-post-type=\"page\">\n\t\t\t\t\t\t<section class=\"elementor-section elementor-top-section elementor-element elementor-element-edc7b65 elementor-section-boxed elementor-section-height-default elementor-section-height-default\" data-id=\"edc7b65\" data-element_type=\"section\" data-e-type=\"section\">\n\t\t\t\t\t\t<div class=\"elementor-container elementor-column-gap-default\">\n\t\t\t\t\t<div class=\"elementor-column elementor-col-100 elementor-top-column elementor-element elementor-element-dd788dd\" data-id=\"dd788dd\" data-element_type=\"column\" data-e-type=\"column\">\n\t\t\t<div class=\"elementor-widget-wrap elementor-element-populated\">\n\t\t\t\t\t\t<div class=\"elementor-element elementor-element-25cff27a elementor-widget elementor-widget-text-editor\" data-id=\"25cff27a\" data-element_type=\"widget\" data-e-type=\"widget\" data-widget_type=\"text-editor.default\">\n\t\t\t\t<div class=\"elementor-widget-container\">\n\t\t\t\t\t\t\t\t\t<p>Ostatnia aktualizacja: [Update Date]<\/p>\n<p>Dzi\u0119kujemy za skorzystanie z naszych us\u0142ug online (zwanych dalej &#8222;Us\u0142ugami&#8221;). Twoja prywatno\u015b\u0107 jest dla nas bardzo wa\u017cna. Niniejsza polityka prywatno\u015bci zawiera informacje o tym, jakie rodzaje informacji zbieramy, w jaki spos\u00f3b s\u0105 one wykorzystywane i jak je chronimy.  <\/p>\n<p><strong>Gromadzenie i wykorzystywanie informacji<\/strong><\/p>\n<p>Podczas korzystania z naszych Us\u0142ug mo\u017cemy zbiera\u0107 pewne dane osobowe. Informacje te mog\u0105 by\u0107 zbierane bezpo\u015brednio od Ciebie lub automatycznie. Gromadzone przez nas dane osobowe, ale nie tylko, mog\u0105 obejmowa\u0107:  <\/p>\n<p>Twoje imi\u0119, dane kontaktowe i inne dane identyfikuj\u0105ce.<\/p>\n<p>Informacje techniczne dotycz\u0105ce przegl\u0105darki internetowej i urz\u0105dzenia.<\/p>\n<p>Informacje o tym, jak korzystasz z naszych Us\u0142ug, statystyki wy\u015bwietle\u0144 stron, ruchu i inne dane dotycz\u0105ce komunikacji.<\/p>\n<p>Mo\u017cemy wykorzysta\u0107 te informacje w nast\u0119puj\u0105cych celach:<\/p>\n<p>Aby \u015bwiadczy\u0107 i zarz\u0105dza\u0107 dla Ciebie Naszymi Us\u0142ugami.<\/p>\n<p>Aby ulepszy\u0107, spersonalizowa\u0107 i usprawni\u0107 nasze Us\u0142ugi.<\/p>\n<p>Aby komunikowa\u0107 si\u0119 z Pa\u0144stwem i wysy\u0142a\u0107 Pa\u0144stwu informacje.<\/p>\n<p>Aby wype\u0142ni\u0107 nasze zobowi\u0105zania prawne.<\/p>\n<p><strong>Pliki cookie<\/strong><\/p>\n<p>Pliki cookie to ma\u0142e pliki danych, kt\u00f3re zazwyczaj s\u0105 umieszczane na Twoim urz\u0105dzeniu za po\u015brednictwem przegl\u0105darki internetowej. Mo\u017cemy u\u017cywa\u0107 plik\u00f3w cookie podczas korzystania z Naszych Us\u0142ug. Pliki cookie mog\u0105 pom\u00f3c nam zapami\u0119ta\u0107 Twoje preferencje, zapewni\u0107 bezpiecze\u0144stwo i zebra\u0107 dane dotycz\u0105ce wydajno\u015bci.  <\/p>\n<p><strong>Twoje prawa dotycz\u0105ce prywatno\u015bci<\/strong><\/p>\n<p>Rozumiemy Twoje prawo do ochrony prywatno\u015bci Twoich danych osobowych. Masz prawo wiedzie\u0107, jakie informacje s\u0105 gromadzone, jak s\u0105 wykorzystywane i z kim s\u0105 udost\u0119pniane. Ponadto masz prawo \u017c\u0105da\u0107 poprawienia, usuni\u0119cia lub ograniczenia wykorzystania Twoich informacji.  <\/p>\n<p>Aby skorzysta\u0107 z praw okre\u015blonych w niniejszej Polityce Prywatno\u015bci lub zada\u0107 pytania dotycz\u0105ce Twoich danych osobowych, mo\u017cesz skontaktowa\u0107 si\u0119 z nami za po\u015brednictwem sekcji [Dane kontaktowe].<\/p>\n<p><strong>Zmiany Polityki Prywatno\u015bci<\/strong><\/p>\n<p>Niniejsza polityka prywatno\u015bci mo\u017ce by\u0107 okresowo aktualizowana. Po wprowadzeniu zmian zaktualizujemy dat\u0119 ostatniej aktualizacji. Obowi\u0105zkiem u\u017cytkownika jest \u015bledzenie tych zmian, a dalsze korzystanie z naszych Us\u0142ug b\u0119dzie oznacza\u0107 akceptacj\u0119 zmian.  <\/p>\n<p>Wi\u0119cej informacji mo\u017cna uzyska\u0107, kontaktuj\u0105c si\u0119 z nami za po\u015brednictwem sekcji [Dane kontaktowe].<\/p>\t\t\t\t\t\t\t\t<\/div>\n\t\t\t\t<\/div>\n\t\t\t\t\t<\/div>\n\t\t<\/div>\n\t\t\t\t\t<\/div>\n\t\t<\/section>\n\t\t\t\t<\/div>\n\t\t","protected":false},"excerpt":{"rendered":"<p>Ostatnia aktualizacja: [Update Date] Dzi\u0119kujemy za skorzystanie z naszych us\u0142ug online (zwanych dalej &#8222;Us\u0142ugami&#8221;). Twoja prywatno\u015b\u0107 jest dla nas bardzo wa\u017cna. Niniejsza polityka prywatno\u015bci zawiera informacje o tym, jakie rodzaje informacji zbieramy, w jaki spos\u00f3b s\u0105 one wykorzystywane i jak je chronimy. Gromadzenie i wykorzystywanie informacji Podczas korzystania z naszych Us\u0142ug mo\u017cemy zbiera\u0107 pewne dane [&hellip;]<\/p>\n","protected":false},"author":1,"featured_media":0,"parent":0,"menu_order":0,"comment_status":"closed","ping_status":"closed","template":"","meta":{"footnotes":""},"class_list":["post-46766","page","type-page","status-publish","hentry"],"_links":{"self":[{"href":"https:\/\/steeling.net\/pl\/wp-json\/wp\/v2\/pages\/46766","targetHints":{"allow":["GET"]}}],"collection":[{"href":"https:\/\/steeling.net\/pl\/wp-json\/wp\/v2\/pages"}],"about":[{"href":"https:\/\/steeling.net\/pl\/wp-json\/wp\/v2\/types\/page"}],"author":[{"embeddable":true,"href":"https:\/\/steeling.net\/pl\/wp-json\/wp\/v2\/users\/1"}],"replies":[{"embeddable":true,"href":"https:\/\/steeling.net\/pl\/wp-json\/wp\/v2\/comments?post=46766"}],"version-history":[{"count":1,"href":"https:\/\/steeling.net\/pl\/wp-json\/wp\/v2\/pages\/46766\/revisions"}],"predecessor-version":[{"id":46767,"href":"https:\/\/steeling.net\/pl\/wp-json\/wp\/v2\/pages\/46766\/revisions\/46767"}],"wp:attachment":[{"href":"https:\/\/steeling.net\/pl\/wp-json\/wp\/v2\/media?parent=46766"}],"curies":[{"name":"wp","href":"https:\/\/api.w.org\/{rel}","templated":true}]}}