{"id":46748,"date":"2023-09-14T13:18:04","date_gmt":"2023-09-14T10:18:04","guid":{"rendered":"https:\/\/steeling.net\/polityka-kadr\/"},"modified":"2026-04-26T11:31:59","modified_gmt":"2026-04-26T08:31:59","slug":"polityka-kadr","status":"publish","type":"page","link":"https:\/\/steeling.net\/pl\/polityka-kadr\/","title":{"rendered":"Polityka Kadr"},"content":{"rendered":"\n<div id=\"wp-block-themeisle-blocks-advanced-columns-3168f849\" class=\"wp-block-themeisle-blocks-advanced-columns alignwide has-1-columns has-desktop-equal-layout has-tablet-equal-layout has-mobile-equal-layout has-vertical-unset\"><div class=\"wp-block-themeisle-blocks-advanced-columns-overlay\"><\/div><div class=\"innerblocks-wrap\">\n<div id=\"wp-block-themeisle-blocks-advanced-column-ec8a0547\" class=\"wp-block-themeisle-blocks-advanced-column\">\n<h1 class=\"wp-block-heading\">Polityka Kadr<\/h1>\n\n\n\n<p><strong>Zakres<\/strong>: Nasza polityka zasob\u00f3w ludzkich obejmuje nie tylko pracownik\u00f3w Steeling.net, ale tak\u017ce pracownik\u00f3w firm partnerskich, dla kt\u00f3rych prowadzimy marketing. Firmy partnerskie r\u00f3wnie\u017c zatwierdzaj\u0105 t\u0119 polityk\u0119 zasob\u00f3w ludzkich, podpisuj\u0105c j\u0105, tym samym potwierdzaj\u0105c swoj\u0105 dobr\u0105 wol\u0119 i odpowiedzialno\u015b\u0107. <\/p>\n\n\n\n<p><strong>Wizja:<\/strong> Zarz\u0105dzanie zasobami ludzkimi jest kamieniem w\u0119gielnym sukcesu naszej firmy. Nasza polityka dotycz\u0105ca zasob\u00f3w ludzkich ma na celu maksymalizacj\u0119 talent\u00f3w naszych pracownik\u00f3w, promowanie wsp\u00f3\u0142pracy i priorytetyzacj\u0119 satysfakcji pracownik\u00f3w. <\/p>\n\n\n\n<p><strong>Misja:<\/strong> Nasz\u0105 misj\u0105 jest stworzenie \u015brodowiska, w kt\u00f3rym ka\u017cdy pracownik naszej firmy ma mo\u017cliwo\u015b\u0107 rozwoju swoich umiej\u0119tno\u015bci i awansu zawodowego. Nasza polityka zasob\u00f3w ludzkich ma na celu stworzenie kultury pracy, kt\u00f3ra jest sprawiedliwa, pe\u0142na szacunku, wspiera r\u00f3\u017cnorodno\u015b\u0107 i opiera si\u0119 na warto\u015bciach etycznych. <\/p>\n\n\n\n<p><strong>Selekcja i rekrutacja pracownik\u00f3w:<\/strong> Przyjmujemy sprawiedliwe i bezstronne podej\u015bcie w procesie selekcji pracownik\u00f3w. Zatrudniamy kandydat\u00f3w na podstawie ich umiej\u0119tno\u015bci, do\u015bwiadczenia i potencja\u0142u. Wspieramy r\u00f3\u017cnorodno\u015b\u0107 i przestrzegamy zasady r\u00f3wnych szans.  <\/p>\n\n\n\n<p><strong>Rozw\u00f3j zawodowy:<\/strong> Zapewniamy naszym pracownikom mo\u017cliwo\u015bci rozwoju kariery. Wspieramy ci\u0105g\u0142e doskonalenie umiej\u0119tno\u015bci i wiedzy naszych pracownik\u00f3w poprzez szkolenia, mentoring i oceny pracownicze. <\/p>\n\n\n\n<p><strong>Dbanie o dobrostan pracownik\u00f3w:<\/strong> Bezpiecze\u0144stwo i zdrowie naszych pracownik\u00f3w s\u0105 naszym priorytetem. Zobowi\u0105zujemy si\u0119 do ci\u0105g\u0142ego doskonalenia warunk\u00f3w pracy poprzez stosowanie \u015brodk\u00f3w ochrony zdrowia i bezpiecze\u0144stwa w miejscu pracy. Wspieramy r\u00f3wnowag\u0119 mi\u0119dzy \u017cyciem zawodowym a prywatnym i d\u0105\u017cymy do zwi\u0119kszenia satysfakcji pracownik\u00f3w.  <\/p>\n\n\n\n<p><strong>Oceny pracownicze:<\/strong> Poprzez oceny pracownicze obiektywnie oceniamy wyniki pracy pracownik\u00f3w. Uznajemy ich osi\u0105gni\u0119cia zgodne z celami i identyfikujemy obszary wymagaj\u0105ce poprawy. Stosujemy uczciwy i przejrzysty proces oceny.  <\/p>\n\n\n\n<p><strong>Komunikacja i wsp\u00f3\u0142praca:<\/strong> Otwarta komunikacja i wsp\u00f3\u0142praca stanowi\u0105 fundament naszej kultury korporacyjnej. Cenimy opinie i sugestie naszych pracownik\u00f3w. U\u0142atwiamy skuteczn\u0105 komunikacj\u0119 mi\u0119dzy kierownictwem a pracownikami i zach\u0119camy do udzia\u0142u na wszystkich szczeblach.  <\/p>\n\n\n\n<p><strong>Warto\u015bci etyczne:<\/strong> Zobowi\u0105zujemy si\u0119 do wykonywania naszej pracy zgodnie z warto\u015bciami etycznymi. Pracujemy w duchu sprawiedliwo\u015bci, uczciwo\u015bci i szacunku, dzia\u0142amy w spos\u00f3b przejrzysty i zgodny z prawd\u0105. <\/p>\n\n\n\n<p>Niniejsza Polityka Zasob\u00f3w Ludzkich demonstruje nasze zrozumienie warto\u015bci naszych pracownik\u00f3w w Steeling.net i firmach partnerskich oraz nasze zaanga\u017cowanie we wspieranie ich rozwoju i satysfakcji.<\/p>\n<\/div>\n<\/div><\/div>\n","protected":false},"excerpt":{"rendered":"","protected":false},"author":1,"featured_media":0,"parent":0,"menu_order":0,"comment_status":"closed","ping_status":"closed","template":"","meta":{"footnotes":""},"class_list":["post-46748","page","type-page","status-publish","hentry"],"_links":{"self":[{"href":"https:\/\/steeling.net\/pl\/wp-json\/wp\/v2\/pages\/46748","targetHints":{"allow":["GET"]}}],"collection":[{"href":"https:\/\/steeling.net\/pl\/wp-json\/wp\/v2\/pages"}],"about":[{"href":"https:\/\/steeling.net\/pl\/wp-json\/wp\/v2\/types\/page"}],"author":[{"embeddable":true,"href":"https:\/\/steeling.net\/pl\/wp-json\/wp\/v2\/users\/1"}],"replies":[{"embeddable":true,"href":"https:\/\/steeling.net\/pl\/wp-json\/wp\/v2\/comments?post=46748"}],"version-history":[{"count":1,"href":"https:\/\/steeling.net\/pl\/wp-json\/wp\/v2\/pages\/46748\/revisions"}],"predecessor-version":[{"id":46749,"href":"https:\/\/steeling.net\/pl\/wp-json\/wp\/v2\/pages\/46748\/revisions\/46749"}],"wp:attachment":[{"href":"https:\/\/steeling.net\/pl\/wp-json\/wp\/v2\/media?parent=46748"}],"curies":[{"name":"wp","href":"https:\/\/api.w.org\/{rel}","templated":true}]}}