{"id":46733,"date":"2023-09-14T13:13:54","date_gmt":"2023-09-14T10:13:54","guid":{"rendered":"https:\/\/steeling.net\/polityka-spolecznej-odpowiedzialnosci-biznesu\/"},"modified":"2026-04-25T00:47:51","modified_gmt":"2026-04-24T21:47:51","slug":"polityka-spolecznej-odpowiedzialnosci-biznesu","status":"publish","type":"page","link":"https:\/\/steeling.net\/pl\/polityka-spolecznej-odpowiedzialnosci-biznesu\/","title":{"rendered":"Polityka spo\u0142ecznej odpowiedzialno\u015bci biznesu"},"content":{"rendered":"\n<div id=\"wp-block-themeisle-blocks-advanced-columns-507201e4\" class=\"wp-block-themeisle-blocks-advanced-columns alignwide has-1-columns has-desktop-equal-layout has-tablet-equal-layout has-mobile-equal-layout has-vertical-unset\"><div class=\"wp-block-themeisle-blocks-advanced-columns-overlay\"><\/div><div class=\"innerblocks-wrap\">\n<main id=\"wp-block-themeisle-blocks-advanced-column-cc0f2535\" class=\"wp-block-themeisle-blocks-advanced-column\">\n<h1 class=\"wp-block-heading\">Steeling.net Polityka Spo\u0142ecznej Odpowiedzialno\u015bci Biznesu<\/h1>\n\n\n\n<p><strong>Wizja:<\/strong> W Steeling.net d\u0105\u017cymy nie tylko do bycia liderami w marketingu produkt\u00f3w stalowych, ale tak\u017ce do bycia pionierami w tworzeniu pozytywnego wp\u0142ywu na \u015brodowisko, spo\u0142ecze\u0144stwo i interesariuszy. Prowadzimy nasz\u0105 dzia\u0142alno\u015b\u0107, aby wspiera\u0107 rozw\u00f3j spo\u0142eczny i bra\u0107 odpowiedzialno\u015b\u0107 za zr\u00f3wnowa\u017cony rozw\u00f3j.<\/p>\n\n\n\n<p><span style=\"box-sizing: border-box; font-weight: bolder;\">Misja:<\/span> Nasz\u0105 misj\u0105 jest produkcja wysokiej jako\u015bci produkt\u00f3w, przy jednoczesnym poszanowaniu \u015brodowiska, wra\u017cliwo\u015bci na potrzeby spo\u0142eczne i spe\u0142nianiu oczekiwa\u0144 naszych interesariuszy. Dzia\u0142amy zgodnie z zasadami spo\u0142ecznej odpowiedzialno\u015bci biznesu, uznaj\u0105c tworzenie warto\u015bci dodanej dla naszych pracownik\u00f3w, spo\u0142ecze\u0144stwa i \u015brodowiska za nasz\u0105 podstawow\u0105 zasad\u0119.<\/p>\n\n\n\n<p><strong>Odpowiedzialno\u015b\u0107 za \u015brodowisko:<\/strong> Jeste\u015bmy \u015bwiadomi naszej odpowiedzialno\u015bci za \u015brodowisko. Zobowi\u0105zujemy si\u0119 do zwi\u0119kszania efektywno\u015bci energetycznej i zasobowej, ograniczania ilo\u015bci odpad\u00f3w, promowania recyklingu oraz inwestowania w przyjazne dla \u015brodowiska technologie w celu zr\u00f3wnowa\u017conego prowadzenia naszej dzia\u0142alno\u015bci. <\/p>\n\n\n\n<p><strong>Spo\u0142eczny wk\u0142ad:<\/strong> Wywi\u0105zujemy si\u0119 z naszej spo\u0142ecznej odpowiedzialno\u015bci poprzez anga\u017cowanie si\u0119 w dzia\u0142ania w dziedzinie edukacji, opieki zdrowotnej, kultury i rozwoju spo\u0142ecznego. Wspieramy projekty wolontariackie, zapewniamy mo\u017cliwo\u015bci edukacyjne i organizujemy programy pomocy spo\u0142ecznej, aby zwi\u0119kszy\u0107 dobrostan naszych pracownik\u00f3w i spo\u0142eczno\u015bci. <\/p>\n\n\n\n<p><strong>Dobre samopoczucie pracownik\u00f3w:<\/strong> Uwa\u017camy naszych pracownik\u00f3w za nasze najcenniejsze aktywa. Zobowi\u0105zujemy si\u0119 do ci\u0105g\u0142ego doskonalenia warunk\u00f3w pracy, koncentruj\u0105c si\u0119 na ich bezpiecze\u0144stwie i zdrowiu. Przestrzegamy zasad uczciwego rekrutowania, r\u00f3wnych szans, rozwoju zawodowego i r\u00f3wnowagi mi\u0119dzy \u017cyciem zawodowym a prywatnym. Wsp\u00f3\u0142praca z interesariuszami: Wsp\u00f3\u0142pracuj\u0105c ze wszystkimi interesariuszami, od dostawc\u00f3w po klient\u00f3w, d\u0105\u017cymy do rozpowszechniania naszych warto\u015bci w zakresie spo\u0142ecznej odpowiedzialno\u015bci biznesu. Transparentna komunikacja, zaanga\u017cowanie w warto\u015bci etyczne i d\u0142ugoterminowe relacje nale\u017c\u0105 do naszych priorytet\u00f3w.   <\/p>\n\n\n\n<p>Niniejsza polityka odzwierciedla zasady i cele spo\u0142ecznej odpowiedzialno\u015bci biznesu, do kt\u00f3rych zobowi\u0105zujemy si\u0119 jako Steeling.net. Ocena naszych dzia\u0142a\u0144 z perspektywy zr\u00f3wnowa\u017conego rozwoju i korzy\u015bci spo\u0142ecznych jest fundamentalnym aspektem naszej dzia\u0142alno\u015bci. <\/p>\n<\/main>\n<\/div><\/div>\n","protected":false},"excerpt":{"rendered":"","protected":false},"author":1,"featured_media":0,"parent":0,"menu_order":0,"comment_status":"closed","ping_status":"closed","template":"","meta":{"footnotes":""},"class_list":["post-46733","page","type-page","status-publish","hentry"],"_links":{"self":[{"href":"https:\/\/steeling.net\/pl\/wp-json\/wp\/v2\/pages\/46733","targetHints":{"allow":["GET"]}}],"collection":[{"href":"https:\/\/steeling.net\/pl\/wp-json\/wp\/v2\/pages"}],"about":[{"href":"https:\/\/steeling.net\/pl\/wp-json\/wp\/v2\/types\/page"}],"author":[{"embeddable":true,"href":"https:\/\/steeling.net\/pl\/wp-json\/wp\/v2\/users\/1"}],"replies":[{"embeddable":true,"href":"https:\/\/steeling.net\/pl\/wp-json\/wp\/v2\/comments?post=46733"}],"version-history":[{"count":1,"href":"https:\/\/steeling.net\/pl\/wp-json\/wp\/v2\/pages\/46733\/revisions"}],"predecessor-version":[{"id":46734,"href":"https:\/\/steeling.net\/pl\/wp-json\/wp\/v2\/pages\/46733\/revisions\/46734"}],"wp:attachment":[{"href":"https:\/\/steeling.net\/pl\/wp-json\/wp\/v2\/media?parent=46733"}],"curies":[{"name":"wp","href":"https:\/\/api.w.org\/{rel}","templated":true}]}}