{"id":29779,"date":"2024-01-05T02:14:56","date_gmt":"2024-01-04T23:14:56","guid":{"rendered":"https:\/\/steeling.net\/request-your-custom-metal-solutions-quote-today\/"},"modified":"2026-03-15T00:49:44","modified_gmt":"2026-03-14T21:49:44","slug":"request-your-custom-metal-solutions-quote-today","status":"publish","type":"page","link":"https:\/\/steeling.net\/pl\/request-your-custom-metal-solutions-quote-today\/","title":{"rendered":"Popro\u015b o wycen\u0119 niestandardowych rozwi\u0105za\u0144 metalowych ju\u017c dzi\u015b!"},"content":{"rendered":"\n<div id=\"wp-block-themeisle-blocks-advanced-columns-fc8b658d\" class=\"wp-block-themeisle-blocks-advanced-columns has-2-columns has-desktop-equal-layout has-tablet-equal-layout has-mobile-collapsedRows-layout has-vertical-top\"><div class=\"wp-block-themeisle-blocks-advanced-columns-overlay\"><\/div><div class=\"innerblocks-wrap\">\n<div id=\"wp-block-themeisle-blocks-advanced-column-266f21cb\" class=\"wp-block-themeisle-blocks-advanced-column card has-light-bg\">\n<h1 class=\"wp-block-heading has-text-align-center\">Popro\u015b o wycen\u0119 niestandardowych rozwi\u0105za\u0144 metalowych ju\u017c dzi\u015b!<\/h1>\n\n\n\n<div id=\"wp-block-themeisle-blocks-form-72a3287a\" class=\"wp-block-themeisle-blocks-form has-captcha\" data-option-name=\"bf9b28ff82ce323187abc5d0feb0d8f07ecd8436_72a3287a\"><form class=\"otter-form__container\">\n<div id=\"wp-block-themeisle-blocks-form-input-236a784e\" class=\"wp-block-themeisle-blocks-form-input is-style-hidden-label\"><label for=\"wp-block-themeisle-blocks-form-input-236a784e-input\" class=\"otter-form-input-label\"><span class=\"otter-form-input-label__label\">Nazwa<\/span><span class=\"required\">*<\/span><\/label><input type=\"text\" id=\"wp-block-themeisle-blocks-form-input-236a784e-input\" required=\"\" placeholder=\"Nazwa\" class=\"otter-form-input\"><\/div>\n\n\n\n<div id=\"wp-block-themeisle-blocks-form-input-80534768\" class=\"wp-block-themeisle-blocks-form-input is-style-hidden-label\"><label for=\"wp-block-themeisle-blocks-form-input-80534768-input\" class=\"otter-form-input-label\"><span class=\"otter-form-input-label__label\">Email<\/span><span class=\"required\">*<\/span><\/label><input type=\"email\" id=\"wp-block-themeisle-blocks-form-input-80534768-input\" required=\"\" placeholder=\"Email\" class=\"otter-form-input\"><\/div>\n\n\n\n<div id=\"wp-block-themeisle-blocks-form-input-cc396bec\" class=\"wp-block-themeisle-blocks-form-input is-style-hidden-label\"><label for=\"wp-block-themeisle-blocks-form-input-cc396bec-input\" class=\"otter-form-input-label\"><span class=\"otter-form-input-label__label\">Telefon<\/span><\/label><input type=\"number\" id=\"wp-block-themeisle-blocks-form-input-cc396bec-input\" placeholder=\"Telefon\" class=\"otter-form-input\"><\/div>\n\n\n\n\n\n<div id=\"wp-block-themeisle-blocks-form-textarea-c65bf0ae\" class=\"wp-block-themeisle-blocks-form-textarea is-style-hidden-label\"><label for=\"wp-block-themeisle-blocks-form-textarea-c65bf0ae-input\" class=\"otter-form-textarea-label\"><span class=\"otter-form-textarea-label__label\">Wiadomo\u015b\u0107<\/span><\/label><textarea id=\"wp-block-themeisle-blocks-form-textarea-c65bf0ae-input\" placeholder=\"Wiadomo\u015b\u0107\" rows=\"10\" class=\"otter-form-textarea-input\"><\/textarea><\/div>\n\n\n\n\n<div class=\"wp-block-button full\"><button class=\"wp-block-button__link\" type=\"submit\">Submit<\/button><\/div><\/form><\/div>\n<\/div>\n\n\n\n<div id=\"wp-block-themeisle-blocks-advanced-column-dad570aa\" class=\"wp-block-themeisle-blocks-advanced-column\">\n<figure class=\"wp-block-image size-large\"><img fetchpriority=\"high\" decoding=\"async\" width=\"1024\" height=\"399\" src=\"https:\/\/steeling.net\/wp-content\/uploads\/2024\/02\/steeling-about-page-spare-parts-workshop-create-with-DALL-E-1024x399.webp\" alt=\"\" class=\"wp-image-29740\"\/><\/figure>\n\n\n\n<p><strong>Spersonalizowane rozwi\u0105zania metalowe na wyci\u0105gni\u0119cie r\u0119ki!<\/strong><\/p>\n\n\n\n<p>Witamy w Steeling.Net, Twojej bramie do najlepszych tureckich producent\u00f3w bran\u017cy metalowej. Specjalizuj\u0105c si\u0119 w szerokiej gamie produkt\u00f3w i us\u0142ug, obs\u0142ugujemy firmy i hurtownik\u00f3w na ca\u0142ym \u015bwiecie poszukuj\u0105cych doskona\u0142o\u015bci w obr\u00f3bce metali. Nasza sie\u0107 partner\u00f3w jest bogata w wiedz\u0119 specjalistyczn\u0105, oferuj\u0105c wszystko, od obr\u00f3bki blach i stali po z\u0142o\u017cone maszyny i sprz\u0119t motoryzacyjny.  <\/p>\n\n\n\n<p><strong>Dlaczego warto wybra\u0107 Steeling.Net?<\/strong><\/p>\n\n\n\n<ul class=\"wp-block-list\">\n<li><strong>Szeroki zakres materia\u0142\u00f3w<\/strong>: od blachy po stal, aluminium i inne, nasi partnerzy zapewniaj\u0105 szeroki wyb\u00f3r, aby zaspokoi\u0107 wszystkie Twoje potrzeby w zakresie metali.<\/li>\n\n\n\n<li><strong>Kompleksowe us\u0142ugi<\/strong>: Niezale\u017cnie od tego, czy chodzi o ci\u0119cie, gi\u0119cie, obr\u00f3bk\u0119 mechaniczn\u0105 czy rozwi\u0105zania in\u017cynieryjne, oferujemy pe\u0142ne spektrum us\u0142ug, aby urzeczywistni\u0107 Twoj\u0105 wizj\u0119.<\/li>\n\n\n\n<li><strong>Produkty wysokiej jako\u015bci<\/strong>: Nasz katalog obejmuje rury, profile, systemy p\u00f3\u0142ek i wiele innych, wszystko dopasowane do Twoich konkretnych wymaga\u0144.<\/li>\n<\/ul>\n\n\n\n<p><strong>Nawi\u0105\u017c kontakt z \u015bwiatowej klasy tureckimi producentami<\/strong> Steeling.Net skraca dystans mi\u0119dzy Tob\u0105 a czo\u0142owymi tureckimi producentami, zapewniaj\u0105c d\u0142ugoterminowe, niezawodne i op\u0142acalne rozwi\u0105zania metalowe.<\/p>\n\n\n\n<p><strong>Uzyskaj wycen\u0119 teraz!<\/strong> Gotowi, aby dowiedzie\u0107 si\u0119, jak mo\u017cemy wp\u0142yn\u0105\u0107 na Tw\u00f3j projekt? Wype\u0142nij nasz formularz zapytania ofertowego, podaj\u0105c swoje specyficzne potrzeby, a my szybko po\u0142\u0105czymy Ci\u0119 z najlepszymi rozwi\u0105zaniami. Twoja podr\u00f3\u017c do jako\u015bci i przyst\u0119pno\u015bci cenowej w bran\u017cy metalowej zaczyna si\u0119 tutaj!  <\/p>\n<\/div>\n<\/div><\/div>\n","protected":false},"excerpt":{"rendered":"","protected":false},"author":1,"featured_media":29733,"parent":0,"menu_order":0,"comment_status":"closed","ping_status":"closed","template":"elementor_theme","meta":{"footnotes":""},"class_list":["post-29779","page","type-page","status-publish","has-post-thumbnail","hentry"],"_links":{"self":[{"href":"https:\/\/steeling.net\/pl\/wp-json\/wp\/v2\/pages\/29779","targetHints":{"allow":["GET"]}}],"collection":[{"href":"https:\/\/steeling.net\/pl\/wp-json\/wp\/v2\/pages"}],"about":[{"href":"https:\/\/steeling.net\/pl\/wp-json\/wp\/v2\/types\/page"}],"author":[{"embeddable":true,"href":"https:\/\/steeling.net\/pl\/wp-json\/wp\/v2\/users\/1"}],"replies":[{"embeddable":true,"href":"https:\/\/steeling.net\/pl\/wp-json\/wp\/v2\/comments?post=29779"}],"version-history":[{"count":0,"href":"https:\/\/steeling.net\/pl\/wp-json\/wp\/v2\/pages\/29779\/revisions"}],"wp:featuredmedia":[{"embeddable":true,"href":"https:\/\/steeling.net\/pl\/wp-json\/wp\/v2\/media\/29733"}],"wp:attachment":[{"href":"https:\/\/steeling.net\/pl\/wp-json\/wp\/v2\/media?parent=29779"}],"curies":[{"name":"wp","href":"https:\/\/api.w.org\/{rel}","templated":true}]}}