{"id":28271,"date":"2021-08-30T11:47:49","date_gmt":"2021-08-30T08:47:49","guid":{"rendered":"https:\/\/steeling.net\/o-nas\/"},"modified":"2024-12-13T02:16:36","modified_gmt":"2024-12-12T23:16:36","slug":"o-nas","status":"publish","type":"page","link":"https:\/\/steeling.net\/pl\/o-nas\/","title":{"rendered":"O nas"},"content":{"rendered":"\n<div id=\"wp-block-themeisle-blocks-advanced-columns-67cdd78b\" class=\"wp-block-themeisle-blocks-advanced-columns alignwide has-1-columns has-desktop-equal-layout has-tablet-equal-layout has-mobile-equal-layout has-vertical-unset\"><div class=\"wp-block-themeisle-blocks-advanced-columns-overlay\"><\/div><div class=\"innerblocks-wrap\">\n<div id=\"wp-block-themeisle-blocks-advanced-column-7b1988da\" class=\"wp-block-themeisle-blocks-advanced-column\">\n<figure class=\"wp-block-image size-large is-resized\"><img fetchpriority=\"high\" decoding=\"async\" width=\"1066\" height=\"694\" src=\"https:\/\/steeling.net\/wp-content\/uploads\/2023\/09\/plasma-cutting-works-1066x694.webp\" alt=\"\" class=\"wp-image-26916\" style=\"object-fit:cover;width:1236px;height:400px\" title=\"\"><\/figure>\n\n\n<h1 class=\"wp-block-post-title\">O nas<\/h1>\n\n\n<p><strong>Kim jeste\u015bmy<\/strong><\/p>\n\n\n\n<p>Steeling.Net to pionierska platforma \u0142\u0105cz\u0105ca wiod\u0105cych tureckich producent\u00f3w blach i stali z firmami i hurtownikami na ca\u0142ym \u015bwiecie wykorzystuj\u0105cymi produkty metalowe.\nDzi\u0119ki g\u0142\u0119boko zakorzenionej historii w bran\u017cy metalowej i szerokiej sieci producent\u00f3w, oferujemy wysokiej jako\u015bci, niezawodne i konkurencyjne cenowo rozwi\u0105zania metalowe dostosowane do r\u00f3\u017cnorodnych potrzeb naszych globalnych klient\u00f3w. <\/p>\n\n\n\n<p><strong>Nasza wiedza<\/strong><\/p>\n\n\n\n<p>Nasze do\u015bwiadczenie obejmuje szeroki zakres materia\u0142\u00f3w, w tym blachy, stal, aluminium i inne metale specjalne, dzi\u0119ki czemu mo\u017cemy spe\u0142ni\u0107 specyficzne wymagania ka\u017cdego projektu. Nasi producenci partnerscy s\u0105 skrupulatnie wybierani ze wzgl\u0119du na ich zaanga\u017cowanie w jako\u015b\u0107 i innowacje, dzi\u0119ki czemu jeste\u015bmy zaufan\u0105 mark\u0105 w produkcji metali. <\/p>\n\n\n\n<p><strong>Oferowane przez nas us\u0142ugi<\/strong><\/p>\n\n\n\n<p>Steeling.Net zapewnia szeroki wachlarz us\u0142ug zaprojektowanych w celu zaspokojenia ka\u017cdego aspektu obr\u00f3bki metalu:<\/p>\n\n\n\n<ul class=\"wp-block-list\">\n<li><strong><a href=\"https:\/\/steeling.net\/services\/\" data-type=\"page\" data-id=\"12963\">Ci\u0119cie<\/a>:<\/strong> Us\u0142ugi precyzyjnego ci\u0119cia w celu spe\u0142nienia dok\u0142adnych specyfikacji, zar\u00f3wno w przypadku produkcji na du\u017c\u0105 skal\u0119, jak i projekt\u00f3w niestandardowych.<\/li>\n\n\n\n<li><strong><a href=\"https:\/\/steeling.net\/pl\/services\/usluga-giecia-cnc\/\" data-type=\"page\" data-id=\"26910\">Gi\u0119cie<\/a>:<\/strong> Zaawansowane techniki gi\u0119cia zapewniaj\u0105ce dok\u0142adno\u015b\u0107 i powtarzalno\u015b\u0107 we wszystkich rodzajach metalu.<\/li>\n\n\n\n<li><strong><a href=\"https:\/\/steeling.net\/pl\/services\/uslugi-obrobki-skrawaniem\/\" data-type=\"page\" data-id=\"26911\">Obr\u00f3bka skrawaniem<\/a>:<\/strong> Najnowocze\u015bniejsza obr\u00f3bka CNC skomplikowanych i szczeg\u00f3\u0142owych element\u00f3w metalowych.<\/li>\n\n\n\n<li><strong>Formowanie i odlewanie:<\/strong> Wysokiej jako\u015bci us\u0142ugi formowania i odlewania trwa\u0142ych i precyzyjnych cz\u0119\u015bci metalowych.<\/li>\n\n\n\n<li><strong>Prototypowanie:<\/strong> Us\u0142ugi szybkiego prototypowania, kt\u00f3re pomagaj\u0105 szybko i skutecznie wprowadzi\u0107 koncepcje w \u017cycie.<\/li>\n\n\n\n<li><strong>In\u017cynieria:<\/strong> Specjalistyczne us\u0142ugi in\u017cynieryjne w celu optymalizacji funkcjonalno\u015bci i konstrukcji produkt\u00f3w metalowych.<\/li>\n\n\n\n<li><strong><a href=\"https:\/\/steeling.net\/pl\/products\/ciecie-na-wymiar\/\" data-type=\"page\" data-id=\"26961\">Ci\u0119cie na wymiar<\/a>:<\/strong> Niestandardowe opcje ci\u0119cia na wymiar, kt\u00f3re zmniejszaj\u0105 ilo\u015b\u0107 odpad\u00f3w i zwi\u0119kszaj\u0105 wydajno\u015b\u0107 \u0142a\u0144cucha dostaw.<\/li>\n<\/ul>\n\n\n\n<p><strong>Nasze produkty<\/strong><\/p>\n\n\n\n<p>Nasz asortyment produkt\u00f3w jest szeroki i obejmuje m.in:<\/p>\n\n\n\n<ul class=\"wp-block-list\">\n<li><strong><a href=\"https:\/\/steeling.net\/pl\/materials\/stal-weglowa\/36219-2\/\" data-type=\"page\" data-id=\"27551\">Rury<\/a> i profile:<\/strong> Wytrzyma\u0142e i precyzyjnie zaprojektowane rury i profile nadaj\u0105ce si\u0119 do r\u00f3\u017cnych zastosowa\u0144 przemys\u0142owych.<\/li>\n\n\n\n<li><strong>Systemy rega\u0142\u00f3w:<\/strong> Konfigurowalne rozwi\u0105zania rega\u0142owe dla handlu detalicznego, przemys\u0142u i magazynowania.<\/li>\n\n\n\n<li><strong>Po\u0142\u0105czenia strukturalne:<\/strong> Wytrzyma\u0142e \u0142\u0105czniki strukturalne zaprojektowane z my\u015bl\u0105 o stabilno\u015bci i trwa\u0142o\u015bci konstrukcji.<\/li>\n\n\n\n<li><strong>Stojaki i ramy:<\/strong> Niestandardowe stojaki i ramy zaprojektowane do wielu zastosowa\u0144 w r\u00f3\u017cnych sektorach.<\/li>\n\n\n\n<li><strong>Maszyny i cz\u0119\u015bci:<\/strong> Wysokowydajne maszyny i cz\u0119\u015bci zamienne do zastosowa\u0144 przemys\u0142owych.<\/li>\n\n\n\n<li><strong>Sprz\u0119t motoryzacyjny:<\/strong> Najwy\u017cszej jako\u015bci cz\u0119\u015bci samochodowe i wyposa\u017cenie produkowane zgodnie z rygorystycznymi standardami bran\u017cowymi.<\/li>\n\n\n\n<li><strong>Meble:<\/strong> Metalowe meble \u0142\u0105cz\u0105ce estetyk\u0119 z funkcjonalno\u015bci\u0105 zar\u00f3wno do u\u017cytku wewn\u0119trznego, jak i zewn\u0119trznego.<\/li>\n<\/ul>\n\n\n\n\n<div id=\"rank-math-faq\" class=\"rank-math-block\">\n<div class=\"rank-math-list \">\n<div id=\"faq-question-1713725796546\" class=\"rank-math-list-item\">\n<h3 class=\"rank-math-question \">Dlaczego warto wybra\u0107 Steeling.Net?<\/h3>\n<div class=\"rank-math-answer \">\n\n<p>Wyb\u00f3r Steeling.Net oznacza wsp\u00f3\u0142prac\u0119 z liderem w bran\u017cy produkcji metalowej znanym z:<br \/><strong>Niezawodno\u015bci:<\/strong> Dostarczamy niezmiennie wysokiej jako\u015bci produkty i us\u0142ugi, na kt\u00f3rych mo\u017cna polega\u0107.<br \/><strong>Innowacyjno\u015b\u0107:<\/strong> Ci\u0105g\u0142e innowacje w technikach obr\u00f3bki metalu w celu zapewnienia zaawansowanych rozwi\u0105za\u0144.<br \/><strong>Op\u0142acalno\u015b\u0107:<\/strong> Konkurencyjne ceny bez kompromis\u00f3w w zakresie jako\u015bci i wydajno\u015bci.<br \/><strong>Podej\u015bcie zorientowane na klienta:<\/strong> Nadajemy priorytet Twoim potrzebom i pracujemy sumiennie, aby przekracza\u0107 Twoje oczekiwania.<\/p>\n\n<\/div>\n<\/div>\n<\/div>\n<\/div>\n\n\n<p><\/p>\n\n\n\n<ul class=\"wp-block-list\">\n<li><\/li>\n<\/ul>\n<\/div>\n<\/div><\/div>\n","protected":false},"excerpt":{"rendered":"","protected":false},"author":1,"featured_media":0,"parent":0,"menu_order":0,"comment_status":"closed","ping_status":"closed","template":"","meta":{"footnotes":""},"class_list":["post-28271","page","type-page","status-publish","hentry"],"_links":{"self":[{"href":"https:\/\/steeling.net\/pl\/wp-json\/wp\/v2\/pages\/28271","targetHints":{"allow":["GET"]}}],"collection":[{"href":"https:\/\/steeling.net\/pl\/wp-json\/wp\/v2\/pages"}],"about":[{"href":"https:\/\/steeling.net\/pl\/wp-json\/wp\/v2\/types\/page"}],"author":[{"embeddable":true,"href":"https:\/\/steeling.net\/pl\/wp-json\/wp\/v2\/users\/1"}],"replies":[{"embeddable":true,"href":"https:\/\/steeling.net\/pl\/wp-json\/wp\/v2\/comments?post=28271"}],"version-history":[{"count":0,"href":"https:\/\/steeling.net\/pl\/wp-json\/wp\/v2\/pages\/28271\/revisions"}],"wp:attachment":[{"href":"https:\/\/steeling.net\/pl\/wp-json\/wp\/v2\/media?parent=28271"}],"curies":[{"name":"wp","href":"https:\/\/api.w.org\/{rel}","templated":true}]}}