{"id":28210,"date":"2021-08-30T07:14:47","date_gmt":"2021-08-30T04:14:47","guid":{"rendered":"https:\/\/steeling.net\/kontakt\/"},"modified":"2026-03-09T22:02:13","modified_gmt":"2026-03-09T19:02:13","slug":"kontakt","status":"publish","type":"page","link":"https:\/\/steeling.net\/pl\/kontakt\/","title":{"rendered":"Skontaktuj si\u0119 z nami"},"content":{"rendered":"\t\t<div data-elementor-type=\"wp-page\" data-elementor-id=\"28210\" class=\"elementor elementor-28210 elementor-10630\" data-elementor-post-type=\"page\">\n\t\t\t\t\t\t<section class=\"elementor-section elementor-top-section elementor-element elementor-element-3f049f0 elementor-section-boxed elementor-section-height-default elementor-section-height-default\" data-id=\"3f049f0\" data-element_type=\"section\" data-e-type=\"section\">\n\t\t\t\t\t\t<div class=\"elementor-container elementor-column-gap-default\">\n\t\t\t\t\t<div class=\"elementor-column elementor-col-50 elementor-top-column elementor-element elementor-element-eae39b3\" data-id=\"eae39b3\" data-element_type=\"column\" data-e-type=\"column\">\n\t\t\t<div class=\"elementor-widget-wrap elementor-element-populated\">\n\t\t\t\t\t\t<div class=\"elementor-element elementor-element-66d5d77 elementor-widget elementor-widget-text-editor\" data-id=\"66d5d77\" data-element_type=\"widget\" data-e-type=\"widget\" data-widget_type=\"text-editor.default\">\n\t\t\t\t<div class=\"elementor-widget-container\">\n\t\t\t\t\t\t\t\t\t<p><strong>Dzi\u0119kujemy za zainteresowanie naszymi produktami i us\u0142ugami. Otrzymasz szybsz\u0105 odpowied\u017a, je\u015bli w zapytaniu ofertowym podasz nast\u0119puj\u0105ce informacje: <\/strong><br>&#8211;<b>Materia\u0142<\/b>: Standard, wymiary, pocz\u0105tkowa i ca\u0142kowita ilo\u015b\u0107 zam\u00f3wienia<br>&#8211;<b>Us\u0142ugi<\/b>: Rysunki techniczne (DWG, DXF lub STEP), zdj\u0119cie produktu, informacje o materiale, ilo\u015b\u0107 zam\u00f3wienia i czas dostawy<br>&#8211;<b>Produkty metalowe<\/b>: Wszystkie niezb\u0119dne informacje zapewniaj\u0105ce po\u017c\u0105dan\u0105 jako\u015b\u0107 produktu.<\/p><p>Opr\u00f3cz firmy i informacji kontaktowych; je\u015bli masz cen\u0119 docelow\u0105, u\u0142atwi ci to uzyskanie wynik\u00f3w. Informacje o tym, gdzie u\u017cytkownik b\u0119dzie korzysta\u0142 z zakupionego materia\u0142u\/us\u0142ugi, daj\u0105 nam r\u00f3wnie\u017c mo\u017cliwo\u015b\u0107 zaoferowania bardziej odpowiednich alternatyw. <\/p><p>Je\u015bli masz pytania, mo\u017cesz r\u00f3wnie\u017c wybra\u0107 WhatsApp i telefon do komunikacji.<\/p><p>Kontakt z nami:<br>E-mail: <a href=\"mailto:sales@steeling.net\">sales@steeling.net<\/a><br>Telefon &amp; Whatsapp : <a href=\"http:\/\/wa.me\/905332126595\" target=\"_blank\" rel=\"noopener\">+905332126595<\/a><br>Adres: Akdeniz Mah. 1347 Sk. 8\/608 Konak Izmir TURCJA<\/p>\t\t\t\t\t\t\t\t<\/div>\n\t\t\t\t<\/div>\n\t\t\t\t<div class=\"elementor-element elementor-element-bfcbac7 elementor-widget elementor-widget-image\" data-id=\"bfcbac7\" data-element_type=\"widget\" data-e-type=\"widget\" data-widget_type=\"image.default\">\n\t\t\t\t<div class=\"elementor-widget-container\">\n\t\t\t\t\t\t\t\t\t\t\t\t\t\t\t<img fetchpriority=\"high\" decoding=\"async\" width=\"1024\" height=\"1024\" src=\"https:\/\/steeling.net\/wp-content\/uploads\/2024\/02\/steeling-about-page-spare-parts-workshop-create-with-DALL-E.webp\" class=\"attachment-full size-full wp-image-29745\" alt=\"\" srcset=\"https:\/\/steeling.net\/wp-content\/uploads\/2024\/02\/steeling-about-page-spare-parts-workshop-create-with-DALL-E.webp 1024w, https:\/\/steeling.net\/wp-content\/uploads\/2024\/02\/steeling-about-page-spare-parts-workshop-create-with-DALL-E-80x80.webp 80w, https:\/\/steeling.net\/wp-content\/uploads\/2024\/02\/steeling-about-page-spare-parts-workshop-create-with-DALL-E-778x778.webp 778w\" sizes=\"(max-width: 1024px) 100vw, 1024px\" title=\"\">\t\t\t\t\t\t\t\t\t\t\t\t\t\t\t<\/div>\n\t\t\t\t<\/div>\n\t\t\t\t\t<\/div>\n\t\t<\/div>\n\t\t\t\t<div class=\"elementor-column elementor-col-50 elementor-top-column elementor-element elementor-element-f560310\" data-id=\"f560310\" data-element_type=\"column\" data-e-type=\"column\">\n\t\t\t<div class=\"elementor-widget-wrap elementor-element-populated\">\n\t\t\t\t\t\t<div class=\"elementor-element elementor-element-a45c0b2 e-grid-align-left elementor-shape-rounded elementor-grid-0 elementor-widget elementor-widget-social-icons\" data-id=\"a45c0b2\" data-element_type=\"widget\" data-e-type=\"widget\" data-widget_type=\"social-icons.default\">\n\t\t\t\t<div class=\"elementor-widget-container\">\n\t\t\t\t\t\t\t<div class=\"elementor-social-icons-wrapper elementor-grid\" role=\"list\">\n\t\t\t\t\t\t\t<span class=\"elementor-grid-item\" role=\"listitem\">\n\t\t\t\t\t<a class=\"elementor-icon elementor-social-icon elementor-social-icon-facebook elementor-repeater-item-3e95a33\" href=\"https:\/\/www.facebook.com\/people\/SteelingNet\/61550939512511\/\" target=\"_blank\" rel=\"noopener\">\n\t\t\t\t\t\t<span class=\"elementor-screen-only\">Facebook<\/span>\n\t\t\t\t\t\t<i aria-hidden=\"true\" class=\"fab fa-facebook\"><\/i>\t\t\t\t\t<\/a>\n\t\t\t\t<\/span>\n\t\t\t\t\t\t\t<span class=\"elementor-grid-item\" role=\"listitem\">\n\t\t\t\t\t<a class=\"elementor-icon elementor-social-icon elementor-social-icon-instagram elementor-repeater-item-b8b61a4\" href=\"https:\/\/www.instagram.com\/steelingnet\/\" target=\"_blank\" rel=\"noopener\">\n\t\t\t\t\t\t<span class=\"elementor-screen-only\">Instagram<\/span>\n\t\t\t\t\t\t<i aria-hidden=\"true\" class=\"fab fa-instagram\"><\/i>\t\t\t\t\t<\/a>\n\t\t\t\t<\/span>\n\t\t\t\t\t\t\t<span class=\"elementor-grid-item\" role=\"listitem\">\n\t\t\t\t\t<a class=\"elementor-icon elementor-social-icon elementor-social-icon-linkedin elementor-repeater-item-a05d6e4\" href=\"https:\/\/www.linkedin.com\/company\/steeling-net\" target=\"_blank\" rel=\"noopener\">\n\t\t\t\t\t\t<span class=\"elementor-screen-only\">Linkedin<\/span>\n\t\t\t\t\t\t<i aria-hidden=\"true\" class=\"fab fa-linkedin\"><\/i>\t\t\t\t\t<\/a>\n\t\t\t\t<\/span>\n\t\t\t\t\t<\/div>\n\t\t\t\t\t\t<\/div>\n\t\t\t\t<\/div>\n\t\t\t\t<div class=\"elementor-element elementor-element-6959386 elementor-widget elementor-widget-google_maps\" data-id=\"6959386\" data-element_type=\"widget\" data-e-type=\"widget\" data-widget_type=\"google_maps.default\">\n\t\t\t\t<div class=\"elementor-widget-container\">\n\t\t\t\t\t\t\t<div class=\"elementor-custom-embed\">\n\t\t\t<iframe loading=\"lazy\"\n\t\t\t\t\tsrc=\"https:\/\/maps.google.com\/maps?q=Akdeniz%20Mh.%20Akdeniz%20C.%201347%20sk.%20No.8%2F608%20Konak%20%2F%20%C4%B0zmir%20%E2%80%93%20T%C3%9CRK%C4%B0YE&#038;t=m&#038;z=14&#038;output=embed&#038;iwloc=near\"\n\t\t\t\t\ttitle=\"Akdeniz Mh. Akdeniz C. 1347 sk. No.8\/608 Konak \/ \u0130zmir \u2013 T\u00dcRK\u0130YE\"\n\t\t\t\t\taria-label=\"Akdeniz Mh. Akdeniz C. 1347 sk. No.8\/608 Konak \/ \u0130zmir \u2013 T\u00dcRK\u0130YE\"\n\t\t\t><\/iframe>\n\t\t<\/div>\n\t\t\t\t\t\t<\/div>\n\t\t\t\t<\/div>\n\t\t\t\t\t<\/div>\n\t\t<\/div>\n\t\t\t\t\t<\/div>\n\t\t<\/section>\n\t\t\t\t<section class=\"elementor-section elementor-top-section elementor-element elementor-element-e49d9d4 elementor-section-boxed elementor-section-height-default elementor-section-height-default\" data-id=\"e49d9d4\" data-element_type=\"section\" data-e-type=\"section\">\n\t\t\t\t\t\t<div class=\"elementor-container elementor-column-gap-default\">\n\t\t\t\t\t<div class=\"elementor-column elementor-col-100 elementor-top-column elementor-element elementor-element-5f6c6a0\" data-id=\"5f6c6a0\" data-element_type=\"column\" data-e-type=\"column\">\n\t\t\t<div class=\"elementor-widget-wrap\">\n\t\t\t\t\t\t\t<\/div>\n\t\t<\/div>\n\t\t\t\t\t<\/div>\n\t\t<\/section>\n\t\t\t\t<\/div>\n\t\t","protected":false},"excerpt":{"rendered":"<p>Dzi\u0119kujemy za zainteresowanie naszymi produktami i us\u0142ugami. Otrzymasz szybsz\u0105 odpowied\u017a, je\u015bli w zapytaniu ofertowym podasz nast\u0119puj\u0105ce informacje: &#8211;Materia\u0142: Standard, wymiary, pocz\u0105tkowa i ca\u0142kowita ilo\u015b\u0107 zam\u00f3wienia&#8211;Us\u0142ugi: Rysunki techniczne (DWG, DXF lub STEP), zdj\u0119cie produktu, informacje o materiale, ilo\u015b\u0107 zam\u00f3wienia i czas dostawy&#8211;Produkty metalowe: Wszystkie niezb\u0119dne informacje zapewniaj\u0105ce po\u017c\u0105dan\u0105 jako\u015b\u0107 produktu. Opr\u00f3cz firmy i informacji kontaktowych; je\u015bli [&hellip;]<\/p>\n","protected":false},"author":1,"featured_media":29733,"parent":0,"menu_order":0,"comment_status":"closed","ping_status":"closed","template":"","meta":{"footnotes":""},"class_list":["post-28210","page","type-page","status-publish","has-post-thumbnail","hentry"],"_links":{"self":[{"href":"https:\/\/steeling.net\/pl\/wp-json\/wp\/v2\/pages\/28210","targetHints":{"allow":["GET"]}}],"collection":[{"href":"https:\/\/steeling.net\/pl\/wp-json\/wp\/v2\/pages"}],"about":[{"href":"https:\/\/steeling.net\/pl\/wp-json\/wp\/v2\/types\/page"}],"author":[{"embeddable":true,"href":"https:\/\/steeling.net\/pl\/wp-json\/wp\/v2\/users\/1"}],"replies":[{"embeddable":true,"href":"https:\/\/steeling.net\/pl\/wp-json\/wp\/v2\/comments?post=28210"}],"version-history":[{"count":0,"href":"https:\/\/steeling.net\/pl\/wp-json\/wp\/v2\/pages\/28210\/revisions"}],"wp:featuredmedia":[{"embeddable":true,"href":"https:\/\/steeling.net\/pl\/wp-json\/wp\/v2\/media\/29733"}],"wp:attachment":[{"href":"https:\/\/steeling.net\/pl\/wp-json\/wp\/v2\/media?parent=28210"}],"curies":[{"name":"wp","href":"https:\/\/api.w.org\/{rel}","templated":true}]}}