{"id":46764,"date":"2023-09-12T10:46:59","date_gmt":"2023-09-12T07:46:59","guid":{"rendered":"https:\/\/steeling.net\/informativa-sulla-privacy\/"},"modified":"2026-04-27T10:45:56","modified_gmt":"2026-04-27T07:45:56","slug":"informativa-sulla-privacy","status":"publish","type":"page","link":"https:\/\/steeling.net\/it\/informativa-sulla-privacy\/","title":{"rendered":"Informativa sulla privacy"},"content":{"rendered":"\t\t<div data-elementor-type=\"wp-page\" data-elementor-id=\"46764\" class=\"elementor elementor-46764 elementor-3\" data-elementor-post-type=\"page\">\n\t\t\t\t\t\t<section class=\"elementor-section elementor-top-section elementor-element elementor-element-edc7b65 elementor-section-boxed elementor-section-height-default elementor-section-height-default\" data-id=\"edc7b65\" data-element_type=\"section\" data-e-type=\"section\">\n\t\t\t\t\t\t<div class=\"elementor-container elementor-column-gap-default\">\n\t\t\t\t\t<div class=\"elementor-column elementor-col-100 elementor-top-column elementor-element elementor-element-dd788dd\" data-id=\"dd788dd\" data-element_type=\"column\" data-e-type=\"column\">\n\t\t\t<div class=\"elementor-widget-wrap elementor-element-populated\">\n\t\t\t\t\t\t<div class=\"elementor-element elementor-element-25cff27a elementor-widget elementor-widget-text-editor\" data-id=\"25cff27a\" data-element_type=\"widget\" data-e-type=\"widget\" data-widget_type=\"text-editor.default\">\n\t\t\t\t<div class=\"elementor-widget-container\">\n\t\t\t\t\t\t\t\t\t<p>Ultimo aggiornamento: [Update Date]<\/p>\n<p>Ultimo aggiornamento: [Update Date]  <\/p>\n<p><strong>Raccolta e utilizzo delle informazioni<\/strong><\/p>\n<p>Durante l&#8217;utilizzo dei nostri Servizi, potremmo raccogliere determinate informazioni personali. Queste informazioni possono essere raccolte direttamente da te o automaticamente. Le informazioni personali che raccogliamo, ma non solo, possono includere:  <\/p>\n<p>Il tuo nome, le tue informazioni di contatto e altri dettagli identificativi.<\/p>\n<p>Informazioni tecniche sul tuo browser internet e dispositivo.<\/p>\n<p>Informazioni su come utilizzi i nostri Servizi, statistiche sulle visualizzazioni di pagine, traffico e altri dati di comunicazione.<\/p>\n<p>Potremmo utilizzare queste informazioni per i seguenti scopi:<\/p>\n<p>Per fornire e gestire i nostri Servizi per te.<\/p>\n<p>Per migliorare, personalizzare e arricchire i nostri Servizi.<\/p>\n<p>Per comunicare con te e inviarti informazioni.<\/p>\n<p>Per adempiere ai nostri obblighi legali.<\/p>\n<p><strong>Cookie<\/strong><\/p>\n<p>I cookie sono definiti come piccoli file di dati che vengono solitamente inseriti sul tuo dispositivo tramite il tuo browser web. Potremmo utilizzare i cookie quando utilizzi i nostri Servizi. I cookie possono aiutarci a ricordare le tue preferenze, fornire sicurezza e raccogliere dati sulle prestazioni.  <\/p>\n<p><strong>I tuoi diritti sulla privacy<\/strong><\/p>\n<p>Comprendiamo il tuo diritto a proteggere la privacy delle tue informazioni personali. Hai il diritto di sapere quali informazioni vengono raccolte, come vengono utilizzate e con chi vengono condivise. Inoltre, hai il diritto di richiedere la correzione, la cancellazione o la limitazione dell&#8217;uso delle tue informazioni.  <\/p>\n<p>Per esercitare i diritti descritti nella presente Informativa sulla privacy o per porre domande sui tuoi dati personali, puoi contattarci tramite la sezione [Contatti].<\/p>\n<p><strong>Modifiche all&#8217;informativa sulla privacy<\/strong><\/p>\n<p>La presente informativa sulla privacy pu\u00f2 essere aggiornata di volta in volta. Quando verranno apportate modifiche, rivedremo la data dell&#8217;ultimo aggiornamento. Sar\u00e0 tua responsabilit\u00e0 tenere traccia di tali modifiche e il tuo uso continuato dei nostri Servizi significher\u00e0 la tua accettazione delle modifiche.  <\/p>\n<p>Per ulteriori informazioni, puoi contattarci tramite la sezione [Contact Information].<\/p>\t\t\t\t\t\t\t\t<\/div>\n\t\t\t\t<\/div>\n\t\t\t\t\t<\/div>\n\t\t<\/div>\n\t\t\t\t\t<\/div>\n\t\t<\/section>\n\t\t\t\t<\/div>\n\t\t","protected":false},"excerpt":{"rendered":"<p>Ultimo aggiornamento: [Update Date] Ultimo aggiornamento: [Update Date] Raccolta e utilizzo delle informazioni Durante l&#8217;utilizzo dei nostri Servizi, potremmo raccogliere determinate informazioni personali. Queste informazioni possono essere raccolte direttamente da te o automaticamente. Le informazioni personali che raccogliamo, ma non solo, possono includere: Il tuo nome, le tue informazioni di contatto e altri dettagli identificativi. [&hellip;]<\/p>\n","protected":false},"author":1,"featured_media":0,"parent":0,"menu_order":0,"comment_status":"closed","ping_status":"closed","template":"","meta":{"footnotes":""},"class_list":["post-46764","page","type-page","status-publish","hentry"],"_links":{"self":[{"href":"https:\/\/steeling.net\/it\/wp-json\/wp\/v2\/pages\/46764","targetHints":{"allow":["GET"]}}],"collection":[{"href":"https:\/\/steeling.net\/it\/wp-json\/wp\/v2\/pages"}],"about":[{"href":"https:\/\/steeling.net\/it\/wp-json\/wp\/v2\/types\/page"}],"author":[{"embeddable":true,"href":"https:\/\/steeling.net\/it\/wp-json\/wp\/v2\/users\/1"}],"replies":[{"embeddable":true,"href":"https:\/\/steeling.net\/it\/wp-json\/wp\/v2\/comments?post=46764"}],"version-history":[{"count":1,"href":"https:\/\/steeling.net\/it\/wp-json\/wp\/v2\/pages\/46764\/revisions"}],"predecessor-version":[{"id":46765,"href":"https:\/\/steeling.net\/it\/wp-json\/wp\/v2\/pages\/46764\/revisions\/46765"}],"wp:attachment":[{"href":"https:\/\/steeling.net\/it\/wp-json\/wp\/v2\/media?parent=46764"}],"curies":[{"name":"wp","href":"https:\/\/api.w.org\/{rel}","templated":true}]}}