{"id":46746,"date":"2023-09-14T13:18:04","date_gmt":"2023-09-14T10:18:04","guid":{"rendered":"https:\/\/steeling.net\/politica-delle-risorse-umane\/"},"modified":"2026-04-26T11:30:38","modified_gmt":"2026-04-26T08:30:38","slug":"politica-delle-risorse-umane","status":"publish","type":"page","link":"https:\/\/steeling.net\/it\/politica-delle-risorse-umane\/","title":{"rendered":"Politica delle risorse umane"},"content":{"rendered":"\n<div id=\"wp-block-themeisle-blocks-advanced-columns-3168f849\" class=\"wp-block-themeisle-blocks-advanced-columns alignwide has-1-columns has-desktop-equal-layout has-tablet-equal-layout has-mobile-equal-layout has-vertical-unset\"><div class=\"wp-block-themeisle-blocks-advanced-columns-overlay\"><\/div><div class=\"innerblocks-wrap\">\n<div id=\"wp-block-themeisle-blocks-advanced-column-ec8a0547\" class=\"wp-block-themeisle-blocks-advanced-column\">\n<h1 class=\"wp-block-heading\">Politica delle risorse umane<\/h1>\n\n\n\n<p><strong>Ambito:<\/strong> La nostra politica delle risorse umane non comprende solo i dipendenti di Steeling.net ma anche i dipendenti delle aziende partner per le quali gestiamo il marketing. Le aziende partner approvano inoltre questa politica delle risorse umane firmandola, riconoscendo cos\u00ec la loro buona volont\u00e0 e le loro responsabilit\u00e0. <\/p>\n\n\n\n<p><strong>Visione:<\/strong> La gestione delle risorse umane \u00e8 il pilastro del successo della nostra azienda. La nostra politica in materia di risorse umane mira a massimizzare i talenti dei nostri dipendenti, promuovere la collaborazione e dare priorit\u00e0 alla soddisfazione dei dipendenti. <\/p>\n\n\n\n<p><strong>Missione:<\/strong> La nostra missione \u00e8 creare un ambiente in cui ogni dipendente della nostra azienda abbia l&#8217;opportunit\u00e0 di sviluppare le proprie competenze e avanzare nella propria carriera. La nostra politica delle risorse umane mira a stabilire una cultura del lavoro equa, rispettosa, di supporto alla diversit\u00e0 e basata su valori etici. <\/p>\n\n\n\n<p><strong>Selezione e reclutamento dei dipendenti:<\/strong> Adottiamo un approccio equo e imparziale nel processo di selezione dei dipendenti. Assumiamo candidati in base alle loro competenze, esperienze e potenziale. Sosteniamo la diversit\u00e0 e aderiamo al principio delle pari opportunit\u00e0.  <\/p>\n\n\n\n<p><strong>Sviluppo professionale:<\/strong> Forniamo ai nostri dipendenti opportunit\u00e0 per far progredire le loro carriere. Supportiamo il miglioramento continuo delle competenze e delle conoscenze dei nostri dipendenti attraverso formazione, mentoring e valutazioni delle prestazioni. <\/p>\n\n\n\n<p><strong>Benessere dei dipendenti:<\/strong> La sicurezza e la salute dei nostri dipendenti sono la nostra priorit\u00e0. Ci impegniamo a migliorare continuamente le condizioni di lavoro adottando misure di salute e sicurezza sul lavoro. Supportiamo l&#8217;equilibrio tra vita professionale e privata e miriamo ad aumentare la soddisfazione dei dipendenti.  <\/p>\n\n\n\n<p><strong>Valutazioni delle prestazioni:<\/strong> Attraverso le valutazioni delle prestazioni, valutiamo in modo obiettivo le prestazioni dei dipendenti. Riconosciamo i loro successi in linea con gli obiettivi e identifichiamo le aree di miglioramento. Seguiamo un processo di valutazione equo e trasparente.  <\/p>\n\n\n\n<p><strong>Comunicazione e Collaborazione:<\/strong> Una comunicazione aperta e la collaborazione costituiscono il fondamento della nostra cultura aziendale. Diamo valore alle opinioni e ai suggerimenti dei nostri dipendenti. Facilitiamo una comunicazione efficace tra la dirigenza e i dipendenti e incoraggiamo la partecipazione a tutti i livelli.  <\/p>\n\n\n\n<p><strong>Valori etici:<\/strong> Ci impegniamo a svolgere il nostro lavoro in linea con i valori etici. Lavoriamo con giustizia, onest\u00e0 e rispetto, e agiamo in modo trasparente e veritiero. <\/p>\n\n\n\n<p>Questa Politica delle Risorse Umane dimostra la nostra comprensione del valore dei nostri dipendenti in Steeling.net e nelle aziende partner e il nostro impegno a supportare il loro sviluppo e la loro soddisfazione.<\/p>\n<\/div>\n<\/div><\/div>\n","protected":false},"excerpt":{"rendered":"","protected":false},"author":1,"featured_media":0,"parent":0,"menu_order":0,"comment_status":"closed","ping_status":"closed","template":"","meta":{"footnotes":""},"class_list":["post-46746","page","type-page","status-publish","hentry"],"_links":{"self":[{"href":"https:\/\/steeling.net\/it\/wp-json\/wp\/v2\/pages\/46746","targetHints":{"allow":["GET"]}}],"collection":[{"href":"https:\/\/steeling.net\/it\/wp-json\/wp\/v2\/pages"}],"about":[{"href":"https:\/\/steeling.net\/it\/wp-json\/wp\/v2\/types\/page"}],"author":[{"embeddable":true,"href":"https:\/\/steeling.net\/it\/wp-json\/wp\/v2\/users\/1"}],"replies":[{"embeddable":true,"href":"https:\/\/steeling.net\/it\/wp-json\/wp\/v2\/comments?post=46746"}],"version-history":[{"count":1,"href":"https:\/\/steeling.net\/it\/wp-json\/wp\/v2\/pages\/46746\/revisions"}],"predecessor-version":[{"id":46747,"href":"https:\/\/steeling.net\/it\/wp-json\/wp\/v2\/pages\/46746\/revisions\/46747"}],"wp:attachment":[{"href":"https:\/\/steeling.net\/it\/wp-json\/wp\/v2\/media?parent=46746"}],"curies":[{"name":"wp","href":"https:\/\/api.w.org\/{rel}","templated":true}]}}