{"id":46731,"date":"2023-09-14T13:13:54","date_gmt":"2023-09-14T10:13:54","guid":{"rendered":"https:\/\/steeling.net\/politica-di-responsabilita-sociale-dimpresa\/"},"modified":"2026-04-25T00:47:12","modified_gmt":"2026-04-24T21:47:12","slug":"politica-di-responsabilita-sociale-dimpresa","status":"publish","type":"page","link":"https:\/\/steeling.net\/it\/politica-di-responsabilita-sociale-dimpresa\/","title":{"rendered":"Politica di responsabilit\u00e0 sociale d&#8217;impresa"},"content":{"rendered":"\n<div id=\"wp-block-themeisle-blocks-advanced-columns-507201e4\" class=\"wp-block-themeisle-blocks-advanced-columns alignwide has-1-columns has-desktop-equal-layout has-tablet-equal-layout has-mobile-equal-layout has-vertical-unset\"><div class=\"wp-block-themeisle-blocks-advanced-columns-overlay\"><\/div><div class=\"innerblocks-wrap\">\n<main id=\"wp-block-themeisle-blocks-advanced-column-cc0f2535\" class=\"wp-block-themeisle-blocks-advanced-column\">\n<h1 class=\"wp-block-heading\">Steeling.net Politica di responsabilit\u00e0 sociale d&#8217;impresa<\/h1>\n\n\n\n<p><strong>Visione:<\/strong> Noi di Steeling.net miriamo non solo ad essere leader nella commercializzazione di prodotti siderurgici, ma anche ad essere pionieri nella creazione di un impatto positivo sull&#8217;ambiente, sulla societ\u00e0 e sugli stakeholder. Conduciamo le nostre operazioni per sostenere lo sviluppo della societ\u00e0 e ci assumiamo la responsabilit\u00e0 nel campo della sostenibilit\u00e0.<\/p>\n\n\n\n<p><span style=\"box-sizing: border-box; font-weight: bolder;\">Missione:<\/span> La nostra missione \u00e8 produrre prodotti di alta qualit\u00e0 nel rispetto dell&#8217;ambiente, con attenzione alle esigenze sociali e soddisfacendo le aspettative dei nostri stakeholder. Operiamo secondo i principi della responsabilit\u00e0 sociale d&#8217;impresa, considerando il valore aggiunto per i nostri dipendenti, la societ\u00e0 e l&#8217;ambiente come il nostro principio fondamentale.<\/p>\n\n\n\n<p><strong>Responsabilit\u00e0 Ambientale:<\/strong> Siamo consapevoli della nostra responsabilit\u00e0 ambientale. Ci impegniamo ad aumentare l&#8217;efficienza energetica e delle risorse, ridurre i rifiuti, promuovere il riciclaggio e investire in tecnologie ecologiche per condurre le nostre operazioni in modo sostenibile. <\/p>\n\n\n\n<p><strong>Contributo Sociale<\/strong>: Adempiamo alla nostra responsabilit\u00e0 sociale impegnandoci in attivit\u00e0 nel campo dell&#8217;istruzione, della sanit\u00e0, della cultura e dello sviluppo sociale. Supportiamo progetti di volontariato, offriamo opportunit\u00e0 educative e organizziamo programmi di assistenza sociale per migliorare il benessere dei nostri dipendenti e della comunit\u00e0. <\/p>\n\n\n\n<p><strong>Benessere dei dipendenti:<\/strong> Consideriamo i nostri dipendenti i nostri beni pi\u00f9 preziosi. Ci impegniamo a migliorare continuamente le condizioni di lavoro, concentrandoci sulla loro sicurezza e salute. Aderiamo ai principi di reclutamento equo, pari opportunit\u00e0, sviluppo professionale ed equilibrio tra lavoro e vita privata. Collaborazione con gli stakeholder: Collaborando con tutti gli stakeholder, dai fornitori ai clienti, miriamo a diffondere i nostri valori di responsabilit\u00e0 sociale d&#8217;impresa. La comunicazione trasparente, l&#8217;impegno verso valori etici e le relazioni a lungo termine sono tra le nostre priorit\u00e0 principali.   <\/p>\n\n\n\n<p>Questa politica riflette i principi e gli obiettivi di responsabilit\u00e0 sociale d&#8217;impresa a cui ci impegniamo come Steeling.net. Valutare le nostre attivit\u00e0 dalla prospettiva della sostenibilit\u00e0 e del beneficio sociale \u00e8 un aspetto fondamentale del nostro business. <\/p>\n<\/main>\n<\/div><\/div>\n","protected":false},"excerpt":{"rendered":"","protected":false},"author":1,"featured_media":0,"parent":0,"menu_order":0,"comment_status":"closed","ping_status":"closed","template":"","meta":{"footnotes":""},"class_list":["post-46731","page","type-page","status-publish","hentry"],"_links":{"self":[{"href":"https:\/\/steeling.net\/it\/wp-json\/wp\/v2\/pages\/46731","targetHints":{"allow":["GET"]}}],"collection":[{"href":"https:\/\/steeling.net\/it\/wp-json\/wp\/v2\/pages"}],"about":[{"href":"https:\/\/steeling.net\/it\/wp-json\/wp\/v2\/types\/page"}],"author":[{"embeddable":true,"href":"https:\/\/steeling.net\/it\/wp-json\/wp\/v2\/users\/1"}],"replies":[{"embeddable":true,"href":"https:\/\/steeling.net\/it\/wp-json\/wp\/v2\/comments?post=46731"}],"version-history":[{"count":1,"href":"https:\/\/steeling.net\/it\/wp-json\/wp\/v2\/pages\/46731\/revisions"}],"predecessor-version":[{"id":46732,"href":"https:\/\/steeling.net\/it\/wp-json\/wp\/v2\/pages\/46731\/revisions\/46732"}],"wp:attachment":[{"href":"https:\/\/steeling.net\/it\/wp-json\/wp\/v2\/media?parent=46731"}],"curies":[{"name":"wp","href":"https:\/\/api.w.org\/{rel}","templated":true}]}}