{"id":46756,"date":"2023-09-12T10:46:59","date_gmt":"2023-09-12T07:46:59","guid":{"rendered":"https:\/\/steeling.net\/politique-de-confidentialite\/"},"modified":"2026-04-27T10:41:07","modified_gmt":"2026-04-27T07:41:07","slug":"politique-de-confidentialite","status":"publish","type":"page","link":"https:\/\/steeling.net\/fr\/politique-de-confidentialite\/","title":{"rendered":"Politique de confidentialit\u00e9"},"content":{"rendered":"\t\t<div data-elementor-type=\"wp-page\" data-elementor-id=\"46756\" class=\"elementor elementor-46756 elementor-3\" data-elementor-post-type=\"page\">\n\t\t\t\t\t\t<section class=\"elementor-section elementor-top-section elementor-element elementor-element-edc7b65 elementor-section-boxed elementor-section-height-default elementor-section-height-default\" data-id=\"edc7b65\" data-element_type=\"section\" data-e-type=\"section\">\n\t\t\t\t\t\t<div class=\"elementor-container elementor-column-gap-default\">\n\t\t\t\t\t<div class=\"elementor-column elementor-col-100 elementor-top-column elementor-element elementor-element-dd788dd\" data-id=\"dd788dd\" data-element_type=\"column\" data-e-type=\"column\">\n\t\t\t<div class=\"elementor-widget-wrap elementor-element-populated\">\n\t\t\t\t\t\t<div class=\"elementor-element elementor-element-25cff27a elementor-widget elementor-widget-text-editor\" data-id=\"25cff27a\" data-element_type=\"widget\" data-e-type=\"widget\" data-widget_type=\"text-editor.default\">\n\t\t\t\t<div class=\"elementor-widget-container\">\n\t\t\t\t\t\t\t\t\t<p>Derni\u00e8re mise \u00e0 jour : [Update Date]<\/p>\n<p>Merci d&rsquo;avoir choisi d&rsquo;utiliser nos services en ligne (ci-apr\u00e8s d\u00e9nomm\u00e9s les \u00ab Services \u00bb). Votre vie priv\u00e9e est d&rsquo;une grande importance pour nous. La pr\u00e9sente politique de confidentialit\u00e9 fournit des informations sur les types d&rsquo;informations que nous collectons, la mani\u00e8re dont elles sont utilis\u00e9es et la mani\u00e8re dont nous prot\u00e9geons ces informations.  <\/p>\n<p><strong>Collecte et utilisation des informations<\/strong><\/p>\n<p>Lorsque vous utilisez nos Services, nous pouvons collecter certaines informations personnelles. Ces informations peuvent \u00eatre collect\u00e9es directement aupr\u00e8s de vous ou automatiquement. Les informations personnelles que nous collectons, sans s&rsquo;y limiter, peuvent inclure :  <\/p>\n<p>Votre nom, vos coordonn\u00e9es et autres d\u00e9tails d&rsquo;identification.<\/p>\n<p>Informations techniques sur votre navigateur Internet et votre appareil.<\/p>\n<p>Informations sur la mani\u00e8re dont vous utilisez nos Services, statistiques de vues de pages, trafic et autres donn\u00e9es de communication.<\/p>\n<p>Nous pouvons utiliser ces informations aux fins suivantes :<\/p>\n<p>Pour vous fournir et g\u00e9rer nos Services.<\/p>\n<p>Pour am\u00e9liorer, personnaliser et enrichir nos Services.<\/p>\n<p>Pour communiquer avec vous et vous envoyer des informations.<\/p>\n<p>Pour satisfaire \u00e0 nos obligations l\u00e9gales.<\/p>\n<p><strong>Cookies<\/strong><\/p>\n<p>Les cookies sont d\u00e9finis comme de petits fichiers de donn\u00e9es qui sont g\u00e9n\u00e9ralement plac\u00e9s sur votre appareil via votre navigateur Web. Nous pouvons utiliser des cookies lorsque vous utilisez nos Services. Les cookies peuvent nous aider \u00e0 m\u00e9moriser vos pr\u00e9f\u00e9rences, \u00e0 assurer la s\u00e9curit\u00e9 et \u00e0 collecter des donn\u00e9es de performance.  <\/p>\n<p><strong>Vos droits de confidentialit\u00e9<\/strong><\/p>\n<p>Nous comprenons votre droit \u00e0 prot\u00e9ger la confidentialit\u00e9 de vos informations personnelles. Vous avez le droit de savoir quelles informations sont collect\u00e9es, comment elles sont utilis\u00e9es et avec qui elles sont partag\u00e9es. De plus, vous avez le droit de demander la correction, la suppression ou la limitation de l&rsquo;utilisation de vos informations.  <\/p>\n<p>Pour exercer les droits d\u00e9crits dans cette politique de confidentialit\u00e9 ou pour toute question concernant vos donn\u00e9es personnelles, vous pouvez nous contacter via la section [Informations de contact].<\/p>\n<p><strong>Changements \u00e0 la politique de confidentialit\u00e9<\/strong><\/p>\n<p>Cette politique de confidentialit\u00e9 peut \u00eatre mise \u00e0 jour de temps \u00e0 autre. Lorsque des modifications seront apport\u00e9es, nous r\u00e9viserons la date de la derni\u00e8re mise \u00e0 jour. Il est de votre responsabilit\u00e9 de suivre ces changements, et votre utilisation continue de nos Services signifiera votre acceptation des changements.  <\/p>\n<p>Pour plus d&rsquo;informations, vous pouvez nous contacter via la section [Contact Information].<\/p>\t\t\t\t\t\t\t\t<\/div>\n\t\t\t\t<\/div>\n\t\t\t\t\t<\/div>\n\t\t<\/div>\n\t\t\t\t\t<\/div>\n\t\t<\/section>\n\t\t\t\t<\/div>\n\t\t","protected":false},"excerpt":{"rendered":"<p>Derni\u00e8re mise \u00e0 jour : [Update Date] Merci d&rsquo;avoir choisi d&rsquo;utiliser nos services en ligne (ci-apr\u00e8s d\u00e9nomm\u00e9s les \u00ab Services \u00bb). Votre vie priv\u00e9e est d&rsquo;une grande importance pour nous. La pr\u00e9sente politique de confidentialit\u00e9 fournit des informations sur les types d&rsquo;informations que nous collectons, la mani\u00e8re dont elles sont utilis\u00e9es et la mani\u00e8re dont [&hellip;]<\/p>\n","protected":false},"author":1,"featured_media":0,"parent":0,"menu_order":0,"comment_status":"closed","ping_status":"closed","template":"","meta":{"footnotes":""},"class_list":["post-46756","page","type-page","status-publish","hentry"],"_links":{"self":[{"href":"https:\/\/steeling.net\/fr\/wp-json\/wp\/v2\/pages\/46756","targetHints":{"allow":["GET"]}}],"collection":[{"href":"https:\/\/steeling.net\/fr\/wp-json\/wp\/v2\/pages"}],"about":[{"href":"https:\/\/steeling.net\/fr\/wp-json\/wp\/v2\/types\/page"}],"author":[{"embeddable":true,"href":"https:\/\/steeling.net\/fr\/wp-json\/wp\/v2\/users\/1"}],"replies":[{"embeddable":true,"href":"https:\/\/steeling.net\/fr\/wp-json\/wp\/v2\/comments?post=46756"}],"version-history":[{"count":1,"href":"https:\/\/steeling.net\/fr\/wp-json\/wp\/v2\/pages\/46756\/revisions"}],"predecessor-version":[{"id":46757,"href":"https:\/\/steeling.net\/fr\/wp-json\/wp\/v2\/pages\/46756\/revisions\/46757"}],"wp:attachment":[{"href":"https:\/\/steeling.net\/fr\/wp-json\/wp\/v2\/media?parent=46756"}],"curies":[{"name":"wp","href":"https:\/\/api.w.org\/{rel}","templated":true}]}}