{"id":46727,"date":"2023-09-14T13:13:54","date_gmt":"2023-09-14T10:13:54","guid":{"rendered":"https:\/\/steeling.net\/politique-de-responsabilite-sociale-dentreprise\/"},"modified":"2026-04-25T00:46:09","modified_gmt":"2026-04-24T21:46:09","slug":"politique-de-responsabilite-sociale-dentreprise","status":"publish","type":"page","link":"https:\/\/steeling.net\/fr\/politique-de-responsabilite-sociale-dentreprise\/","title":{"rendered":"Politique de responsabilit\u00e9 sociale d&rsquo;entreprise"},"content":{"rendered":"\n<div id=\"wp-block-themeisle-blocks-advanced-columns-507201e4\" class=\"wp-block-themeisle-blocks-advanced-columns alignwide has-1-columns has-desktop-equal-layout has-tablet-equal-layout has-mobile-equal-layout has-vertical-unset\"><div class=\"wp-block-themeisle-blocks-advanced-columns-overlay\"><\/div><div class=\"innerblocks-wrap\">\n<main id=\"wp-block-themeisle-blocks-advanced-column-cc0f2535\" class=\"wp-block-themeisle-blocks-advanced-column\">\n<h1 class=\"wp-block-heading\">Steeling.net Politique de responsabilit\u00e9 sociale d&rsquo;entreprise<\/h1>\n\n\n\n<p><strong>Vision :<\/strong> Chez Steeling.net, nous visons non seulement \u00e0 \u00eatre des leaders dans la commercialisation de produits sid\u00e9rurgiques, mais aussi \u00e0 \u00eatre des pionniers dans la cr\u00e9ation d&rsquo;un impact positif sur l&rsquo;environnement, la soci\u00e9t\u00e9 et les parties prenantes. Nous menons nos activit\u00e9s de mani\u00e8re \u00e0 soutenir le d\u00e9veloppement de la soci\u00e9t\u00e9 et \u00e0 assumer nos responsabilit\u00e9s dans le domaine du d\u00e9veloppement durable.<\/p>\n\n\n\n<p><span style=\"box-sizing: border-box; font-weight: bolder;\">Mission :<\/span> Notre mission est de produire des produits de haute qualit\u00e9 tout en respectant l&rsquo;environnement, en \u00e9tant sensibles aux besoins soci\u00e9taux et en r\u00e9pondant aux attentes de nos parties prenantes. Nous agissons conform\u00e9ment aux principes de la responsabilit\u00e9 sociale des entreprises, en consid\u00e9rant la cr\u00e9ation de valeur ajout\u00e9e pour nos employ\u00e9s, la soci\u00e9t\u00e9 et l&rsquo;environnement comme notre principe fondamental.<\/p>\n\n\n\n<p><strong>Responsabilit\u00e9 environnementale :<\/strong> Nous sommes conscients de notre responsabilit\u00e9 environnementale. Nous nous engageons \u00e0 accro\u00eetre l&rsquo;efficacit\u00e9 \u00e9nerg\u00e9tique et l&rsquo;utilisation des ressources, \u00e0 r\u00e9duire les d\u00e9chets, \u00e0 promouvoir le recyclage et \u00e0 investir dans des technologies respectueuses de l&rsquo;environnement pour mener nos op\u00e9rations de mani\u00e8re durable. <\/p>\n\n\n\n<p><strong>Contribution sociale :<\/strong> Nous assumons notre responsabilit\u00e9 soci\u00e9tale en participant \u00e0 des activit\u00e9s dans les domaines de l\u2019\u00e9ducation, de la sant\u00e9, de la culture et du d\u00e9veloppement social. Nous soutenons des projets de b\u00e9n\u00e9volat, offrons des opportunit\u00e9s \u00e9ducatives et organisons des programmes d\u2019aide sociale pour am\u00e9liorer le bien-\u00eatre de nos employ\u00e9s et de la communaut\u00e9. <\/p>\n\n\n\n<p><strong>Bien-\u00eatre des employ\u00e9s :<\/strong> Nous consid\u00e9rons nos employ\u00e9s comme nos atouts les plus pr\u00e9cieux. Nous nous engageons \u00e0 am\u00e9liorer continuellement les conditions de travail, en nous concentrant sur leur s\u00e9curit\u00e9 et leur sant\u00e9. Nous adh\u00e9rons aux principes de recrutement \u00e9quitable, d&rsquo;\u00e9galit\u00e9 des chances, de d\u00e9veloppement professionnel et d&rsquo;\u00e9quilibre entre vie professionnelle et vie priv\u00e9e. Collaboration avec les parties prenantes : En collaborant avec toutes les parties prenantes, des fournisseurs aux clients, nous visons \u00e0 diffuser nos valeurs de responsabilit\u00e9 sociale d&rsquo;entreprise. Une communication transparente, un engagement envers des valeurs \u00e9thiques et des relations \u00e0 long terme font partie de nos principales priorit\u00e9s.   <\/p>\n\n\n\n<p>Cette politique refl\u00e8te les principes et les objectifs de responsabilit\u00e9 sociale d&rsquo;entreprise auxquels nous nous engageons en tant que Steeling.net. L&rsquo;\u00e9valuation de nos activit\u00e9s du point de vue de la durabilit\u00e9 et des avantages soci\u00e9taux est un aspect fondamental de notre activit\u00e9. <\/p>\n<\/main>\n<\/div><\/div>\n","protected":false},"excerpt":{"rendered":"","protected":false},"author":1,"featured_media":0,"parent":0,"menu_order":0,"comment_status":"closed","ping_status":"closed","template":"","meta":{"footnotes":""},"class_list":["post-46727","page","type-page","status-publish","hentry"],"_links":{"self":[{"href":"https:\/\/steeling.net\/fr\/wp-json\/wp\/v2\/pages\/46727","targetHints":{"allow":["GET"]}}],"collection":[{"href":"https:\/\/steeling.net\/fr\/wp-json\/wp\/v2\/pages"}],"about":[{"href":"https:\/\/steeling.net\/fr\/wp-json\/wp\/v2\/types\/page"}],"author":[{"embeddable":true,"href":"https:\/\/steeling.net\/fr\/wp-json\/wp\/v2\/users\/1"}],"replies":[{"embeddable":true,"href":"https:\/\/steeling.net\/fr\/wp-json\/wp\/v2\/comments?post=46727"}],"version-history":[{"count":1,"href":"https:\/\/steeling.net\/fr\/wp-json\/wp\/v2\/pages\/46727\/revisions"}],"predecessor-version":[{"id":46728,"href":"https:\/\/steeling.net\/fr\/wp-json\/wp\/v2\/pages\/46727\/revisions\/46728"}],"wp:attachment":[{"href":"https:\/\/steeling.net\/fr\/wp-json\/wp\/v2\/media?parent=46727"}],"curies":[{"name":"wp","href":"https:\/\/api.w.org\/{rel}","templated":true}]}}