{"id":29568,"date":"2024-01-05T02:14:56","date_gmt":"2024-01-04T23:14:56","guid":{"rendered":"https:\/\/steeling.net\/request-your-custom-metal-solutions-quote-today\/"},"modified":"2026-03-15T00:52:44","modified_gmt":"2026-03-14T21:52:44","slug":"request-your-custom-metal-solutions-quote-today","status":"publish","type":"page","link":"https:\/\/steeling.net\/fr\/request-your-custom-metal-solutions-quote-today\/","title":{"rendered":"Demandez votre quotation de solutions m\u00e9talliques personnalis\u00e9es aujourd&rsquo;hui!"},"content":{"rendered":"\n<div id=\"wp-block-themeisle-blocks-advanced-columns-fc8b658d\" class=\"wp-block-themeisle-blocks-advanced-columns has-2-columns has-desktop-equal-layout has-tablet-equal-layout has-mobile-collapsedRows-layout has-vertical-top\"><div class=\"wp-block-themeisle-blocks-advanced-columns-overlay\"><\/div><div class=\"innerblocks-wrap\">\n<div id=\"wp-block-themeisle-blocks-advanced-column-266f21cb\" class=\"wp-block-themeisle-blocks-advanced-column card has-light-bg\">\n<h1 class=\"wp-block-heading has-text-align-center\">Demandez votre devis de solutions m\u00e9talliques personnalis\u00e9es aujourd&rsquo;hui !<\/h1>\n\n\n\n<div id=\"wp-block-themeisle-blocks-form-72a3287a\" class=\"wp-block-themeisle-blocks-form has-captcha\" data-option-name=\"bf9b28ff82ce323187abc5d0feb0d8f07ecd8436_72a3287a\"><form class=\"otter-form__container\">\n<div id=\"wp-block-themeisle-blocks-form-input-236a784e\" class=\"wp-block-themeisle-blocks-form-input is-style-hidden-label\"><label for=\"wp-block-themeisle-blocks-form-input-236a784e-input\" class=\"otter-form-input-label\"><span class=\"otter-form-input-label__label\">Nom<\/span><span class=\"required\">*<\/span><\/label><input type=\"text\" id=\"wp-block-themeisle-blocks-form-input-236a784e-input\" required=\"\" placeholder=\"Nom\" class=\"otter-form-input\"><\/div>\n\n\n\n<div id=\"wp-block-themeisle-blocks-form-input-80534768\" class=\"wp-block-themeisle-blocks-form-input is-style-hidden-label\"><label for=\"wp-block-themeisle-blocks-form-input-80534768-input\" class=\"otter-form-input-label\"><span class=\"otter-form-input-label__label\">Email<\/span><span class=\"required\">*<\/span><\/label><input type=\"email\" id=\"wp-block-themeisle-blocks-form-input-80534768-input\" required=\"\" placeholder=\"Courriel\" class=\"otter-form-input\"><\/div>\n\n\n\n<div id=\"wp-block-themeisle-blocks-form-input-cc396bec\" class=\"wp-block-themeisle-blocks-form-input is-style-hidden-label\"><label for=\"wp-block-themeisle-blocks-form-input-cc396bec-input\" class=\"otter-form-input-label\"><span class=\"otter-form-input-label__label\">T\u00e9l\u00e9phone<\/span><\/label><input type=\"number\" id=\"wp-block-themeisle-blocks-form-input-cc396bec-input\" placeholder=\"T\u00e9l\u00e9phone\" class=\"otter-form-input\"><\/div>\n\n\n\n\n\n<div id=\"wp-block-themeisle-blocks-form-textarea-c65bf0ae\" class=\"wp-block-themeisle-blocks-form-textarea is-style-hidden-label\"><label for=\"wp-block-themeisle-blocks-form-textarea-c65bf0ae-input\" class=\"otter-form-textarea-label\"><span class=\"otter-form-textarea-label__label\">Message<\/span><\/label><textarea id=\"wp-block-themeisle-blocks-form-textarea-c65bf0ae-input\" placeholder=\"Message\" rows=\"10\" class=\"otter-form-textarea-input\"><\/textarea><\/div>\n\n\n\n\n<div class=\"wp-block-button full\"><button class=\"wp-block-button__link\" type=\"submit\">Submit<\/button><\/div><\/form><\/div>\n<\/div>\n\n\n\n<div id=\"wp-block-themeisle-blocks-advanced-column-dad570aa\" class=\"wp-block-themeisle-blocks-advanced-column\">\n<figure class=\"wp-block-image size-large\"><img fetchpriority=\"high\" decoding=\"async\" width=\"1024\" height=\"399\" src=\"https:\/\/steeling.net\/wp-content\/uploads\/2024\/02\/steeling-about-page-spare-parts-workshop-create-with-DALL-E-1024x399.webp\" alt=\"\" class=\"wp-image-29740\"\/><\/figure>\n\n\n\n<p><strong>Solutions M\u00e9talliques Personnalis\u00e9es \u00e0 Port\u00e9e de Main !<\/strong><\/p>\n\n\n\n<p>Bienvenue sur Steeling.Net, votre passerelle vers les meilleurs fabricants de l\u2019industrie m\u00e9tallique de Turquie. Sp\u00e9cialis\u00e9s dans une large gamme de produits et services, nous nous adressons aux entreprises et aux grossistes du monde entier \u00e0 la recherche d\u2019excellence dans le travail des m\u00e9taux. Notre r\u00e9seau de partenaires est riche en expertise, offrant tout, du traitement de la t\u00f4le et de l\u2019acier aux machines complexes et aux \u00e9quipements automobiles.  <\/p>\n\n\n\n<p><strong>Pourquoi choisir Steeling.Net ?<\/strong><\/p>\n\n\n\n<ul class=\"wp-block-list\">\n<li><strong>Large gamme de mat\u00e9riaux<\/strong> : De la t\u00f4le \u00e0 l\u2019acier, en passant par l\u2019aluminium et plus encore, nos partenaires offrent une vaste s\u00e9lection pour r\u00e9pondre \u00e0 tous vos besoins en mati\u00e8re de m\u00e9taux.<\/li>\n\n\n\n<li><strong>Services complets<\/strong> : Qu&rsquo;il s&rsquo;agisse de d\u00e9coupe, de pliage, d&rsquo;usinage ou de solutions d&rsquo;ing\u00e9nierie, nous offrons une gamme compl\u00e8te de services pour concr\u00e9tiser votre vision.<\/li>\n\n\n\n<li><strong>Produits de qualit\u00e9<\/strong> : Notre catalogue comprend des tuyaux, des profil\u00e9s, des syst\u00e8mes d&rsquo;\u00e9tag\u00e8res et bien plus encore, tous adapt\u00e9s \u00e0 vos besoins sp\u00e9cifiques.<\/li>\n<\/ul>\n\n\n\n<p><strong>Connectez-vous avec des fabricants turcs de classe mondiale<\/strong> Steeling.Net comble le foss\u00e9 entre vous et les meilleurs fabricants turcs, vous garantissant des solutions m\u00e9talliques fiables, rentables et \u00e0 long terme.<\/p>\n\n\n\n<p><strong>Obtenez votre devis maintenant !<\/strong> Pr\u00eat \u00e0 explorer comment nous pouvons faire la diff\u00e9rence dans votre projet ? Remplissez notre formulaire de demande de devis avec vos besoins sp\u00e9cifiques, et nous vous mettrons en relation avec les meilleures solutions rapidement. Votre voyage vers la qualit\u00e9 et l&rsquo;abordabilit\u00e9 dans l&rsquo;industrie m\u00e9tallique commence ici !  <\/p>\n<\/div>\n<\/div><\/div>\n","protected":false},"excerpt":{"rendered":"","protected":false},"author":1,"featured_media":29730,"parent":0,"menu_order":0,"comment_status":"closed","ping_status":"closed","template":"elementor_theme","meta":{"footnotes":""},"class_list":["post-29568","page","type-page","status-publish","has-post-thumbnail","hentry"],"_links":{"self":[{"href":"https:\/\/steeling.net\/fr\/wp-json\/wp\/v2\/pages\/29568","targetHints":{"allow":["GET"]}}],"collection":[{"href":"https:\/\/steeling.net\/fr\/wp-json\/wp\/v2\/pages"}],"about":[{"href":"https:\/\/steeling.net\/fr\/wp-json\/wp\/v2\/types\/page"}],"author":[{"embeddable":true,"href":"https:\/\/steeling.net\/fr\/wp-json\/wp\/v2\/users\/1"}],"replies":[{"embeddable":true,"href":"https:\/\/steeling.net\/fr\/wp-json\/wp\/v2\/comments?post=29568"}],"version-history":[{"count":0,"href":"https:\/\/steeling.net\/fr\/wp-json\/wp\/v2\/pages\/29568\/revisions"}],"wp:featuredmedia":[{"embeddable":true,"href":"https:\/\/steeling.net\/fr\/wp-json\/wp\/v2\/media\/29730"}],"wp:attachment":[{"href":"https:\/\/steeling.net\/fr\/wp-json\/wp\/v2\/media?parent=29568"}],"curies":[{"name":"wp","href":"https:\/\/api.w.org\/{rel}","templated":true}]}}