{"id":29216,"date":"2021-08-30T07:14:47","date_gmt":"2021-08-30T04:14:47","guid":{"rendered":"https:\/\/steeling.net\/nous-contacter\/"},"modified":"2026-03-09T22:00:46","modified_gmt":"2026-03-09T19:00:46","slug":"nous-contacter","status":"publish","type":"page","link":"https:\/\/steeling.net\/fr\/nous-contacter\/","title":{"rendered":"Contactez-nous"},"content":{"rendered":"\t\t<div data-elementor-type=\"wp-page\" data-elementor-id=\"29216\" class=\"elementor elementor-29216 elementor-10630\" data-elementor-post-type=\"page\">\n\t\t\t\t\t\t<section class=\"elementor-section elementor-top-section elementor-element elementor-element-3f049f0 elementor-section-boxed elementor-section-height-default elementor-section-height-default\" data-id=\"3f049f0\" data-element_type=\"section\" data-e-type=\"section\">\n\t\t\t\t\t\t<div class=\"elementor-container elementor-column-gap-default\">\n\t\t\t\t\t<div class=\"elementor-column elementor-col-50 elementor-top-column elementor-element elementor-element-eae39b3\" data-id=\"eae39b3\" data-element_type=\"column\" data-e-type=\"column\">\n\t\t\t<div class=\"elementor-widget-wrap elementor-element-populated\">\n\t\t\t\t\t\t<div class=\"elementor-element elementor-element-66d5d77 elementor-widget elementor-widget-text-editor\" data-id=\"66d5d77\" data-element_type=\"widget\" data-e-type=\"widget\" data-widget_type=\"text-editor.default\">\n\t\t\t\t<div class=\"elementor-widget-container\">\n\t\t\t\t\t\t\t\t\t<p><strong>Nous vous remercions de l&rsquo;int\u00e9r\u00eat que vous portez \u00e0 nos produits et services. Vous obtiendrez une r\u00e9ponse plus rapide si vous fournissez les informations suivantes dans vos demandes de devis : <\/strong><br>&#8211; <b>Mat\u00e9riau<\/b> : Standard, dimensions, quantit\u00e9 initiale et totale de la commande<br>&#8211; <b>Services<\/b> : Dessins techniques (DWG, DXF ou STEP), image du produit, informations sur le mat\u00e9riau, quantit\u00e9 de commande et d\u00e9lai de livraison<br>&#8211; <b>Produits m\u00e9talliques<\/b> : Toutes les informations n\u00e9cessaires pour garantir la qualit\u00e9 du produit souhait\u00e9.<\/p><p>En plus de l&rsquo;entreprise et des informations de contact, si vous avez un prix cible, il vous sera plus facile d&rsquo;obtenir des r\u00e9sultats. Les informations sur l&rsquo;endroit o\u00f9 vous utiliserez le mat\u00e9riel\/service que vous achetez nous permettent \u00e9galement de vous proposer des alternatives plus adapt\u00e9es. <\/p><p>Si vous avez des questions, vous pouvez \u00e9galement communiquer par WhatsApp ou par t\u00e9l\u00e9phone.<\/p><p>Contactez-nous :<br>E-mail : <a href=\"mailto:sales@steeling.net\">sales@steeling.net<\/a><br>T\u00e9l\u00e9phone &amp; Whatsapp : <a href=\"http:\/\/wa.me\/905332126595\" target=\"_blank\" rel=\"noopener\">+905332126595<\/a><br>Adresse : Akdeniz Mah. 1347 Sk. 8\/608 Konak Izmir TURQUIE<\/p>\t\t\t\t\t\t\t\t<\/div>\n\t\t\t\t<\/div>\n\t\t\t\t<div class=\"elementor-element elementor-element-bfcbac7 elementor-widget elementor-widget-image\" data-id=\"bfcbac7\" data-element_type=\"widget\" data-e-type=\"widget\" data-widget_type=\"image.default\">\n\t\t\t\t<div class=\"elementor-widget-container\">\n\t\t\t\t\t\t\t\t\t\t\t\t\t\t\t<img fetchpriority=\"high\" decoding=\"async\" width=\"1024\" height=\"1024\" src=\"https:\/\/steeling.net\/wp-content\/uploads\/2024\/02\/steeling-about-page-spare-parts-workshop-create-with-DALL-E.webp\" class=\"attachment-full size-full wp-image-29742\" alt=\"\" srcset=\"https:\/\/steeling.net\/wp-content\/uploads\/2024\/02\/steeling-about-page-spare-parts-workshop-create-with-DALL-E.webp 1024w, https:\/\/steeling.net\/wp-content\/uploads\/2024\/02\/steeling-about-page-spare-parts-workshop-create-with-DALL-E-80x80.webp 80w, https:\/\/steeling.net\/wp-content\/uploads\/2024\/02\/steeling-about-page-spare-parts-workshop-create-with-DALL-E-778x778.webp 778w\" sizes=\"(max-width: 1024px) 100vw, 1024px\" title=\"\">\t\t\t\t\t\t\t\t\t\t\t\t\t\t\t<\/div>\n\t\t\t\t<\/div>\n\t\t\t\t\t<\/div>\n\t\t<\/div>\n\t\t\t\t<div class=\"elementor-column elementor-col-50 elementor-top-column elementor-element elementor-element-f560310\" data-id=\"f560310\" data-element_type=\"column\" data-e-type=\"column\">\n\t\t\t<div class=\"elementor-widget-wrap elementor-element-populated\">\n\t\t\t\t\t\t<div class=\"elementor-element elementor-element-0c488b6 elementor-widget elementor-widget-jet-form-builder-form\" data-id=\"0c488b6\" data-element_type=\"widget\" data-e-type=\"widget\" data-widget_type=\"jet-form-builder-form.default\">\n\t\t\t\t<div class=\"elementor-widget-container\">\n\t\t\t\t\t<link rel='stylesheet' id='wp-block-library-css' href='https:\/\/steeling.net\/wp-includes\/css\/dist\/block-library\/style.min.css?ver=6.9.4' media='all' \/>\n<style id=\"jet-form-builder-31656-inline-css\"><\/style><form  class=\"jet-form-builder layout-column submit-type-reload\" action=\"https:\/\/steeling.net\/fr\/wp-json\/wp\/v2\/pages\/29216\/?6nw3Qq=A8TaG6BgUj&amp;method=reload\" method=\"POST\" data-form-id=\"31656\" data-layout=\"column\" enctype=\"multipart\/form-data\" novalidate=\"null\" ssr_validation_method=\"rest\"><input type=\"hidden\" id=\"_wpnonce\" name=\"_wpnonce\" value=\"ddcd9e98c9\" \/><input type=\"hidden\" name=\"_wp_http_referer\" value=\"\/fr\/wp-json\/wp\/v2\/pages\/29216\" \/>\r\n<input type=\"hidden\" name=\"_jfb_current_render_states[]\" value=\"DEFAULT.STATE\" data-jfb-sync \/><input type=\"hidden\" class=\"jet-form-builder__field hidden-field\" name=\"_jet_engine_booking_form_id\" data-field-name=\"_jet_engine_booking_form_id\" value=\"31656\">\n<input type=\"hidden\" class=\"jet-form-builder__field hidden-field\" name=\"_jet_engine_refer\" data-field-name=\"_jet_engine_refer\" value=\"https:\/\/steeling.net\/fr\/wp-json\/wp\/v2\/pages\/29216\/\">\n<input type=\"hidden\" class=\"jet-form-builder__field hidden-field\" name=\"__queried_post_id\" data-field-name=\"__queried_post_id\" value=\"29216\">\n<div  class=\"jet-form-builder-row field-type-text-field\" >\n<div class=\"jet-form-builder__label\">\r\n<div class=\"jet-form-builder__label-text\">Email <span class=\"jet-form-builder__required\">*<\/span><\/div><\/div><div class=\"jet-form-builder__field-wrap\">\n\t\t\t\t<input required=\"required\" name=\"email\" id=\"email\" type=\"email\" data-field-name=\"email\" class=\"jet-form-builder__field text-field\" data-jfb-sync=\"null\" autocomplete=\"off_yPiVzjFo\">\n\t\t\t\t\t<\/div>\n<\/div>\n\n<div  class=\"jet-form-builder-row field-type-text-field\" >\n<div class=\"jet-form-builder__label\">\r\n<div class=\"jet-form-builder__label-text\">Subject <span class=\"jet-form-builder__required\">*<\/span><\/div><\/div><div class=\"jet-form-builder__field-wrap\">\n\t\t\t\t<input required=\"required\" name=\"subject\" id=\"subject\" type=\"text\" data-field-name=\"subject\" class=\"jet-form-builder__field text-field\" data-jfb-sync=\"null\" autocomplete=\"off_uiMIr21l\">\n\t\t\t\t\t<\/div>\n<\/div>\n\n<div  class=\"jet-form-builder-row field-type-textarea-field\" >\n<div class=\"jet-form-builder__label\">\r\n<div class=\"jet-form-builder__label-text\">Message <span class=\"jet-form-builder__required\">*<\/span><\/div><\/div><div class=\"jet-form-builder__field-wrap\">\n\t\t<textarea class=\"jet-form-builder__field textarea-field\" required=\"required\" name=\"message\" data-field-name=\"message\" id=\"message\" data-jfb-sync=\"null\"><\/textarea>\n\t<\/div>\n<\/div>\n\n<div  class=\"jet-form-builder-row field-type-submit-field\" >\n\t<div data-type=\"submit\" class=\"jet-form-builder__action-button-wrapper jet-form-builder__submit-wrap\">\n\t<button class=\"jet-form-builder__action-button jet-form-builder__submit submit-type-reload\" type=\"submit\">Submit<\/button>\n\t<\/div>\n\t\n<\/div>\t<div class=\"jet-form-builder-messages-wrap\" data-form-id=\"31656\"><\/div>\n<\/form>\n\t\t\t\t<\/div>\n\t\t\t\t<\/div>\n\t\t\t\t<div class=\"elementor-element elementor-element-a45c0b2 e-grid-align-left elementor-shape-rounded elementor-grid-0 elementor-widget elementor-widget-social-icons\" data-id=\"a45c0b2\" data-element_type=\"widget\" data-e-type=\"widget\" data-widget_type=\"social-icons.default\">\n\t\t\t\t<div class=\"elementor-widget-container\">\n\t\t\t\t\t\t\t<div class=\"elementor-social-icons-wrapper elementor-grid\" role=\"list\">\n\t\t\t\t\t\t\t<span class=\"elementor-grid-item\" role=\"listitem\">\n\t\t\t\t\t<a class=\"elementor-icon elementor-social-icon elementor-social-icon-facebook elementor-repeater-item-3e95a33\" href=\"https:\/\/www.facebook.com\/people\/SteelingNet\/61550939512511\/\" target=\"_blank\" rel=\"noopener\">\n\t\t\t\t\t\t<span class=\"elementor-screen-only\">Facebook<\/span>\n\t\t\t\t\t\t<i aria-hidden=\"true\" class=\"fab fa-facebook\"><\/i>\t\t\t\t\t<\/a>\n\t\t\t\t<\/span>\n\t\t\t\t\t\t\t<span class=\"elementor-grid-item\" role=\"listitem\">\n\t\t\t\t\t<a class=\"elementor-icon elementor-social-icon elementor-social-icon-instagram elementor-repeater-item-b8b61a4\" href=\"https:\/\/www.instagram.com\/steelingnet\/\" target=\"_blank\" rel=\"noopener\">\n\t\t\t\t\t\t<span class=\"elementor-screen-only\">Instagram<\/span>\n\t\t\t\t\t\t<i aria-hidden=\"true\" class=\"fab fa-instagram\"><\/i>\t\t\t\t\t<\/a>\n\t\t\t\t<\/span>\n\t\t\t\t\t\t\t<span class=\"elementor-grid-item\" role=\"listitem\">\n\t\t\t\t\t<a class=\"elementor-icon elementor-social-icon elementor-social-icon-linkedin elementor-repeater-item-a05d6e4\" href=\"https:\/\/www.linkedin.com\/company\/steeling-net\" target=\"_blank\" rel=\"noopener\">\n\t\t\t\t\t\t<span class=\"elementor-screen-only\">Linkedin<\/span>\n\t\t\t\t\t\t<i aria-hidden=\"true\" class=\"fab fa-linkedin\"><\/i>\t\t\t\t\t<\/a>\n\t\t\t\t<\/span>\n\t\t\t\t\t<\/div>\n\t\t\t\t\t\t<\/div>\n\t\t\t\t<\/div>\n\t\t\t\t<div class=\"elementor-element elementor-element-6959386 elementor-widget elementor-widget-google_maps\" data-id=\"6959386\" data-element_type=\"widget\" data-e-type=\"widget\" data-widget_type=\"google_maps.default\">\n\t\t\t\t<div class=\"elementor-widget-container\">\n\t\t\t\t\t\t\t<div class=\"elementor-custom-embed\">\n\t\t\t<iframe loading=\"lazy\"\n\t\t\t\t\tsrc=\"https:\/\/maps.google.com\/maps?q=Akdeniz%20Mh.%20Akdeniz%20C.%201347%20sk.%20No.8%2F608%20Konak%20%2F%20%C4%B0zmir%20%E2%80%93%20T%C3%9CRK%C4%B0YE&#038;t=m&#038;z=14&#038;output=embed&#038;iwloc=near\"\n\t\t\t\t\ttitle=\"Akdeniz Mh. Akdeniz C. 1347 sk. No.8\/608 Konak \/ \u0130zmir \u2013 T\u00dcRK\u0130YE\"\n\t\t\t\t\taria-label=\"Akdeniz Mh. Akdeniz C. 1347 sk. No.8\/608 Konak \/ \u0130zmir \u2013 T\u00dcRK\u0130YE\"\n\t\t\t><\/iframe>\n\t\t<\/div>\n\t\t\t\t\t\t<\/div>\n\t\t\t\t<\/div>\n\t\t\t\t\t<\/div>\n\t\t<\/div>\n\t\t\t\t\t<\/div>\n\t\t<\/section>\n\t\t\t\t<section class=\"elementor-section elementor-top-section elementor-element elementor-element-e49d9d4 elementor-section-boxed elementor-section-height-default elementor-section-height-default\" data-id=\"e49d9d4\" data-element_type=\"section\" data-e-type=\"section\">\n\t\t\t\t\t\t<div class=\"elementor-container elementor-column-gap-default\">\n\t\t\t\t\t<div class=\"elementor-column elementor-col-100 elementor-top-column elementor-element elementor-element-5f6c6a0\" data-id=\"5f6c6a0\" data-element_type=\"column\" data-e-type=\"column\">\n\t\t\t<div class=\"elementor-widget-wrap\">\n\t\t\t\t\t\t\t<\/div>\n\t\t<\/div>\n\t\t\t\t\t<\/div>\n\t\t<\/section>\n\t\t\t\t<\/div>\n\t\t","protected":false},"excerpt":{"rendered":"<p>Nous vous remercions de l&rsquo;int\u00e9r\u00eat que vous portez \u00e0 nos produits et services. Vous obtiendrez une r\u00e9ponse plus rapide si vous fournissez les informations suivantes dans vos demandes de devis : &#8211; Mat\u00e9riau : Standard, dimensions, quantit\u00e9 initiale et totale de la commande&#8211; Services : Dessins techniques (DWG, DXF ou STEP), image du produit, informations [&hellip;]<\/p>\n","protected":false},"author":1,"featured_media":29730,"parent":0,"menu_order":0,"comment_status":"closed","ping_status":"closed","template":"","meta":{"footnotes":""},"class_list":["post-29216","page","type-page","status-publish","has-post-thumbnail","hentry"],"_links":{"self":[{"href":"https:\/\/steeling.net\/fr\/wp-json\/wp\/v2\/pages\/29216","targetHints":{"allow":["GET"]}}],"collection":[{"href":"https:\/\/steeling.net\/fr\/wp-json\/wp\/v2\/pages"}],"about":[{"href":"https:\/\/steeling.net\/fr\/wp-json\/wp\/v2\/types\/page"}],"author":[{"embeddable":true,"href":"https:\/\/steeling.net\/fr\/wp-json\/wp\/v2\/users\/1"}],"replies":[{"embeddable":true,"href":"https:\/\/steeling.net\/fr\/wp-json\/wp\/v2\/comments?post=29216"}],"version-history":[{"count":2,"href":"https:\/\/steeling.net\/fr\/wp-json\/wp\/v2\/pages\/29216\/revisions"}],"predecessor-version":[{"id":45276,"href":"https:\/\/steeling.net\/fr\/wp-json\/wp\/v2\/pages\/29216\/revisions\/45276"}],"wp:featuredmedia":[{"embeddable":true,"href":"https:\/\/steeling.net\/fr\/wp-json\/wp\/v2\/media\/29730"}],"wp:attachment":[{"href":"https:\/\/steeling.net\/fr\/wp-json\/wp\/v2\/media?parent=29216"}],"curies":[{"name":"wp","href":"https:\/\/api.w.org\/{rel}","templated":true}]}}