{"id":29188,"date":"2021-08-30T11:47:49","date_gmt":"2021-08-30T08:47:49","guid":{"rendered":"https:\/\/steeling.net\/a-propos-de-nous\/"},"modified":"2024-09-03T21:05:58","modified_gmt":"2024-09-03T18:05:58","slug":"a-propos-de-nous","status":"publish","type":"page","link":"https:\/\/steeling.net\/fr\/a-propos-de-nous\/","title":{"rendered":"\u00c0 propos de nous"},"content":{"rendered":"\n<div id=\"wp-block-themeisle-blocks-advanced-columns-67cdd78b\" class=\"wp-block-themeisle-blocks-advanced-columns alignwide has-1-columns has-desktop-equal-layout has-tablet-equal-layout has-mobile-equal-layout has-vertical-unset\"><div class=\"wp-block-themeisle-blocks-advanced-columns-overlay\"><\/div><div class=\"innerblocks-wrap\">\n<div id=\"wp-block-themeisle-blocks-advanced-column-7b1988da\" class=\"wp-block-themeisle-blocks-advanced-column\">\n<figure class=\"wp-block-image size-large is-resized\"><img fetchpriority=\"high\" decoding=\"async\" width=\"1066\" height=\"694\" src=\"https:\/\/steeling.net\/wp-content\/uploads\/2023\/09\/plasma-cutting-works-1066x694.webp\" alt=\"\" class=\"wp-image-26916\" style=\"object-fit:cover;width:1236px;height:400px\" title=\"\"><\/figure>\n\n\n<h1 class=\"wp-block-post-title\">\u00c0 propos de nous<\/h1>\n\n\n<p><strong>Qui sommes-nous ?<\/strong><\/p>\n\n\n\n<p>Steeling.Net est une plateforme pionni\u00e8re qui relie les principaux fabricants turcs de t\u00f4les et d&rsquo;acier aux entreprises et grossistes du monde entier qui utilisent des produits m\u00e9talliques. Avec une histoire profond\u00e9ment enracin\u00e9e dans l&rsquo;industrie du m\u00e9tal et un vaste r\u00e9seau de producteurs, nous offrons des solutions m\u00e9talliques de haute qualit\u00e9, fiables et \u00e0 des prix comp\u00e9titifs, con\u00e7ues pour r\u00e9pondre aux divers besoins de notre client\u00e8le mondiale.<br\/><br\/> <\/p>\n\n\n\n<p><strong>Notre expertise<\/strong><\/p>\n\n\n\n<p>Notre expertise couvre une gamme compl\u00e8te de mat\u00e9riaux, y compris la t\u00f4le, l&rsquo;acier, l&rsquo;aluminium et d&rsquo;autres m\u00e9taux sp\u00e9ciaux, ce qui nous permet de r\u00e9pondre aux exigences sp\u00e9cifiques de chaque projet. Nos fabricants partenaires sont m\u00e9ticuleusement s\u00e9lectionn\u00e9s pour leur engagement en mati\u00e8re de qualit\u00e9 et d&rsquo;innovation, ce qui fait de nous un nom de confiance dans le domaine de la production m\u00e9tallique.<br\/><br\/> <\/p>\n\n\n\n<p><strong>Les services que nous proposons<\/strong><\/p>\n\n\n\n<p>Steeling.Net propose un large \u00e9ventail de services con\u00e7us pour r\u00e9pondre \u00e0 tous les aspects de la transformation des m\u00e9taux :<\/p>\n\n\n\n<ul class=\"wp-block-list\">\n<li><a href=\"https:\/\/steeling.net\/services\/\" data-type=\"page\" data-id=\"12963\"><strong>D\u00e9coupe<\/strong><\/a> : Services de d\u00e9coupe de pr\u00e9cision pour r\u00e9pondre aux sp\u00e9cifications exactes, qu&rsquo;il s&rsquo;agisse de production \u00e0 grande \u00e9chelle ou de projets personnalis\u00e9s.<\/li>\n\n\n\n<li><a href=\"https:\/\/steeling.net\/fr\/services\/cnc-bending-service\/\" data-type=\"page\" data-id=\"26910\"><strong>Pliage <\/strong><\/a>: Techniques de pliage avanc\u00e9es qui garantissent la pr\u00e9cision et la r\u00e9p\u00e9tabilit\u00e9 pour tous les types de m\u00e9taux.<\/li>\n\n\n\n<li><a href=\"https:\/\/steeling.net\/fr\/services\/services-dusinage\/\" data-type=\"page\" data-id=\"26911\"><strong>Usinage <\/strong><\/a>: Usinage CNC de pointe pour les composants m\u00e9talliques complexes et d\u00e9taill\u00e9s.<\/li>\n\n\n\n<li><strong>Moulage et fonte<\/strong> : Services de moulage et de coul\u00e9e de haute qualit\u00e9 pour des pi\u00e8ces m\u00e9talliques durables et pr\u00e9cises.<\/li>\n\n\n\n<li><strong>Prototypage <\/strong>: Des services de prototypage rapide qui permettent de donner vie \u00e0 vos concepts de mani\u00e8re rapide et efficace.<\/li>\n\n\n\n<li><strong>Ing\u00e9nierie <\/strong>: Services d&rsquo;ing\u00e9nierie sp\u00e9cialis\u00e9s pour optimiser la fonctionnalit\u00e9 et la conception de vos produits m\u00e9talliques.<\/li>\n\n\n\n<li><a href=\"https:\/\/steeling.net\/fr\/products\/decoupe-sur-mesure\/\" data-type=\"page\" data-id=\"26961\"><strong>Coupe sur mesure<\/strong><\/a> : Des options de d\u00e9coupe sur mesure qui r\u00e9duisent les d\u00e9chets et augmentent l&rsquo;efficacit\u00e9 de votre cha\u00eene d&rsquo;approvisionnement.<\/li>\n<\/ul>\n\n\n\n<p><strong>Nos produits<\/strong><\/p>\n\n\n\n<p>Notre gamme de produits est \u00e9tendue et comprend, entre autres, les produits suivants :<\/p>\n\n\n\n<ul class=\"wp-block-list\">\n<li><a href=\"https:\/\/steeling.net\/fr\/materials\/acier-au-carbone\/36153-2\/\" data-type=\"page\" data-id=\"27551\"><strong>Tubes et profil\u00e9s<\/strong><\/a> : Tubes et profil\u00e9s durables et con\u00e7us avec pr\u00e9cision, adapt\u00e9s \u00e0 diverses applications industrielles.<\/li>\n\n\n\n<li><strong>Syst\u00e8mes de rayonnages<\/strong> : Solutions de rayonnage personnalisables pour le commerce de d\u00e9tail, l&rsquo;industrie et les besoins de stockage.<\/li>\n\n\n\n<li><strong>Connexions structurelles<\/strong> : Connecteurs structurels robustes con\u00e7us pour assurer la stabilit\u00e9 et la long\u00e9vit\u00e9 de la construction.<\/li>\n\n\n\n<li><strong>Stands et cadres<\/strong> : Stands et cadres sur mesure con\u00e7us pour des utilisations multiples dans diff\u00e9rents secteurs..<\/li>\n\n\n\n<li><strong>Machines et pi\u00e8ces d\u00e9tach\u00e9es<\/strong> : Machines et pi\u00e8ces d\u00e9tach\u00e9es de haute performance pour les op\u00e9rations industrielles.<\/li>\n\n\n\n<li><strong>\u00c9quipement automobile <\/strong>: Pi\u00e8ces et \u00e9quipements automobiles de qualit\u00e9 sup\u00e9rieure fabriqu\u00e9s selon des normes industrielles rigoureuses.<\/li>\n\n\n\n<li><strong>Mobilier <\/strong>: Meubles en m\u00e9tal alliant esth\u00e9tique et fonctionnalit\u00e9 pour l&rsquo;int\u00e9rieur et l&rsquo;ext\u00e9rieur.<\/li>\n<\/ul>\n\n\n\n\n<div id=\"rank-math-faq\" class=\"rank-math-block\">\n<div class=\"rank-math-list \">\n<div id=\"faq-question-1713725796546\" class=\"rank-math-list-item\">\n<h3 class=\"rank-math-question \">Pourquoi choisir Steeling.Net ?<\/h3>\n<div class=\"rank-math-answer \">\n\n<p>Choisir Steeling.Net, c&rsquo;est s&rsquo;associer \u00e0 un leader de l&rsquo;industrie de la production m\u00e9tallique connu pour <strong>sa fiabilit\u00e9<\/strong> : Nous fournissons des produits et des services de haute qualit\u00e9 sur lesquels vous pouvez compter.<br \/><strong>Innovation<\/strong> : Innovation continue dans les techniques de traitement des m\u00e9taux pour fournir des solutions avanc\u00e9es.<br \/><strong>Rentabilit\u00e9 <\/strong>: Des prix comp\u00e9titifs sans compromis sur la qualit\u00e9 ou la performance.<br \/><strong>Une approche centr\u00e9e sur le client<\/strong> : Nous donnons la priorit\u00e9 \u00e0 vos besoins et travaillons avec diligence pour d\u00e9passer vos attentes.<\/p>\n\n<\/div>\n<\/div>\n<\/div>\n<\/div>\n\n\n<p><\/p>\n\n\n\n<ul class=\"wp-block-list\">\n<li><\/li>\n<\/ul>\n<\/div>\n<\/div><\/div>\n","protected":false},"excerpt":{"rendered":"","protected":false},"author":1,"featured_media":0,"parent":0,"menu_order":0,"comment_status":"closed","ping_status":"closed","template":"","meta":{"footnotes":""},"class_list":["post-29188","page","type-page","status-publish","hentry"],"_links":{"self":[{"href":"https:\/\/steeling.net\/fr\/wp-json\/wp\/v2\/pages\/29188","targetHints":{"allow":["GET"]}}],"collection":[{"href":"https:\/\/steeling.net\/fr\/wp-json\/wp\/v2\/pages"}],"about":[{"href":"https:\/\/steeling.net\/fr\/wp-json\/wp\/v2\/types\/page"}],"author":[{"embeddable":true,"href":"https:\/\/steeling.net\/fr\/wp-json\/wp\/v2\/users\/1"}],"replies":[{"embeddable":true,"href":"https:\/\/steeling.net\/fr\/wp-json\/wp\/v2\/comments?post=29188"}],"version-history":[{"count":0,"href":"https:\/\/steeling.net\/fr\/wp-json\/wp\/v2\/pages\/29188\/revisions"}],"wp:attachment":[{"href":"https:\/\/steeling.net\/fr\/wp-json\/wp\/v2\/media?parent=29188"}],"curies":[{"name":"wp","href":"https:\/\/api.w.org\/{rel}","templated":true}]}}