{"id":46772,"date":"2023-09-12T10:46:59","date_gmt":"2023-09-12T07:46:59","guid":{"rendered":"https:\/\/steeling.net\/politica-de-privacidad\/"},"modified":"2026-04-27T11:03:38","modified_gmt":"2026-04-27T08:03:38","slug":"politica-de-privacidad","status":"publish","type":"page","link":"https:\/\/steeling.net\/es\/politica-de-privacidad\/","title":{"rendered":"Pol\u00edtica de privacidad"},"content":{"rendered":"\t\t<div data-elementor-type=\"wp-page\" data-elementor-id=\"46772\" class=\"elementor elementor-46772 elementor-3\" data-elementor-post-type=\"page\">\n\t\t\t\t\t\t<section class=\"elementor-section elementor-top-section elementor-element elementor-element-edc7b65 elementor-section-boxed elementor-section-height-default elementor-section-height-default\" data-id=\"edc7b65\" data-element_type=\"section\" data-e-type=\"section\">\n\t\t\t\t\t\t<div class=\"elementor-container elementor-column-gap-default\">\n\t\t\t\t\t<div class=\"elementor-column elementor-col-100 elementor-top-column elementor-element elementor-element-dd788dd\" data-id=\"dd788dd\" data-element_type=\"column\" data-e-type=\"column\">\n\t\t\t<div class=\"elementor-widget-wrap elementor-element-populated\">\n\t\t\t\t\t\t<div class=\"elementor-element elementor-element-25cff27a elementor-widget elementor-widget-text-editor\" data-id=\"25cff27a\" data-element_type=\"widget\" data-e-type=\"widget\" data-widget_type=\"text-editor.default\">\n\t\t\t\t<div class=\"elementor-widget-container\">\n\t\t\t\t\t\t\t\t\t<p>\u00daltima actualizaci\u00f3n: [Update Date]<\/p>\n<p>Gracias por elegir utilizar nuestros servicios en l\u00ednea (en adelante, los \u00abServicios\u00bb). Su privacidad es de gran importancia para nosotros. Esta pol\u00edtica de privacidad proporciona informaci\u00f3n sobre los tipos de informaci\u00f3n que recopilamos, c\u00f3mo se utiliza y c\u00f3mo protegemos esa informaci\u00f3n.  <\/p>\n<p><strong>Recopilaci\u00f3n y uso de informaci\u00f3n<\/strong><\/p>\n<p>Mientras usa nuestros Servicios, podemos recopilar cierta informaci\u00f3n personal. Esta informaci\u00f3n puede ser recopilada directamente de usted o autom\u00e1ticamente. La informaci\u00f3n personal que recopilamos, sin limitarse a, puede incluir:  <\/p>\n<p>Su nombre, informaci\u00f3n de contacto y otros detalles de identificaci\u00f3n.<\/p>\n<p>Informaci\u00f3n t\u00e9cnica sobre su navegador de Internet y dispositivo.<\/p>\n<p>Informaci\u00f3n t\u00e9cnica sobre su navegador de Internet y dispositivo.<\/p>\n<p>Podemos usar esta informaci\u00f3n para los siguientes prop\u00f3sitos:<\/p>\n<p>Para proporcionar y gestionar nuestros Servicios para usted.<\/p>\n<p>Para mejorar, personalizar y optimizar nuestros Servicios.<\/p>\n<p>Para comunicarme contigo y enviarte informaci\u00f3n.<\/p>\n<p>Para cumplir con nuestras obligaciones legales.<\/p>\n<p><strong>Cookies<\/strong><\/p>\n<p>Las cookies se definen como peque\u00f1os archivos de datos que se colocan normalmente en tu dispositivo a trav\u00e9s de tu navegador web. Podemos usar cookies cuando utilizas nuestros Servicios. Las cookies pueden ayudarnos a recordar tus preferencias, proporcionar seguridad y recopilar datos de rendimiento.  <\/p>\n<p><strong>Tus derechos de privacidad<\/strong><\/p>\n<p>Entendemos su derecho a proteger la privacidad de su informaci\u00f3n personal. Usted tiene derecho a saber qu\u00e9 informaci\u00f3n se est\u00e1 recopilando, c\u00f3mo se utiliza y con qui\u00e9n se comparte. Adem\u00e1s, tiene derecho a solicitar la correcci\u00f3n, eliminaci\u00f3n o limitaci\u00f3n del uso de su informaci\u00f3n.  <\/p>\n<p>Para ejercer los derechos descritos en esta Pol\u00edtica de Privacidad o para hacer cualquier pregunta sobre sus datos personales, puede ponerse en contacto con nosotros a trav\u00e9s de la secci\u00f3n [Informaci\u00f3n de Contacto].<\/p>\n<p><strong>Cambios en la Pol\u00edtica de Privacidad<\/strong><\/p>\n<p>Esta pol\u00edtica de privacidad puede ser actualizada de vez en cuando. Cuando se realicen cambios, revisaremos la fecha de la \u00faltima actualizaci\u00f3n. Es su responsabilidad seguir la pista de estos cambios, y su uso continuado de nuestros Servicios significar\u00e1 su aceptaci\u00f3n de los cambios.  <\/p>\n<p>Para m\u00e1s informaci\u00f3n, puede contactarnos a trav\u00e9s de la secci\u00f3n [Contact Information].<\/p>\t\t\t\t\t\t\t\t<\/div>\n\t\t\t\t<\/div>\n\t\t\t\t\t<\/div>\n\t\t<\/div>\n\t\t\t\t\t<\/div>\n\t\t<\/section>\n\t\t\t\t<\/div>\n\t\t","protected":false},"excerpt":{"rendered":"<p>\u00daltima actualizaci\u00f3n: [Update Date] Gracias por elegir utilizar nuestros servicios en l\u00ednea (en adelante, los \u00abServicios\u00bb). Su privacidad es de gran importancia para nosotros. Esta pol\u00edtica de privacidad proporciona informaci\u00f3n sobre los tipos de informaci\u00f3n que recopilamos, c\u00f3mo se utiliza y c\u00f3mo protegemos esa informaci\u00f3n. Recopilaci\u00f3n y uso de informaci\u00f3n Mientras usa nuestros Servicios, podemos [&hellip;]<\/p>\n","protected":false},"author":1,"featured_media":0,"parent":0,"menu_order":0,"comment_status":"closed","ping_status":"closed","template":"","meta":{"footnotes":""},"class_list":["post-46772","page","type-page","status-publish","hentry"],"_links":{"self":[{"href":"https:\/\/steeling.net\/es\/wp-json\/wp\/v2\/pages\/46772","targetHints":{"allow":["GET"]}}],"collection":[{"href":"https:\/\/steeling.net\/es\/wp-json\/wp\/v2\/pages"}],"about":[{"href":"https:\/\/steeling.net\/es\/wp-json\/wp\/v2\/types\/page"}],"author":[{"embeddable":true,"href":"https:\/\/steeling.net\/es\/wp-json\/wp\/v2\/users\/1"}],"replies":[{"embeddable":true,"href":"https:\/\/steeling.net\/es\/wp-json\/wp\/v2\/comments?post=46772"}],"version-history":[{"count":1,"href":"https:\/\/steeling.net\/es\/wp-json\/wp\/v2\/pages\/46772\/revisions"}],"predecessor-version":[{"id":46773,"href":"https:\/\/steeling.net\/es\/wp-json\/wp\/v2\/pages\/46772\/revisions\/46773"}],"wp:attachment":[{"href":"https:\/\/steeling.net\/es\/wp-json\/wp\/v2\/media?parent=46772"}],"curies":[{"name":"wp","href":"https:\/\/api.w.org\/{rel}","templated":true}]}}