{"id":46754,"date":"2023-09-14T13:18:04","date_gmt":"2023-09-14T10:18:04","guid":{"rendered":"https:\/\/steeling.net\/politica-de-recursos-humanos\/"},"modified":"2026-04-26T11:38:54","modified_gmt":"2026-04-26T08:38:54","slug":"politica-de-recursos-humanos","status":"publish","type":"page","link":"https:\/\/steeling.net\/es\/politica-de-recursos-humanos\/","title":{"rendered":"Pol\u00edtica de Recursos Humanos"},"content":{"rendered":"\n<div id=\"wp-block-themeisle-blocks-advanced-columns-3168f849\" class=\"wp-block-themeisle-blocks-advanced-columns alignwide has-1-columns has-desktop-equal-layout has-tablet-equal-layout has-mobile-equal-layout has-vertical-unset\"><div class=\"wp-block-themeisle-blocks-advanced-columns-overlay\"><\/div><div class=\"innerblocks-wrap\">\n<div id=\"wp-block-themeisle-blocks-advanced-column-ec8a0547\" class=\"wp-block-themeisle-blocks-advanced-column\">\n<h1 class=\"wp-block-heading\">Pol\u00edtica de Recursos Humanos<\/h1>\n\n\n\n<p><strong>Alcance:<\/strong> Nuestra pol\u00edtica de recursos humanos abarca no solo a los empleados de Steeling.net, sino tambi\u00e9n a los empleados de las empresas asociadas para las que gestionamos el marketing. Las empresas asociadas tambi\u00e9n respaldan esta pol\u00edtica de recursos humanos firm\u00e1ndola, reconociendo as\u00ed su buena voluntad y responsabilidades. <\/p>\n\n\n\n<p><strong>Visi\u00f3n:<\/strong> La gesti\u00f3n de recursos humanos es la piedra angular del \u00e9xito de nuestra empresa. Nuestra pol\u00edtica de recursos humanos tiene como objetivo maximizar el talento de nuestros empleados, fomentar la colaboraci\u00f3n y priorizar la satisfacci\u00f3n de los empleados. <\/p>\n\n\n\n<p><strong>Misi\u00f3n:<\/strong> Nuestra misi\u00f3n es crear un entorno donde cada empleado de nuestra empresa tenga la oportunidad de desarrollar sus habilidades y avanzar en su carrera. Nuestra pol\u00edtica de recursos humanos tiene como objetivo establecer una cultura de trabajo justa, respetuosa, que apoye la diversidad y se base en valores \u00e9ticos. <\/p>\n\n\n\n<p><strong>Selecci\u00f3n y contrataci\u00f3n de empleados:<\/strong> Adoptamos un enfoque justo e imparcial en el proceso de selecci\u00f3n de empleados. Contratamos candidatos bas\u00e1ndonos en sus habilidades, experiencias y potencial. Apoyamos la diversidad y nos adherimos al principio de igualdad de oportunidades.  <\/p>\n\n\n\n<p><strong>Desarrollo Profesional:<\/strong> Brindamos oportunidades para que nuestros empleados mejoren sus carreras. Apoyamos la mejora continua de las habilidades y el conocimiento de nuestros empleados a trav\u00e9s de capacitaci\u00f3n, mentor\u00eda y evaluaciones de desempe\u00f1o. <\/p>\n\n\n\n<p><strong>Bienestar del Empleado:<\/strong> La seguridad y salud de nuestros empleados son nuestra prioridad. Nos comprometemos a mejorar continuamente las condiciones de trabajo tomando medidas de salud y seguridad ocupacional. Apoyamos el equilibrio entre la vida laboral y personal y aspiramos a aumentar la satisfacci\u00f3n de los empleados.  <\/p>\n\n\n\n<p><strong>Evaluaciones de Desempe\u00f1o:<\/strong> A trav\u00e9s de las evaluaciones de desempe\u00f1o, evaluamos objetivamente el desempe\u00f1o de los empleados. Reconocemos sus logros en alineaci\u00f3n con los objetivos e identificamos \u00e1reas de mejora. Seguimos un proceso de evaluaci\u00f3n justo y transparente.  <\/p>\n\n\n\n<p><strong>Comunicaci\u00f3n y Colaboraci\u00f3n:<\/strong> La comunicaci\u00f3n abierta y la colaboraci\u00f3n forman la base de la cultura de nuestra empresa. Valoramos las opiniones y sugerencias de nuestros empleados. Facilitamos la comunicaci\u00f3n efectiva entre la gerencia y los empleados y fomentamos la participaci\u00f3n en todos los niveles.  <\/p>\n\n\n\n<p><strong>Valores \u00c9ticos:<\/strong> Nos comprometemos a realizar nuestro trabajo en l\u00ednea con los valores \u00e9ticos. Trabajamos con justicia, honestidad y respeto, y actuamos con transparencia y veracidad. <\/p>\n\n\n\n<p>Esta Pol\u00edtica de Recursos Humanos demuestra nuestra comprensi\u00f3n del valor de nuestros empleados en Steeling.net y empresas asociadas, y nuestro compromiso de apoyar su desarrollo y satisfacci\u00f3n.<\/p>\n<\/div>\n<\/div><\/div>\n","protected":false},"excerpt":{"rendered":"","protected":false},"author":1,"featured_media":0,"parent":0,"menu_order":0,"comment_status":"closed","ping_status":"closed","template":"","meta":{"footnotes":""},"class_list":["post-46754","page","type-page","status-publish","hentry"],"_links":{"self":[{"href":"https:\/\/steeling.net\/es\/wp-json\/wp\/v2\/pages\/46754","targetHints":{"allow":["GET"]}}],"collection":[{"href":"https:\/\/steeling.net\/es\/wp-json\/wp\/v2\/pages"}],"about":[{"href":"https:\/\/steeling.net\/es\/wp-json\/wp\/v2\/types\/page"}],"author":[{"embeddable":true,"href":"https:\/\/steeling.net\/es\/wp-json\/wp\/v2\/users\/1"}],"replies":[{"embeddable":true,"href":"https:\/\/steeling.net\/es\/wp-json\/wp\/v2\/comments?post=46754"}],"version-history":[{"count":1,"href":"https:\/\/steeling.net\/es\/wp-json\/wp\/v2\/pages\/46754\/revisions"}],"predecessor-version":[{"id":46755,"href":"https:\/\/steeling.net\/es\/wp-json\/wp\/v2\/pages\/46754\/revisions\/46755"}],"wp:attachment":[{"href":"https:\/\/steeling.net\/es\/wp-json\/wp\/v2\/media?parent=46754"}],"curies":[{"name":"wp","href":"https:\/\/api.w.org\/{rel}","templated":true}]}}