{"id":46739,"date":"2023-09-14T13:13:54","date_gmt":"2023-09-14T10:13:54","guid":{"rendered":"https:\/\/steeling.net\/politica-de-responsabilidad-social-empresarial\/"},"modified":"2026-04-25T00:49:48","modified_gmt":"2026-04-24T21:49:48","slug":"politica-de-responsabilidad-social-empresarial","status":"publish","type":"page","link":"https:\/\/steeling.net\/es\/politica-de-responsabilidad-social-empresarial\/","title":{"rendered":"Pol\u00edtica de Responsabilidad Social Empresarial"},"content":{"rendered":"\n<div id=\"wp-block-themeisle-blocks-advanced-columns-507201e4\" class=\"wp-block-themeisle-blocks-advanced-columns alignwide has-1-columns has-desktop-equal-layout has-tablet-equal-layout has-mobile-equal-layout has-vertical-unset\"><div class=\"wp-block-themeisle-blocks-advanced-columns-overlay\"><\/div><div class=\"innerblocks-wrap\">\n<main id=\"wp-block-themeisle-blocks-advanced-column-cc0f2535\" class=\"wp-block-themeisle-blocks-advanced-column\">\n<h1 class=\"wp-block-heading\">Steeling.net Pol\u00edtica de Responsabilidad Social Corporativa<\/h1>\n\n\n\n<p><strong>Visi\u00f3n:<\/strong> En Steeling.net, nuestro objetivo no es solo ser l\u00edderes en la comercializaci\u00f3n de productos de acero, sino tambi\u00e9n ser pioneros en la creaci\u00f3n de un impacto positivo en el medio ambiente, la sociedad y los grupos de inter\u00e9s. Realizamos nuestras operaciones para apoyar el desarrollo de la sociedad y asumir responsabilidades en el campo de la sostenibilidad.<\/p>\n\n\n\n<p><span style=\"box-sizing: border-box; font-weight: bolder;\">Misi\u00f3n:<\/span> Nuestra misi\u00f3n es producir productos de alta calidad respetando el medio ambiente, siendo sensibles a las necesidades sociales y cumpliendo las expectativas de nuestros grupos de inter\u00e9s. Actuamos de acuerdo con los principios de responsabilidad social corporativa, considerando la aportaci\u00f3n de valor a nuestros empleados, la sociedad y el medio ambiente como nuestro principio fundamental.<\/p>\n\n\n\n<p><strong>Responsabilidad Medioambiental:<\/strong> Somos conscientes de nuestra responsabilidad medioambiental. Nos comprometemos a aumentar la eficiencia energ\u00e9tica y de recursos, reducir los residuos, promover el reciclaje e invertir en tecnolog\u00edas ecol\u00f3gicas para llevar a cabo nuestras operaciones de manera sostenible. <\/p>\n\n\n\n<p><strong>Contribuci\u00f3n Social:<\/strong> Cumplimos con nuestra responsabilidad social participando en actividades de educaci\u00f3n, salud, cultura y desarrollo social. Apoyamos proyectos de voluntariado, brindamos oportunidades educativas y organizamos programas de ayuda social para mejorar el bienestar de nuestros empleados y la comunidad. <\/p>\n\n\n\n<p><strong>Bienestar del empleado:<\/strong> Consideramos a nuestros empleados como nuestros activos m\u00e1s valiosos. Nos comprometemos a mejorar continuamente las condiciones de trabajo, centr\u00e1ndonos en su seguridad y salud. Nos adherimos a los principios de contrataci\u00f3n justa, igualdad de oportunidades, desarrollo profesional y equilibrio entre la vida laboral y personal. Colaboraci\u00f3n con las partes interesadas: Colaborando con todas las partes interesadas, desde proveedores hasta clientes, nuestro objetivo es difundir nuestros valores de responsabilidad social corporativa. La comunicaci\u00f3n transparente, el compromiso con los valores \u00e9ticos y las relaciones a largo plazo se encuentran entre nuestras principales prioridades.   <\/p>\n\n\n\n<p>Esta pol\u00edtica refleja los principios y objetivos de responsabilidad social corporativa a los que nos comprometemos como Steeling.net. Evaluar nuestras actividades desde la perspectiva de la sostenibilidad y el beneficio social es un aspecto fundamental de nuestro negocio. <\/p>\n<\/main>\n<\/div><\/div>\n","protected":false},"excerpt":{"rendered":"","protected":false},"author":1,"featured_media":0,"parent":0,"menu_order":0,"comment_status":"closed","ping_status":"closed","template":"","meta":{"footnotes":""},"class_list":["post-46739","page","type-page","status-publish","hentry"],"_links":{"self":[{"href":"https:\/\/steeling.net\/es\/wp-json\/wp\/v2\/pages\/46739","targetHints":{"allow":["GET"]}}],"collection":[{"href":"https:\/\/steeling.net\/es\/wp-json\/wp\/v2\/pages"}],"about":[{"href":"https:\/\/steeling.net\/es\/wp-json\/wp\/v2\/types\/page"}],"author":[{"embeddable":true,"href":"https:\/\/steeling.net\/es\/wp-json\/wp\/v2\/users\/1"}],"replies":[{"embeddable":true,"href":"https:\/\/steeling.net\/es\/wp-json\/wp\/v2\/comments?post=46739"}],"version-history":[{"count":1,"href":"https:\/\/steeling.net\/es\/wp-json\/wp\/v2\/pages\/46739\/revisions"}],"predecessor-version":[{"id":46740,"href":"https:\/\/steeling.net\/es\/wp-json\/wp\/v2\/pages\/46739\/revisions\/46740"}],"wp:attachment":[{"href":"https:\/\/steeling.net\/es\/wp-json\/wp\/v2\/media?parent=46739"}],"curies":[{"name":"wp","href":"https:\/\/api.w.org\/{rel}","templated":true}]}}