{"id":45518,"date":"2024-01-05T02:14:56","date_gmt":"2024-01-04T23:14:56","guid":{"rendered":"https:\/\/steeling.net\/solicite-hoy-mismo-su-presupuesto-de-soluciones-metalicas-personalizadas\/"},"modified":"2026-03-15T00:45:21","modified_gmt":"2026-03-14T21:45:21","slug":"solicite-hoy-mismo-su-presupuesto-de-soluciones-metalicas-personalizadas","status":"publish","type":"page","link":"https:\/\/steeling.net\/es\/solicite-hoy-mismo-su-presupuesto-de-soluciones-metalicas-personalizadas\/","title":{"rendered":"Solicite hoy mismo su presupuesto de soluciones met\u00e1licas personalizadas"},"content":{"rendered":"\n<div id=\"wp-block-themeisle-blocks-advanced-columns-fc8b658d\" class=\"wp-block-themeisle-blocks-advanced-columns has-2-columns has-desktop-equal-layout has-tablet-equal-layout has-mobile-collapsedRows-layout has-vertical-top\"><div class=\"wp-block-themeisle-blocks-advanced-columns-overlay\"><\/div><div class=\"innerblocks-wrap\">\n<div id=\"wp-block-themeisle-blocks-advanced-column-266f21cb\" class=\"wp-block-themeisle-blocks-advanced-column card has-light-bg\">\n<h1 class=\"wp-block-heading has-text-align-center\">Solicite hoy mismo su presupuesto de soluciones met\u00e1licas personalizadas<\/h1>\n\n\n\n<div id=\"wp-block-themeisle-blocks-form-72a3287a\" class=\"wp-block-themeisle-blocks-form has-captcha\" data-option-name=\"bf9b28ff82ce323187abc5d0feb0d8f07ecd8436_72a3287a\"><form class=\"otter-form__container\">\n<div id=\"wp-block-themeisle-blocks-form-input-236a784e\" class=\"wp-block-themeisle-blocks-form-input is-style-hidden-label\"><label for=\"wp-block-themeisle-blocks-form-input-236a784e-input\" class=\"otter-form-input-label\"><span class=\"otter-form-input-label__label\">Numero<\/span><span class=\"required\">*<\/span> di<\/label><input type=\"text\" id=\"wp-block-themeisle-blocks-form-input-236a784e-input\" required=\"\" placeholder=\"Nombre\" class=\"otter-form-input\"><\/div>\n\n\n\n<div id=\"wp-block-themeisle-blocks-form-input-80534768\" class=\"wp-block-themeisle-blocks-form-input is-style-hidden-label\"><label for=\"wp-block-themeisle-blocks-form-input-80534768-input\" class=\"otter-form-input-label\"><span class=\"otter-form-input-label__label\">Correo electr\u00f3nico<\/span><span class=\"required\">*<\/span><\/label><input type=\"email\" id=\"wp-block-themeisle-blocks-form-input-80534768-input\" required=\"\" placeholder=\"Correo electr\u00f3nico\" class=\"otter-form-input\"><\/div>\n\n\n\n<div id=\"wp-block-themeisle-blocks-form-input-cc396bec\" class=\"wp-block-themeisle-blocks-form-input is-style-hidden-label\"><label for=\"wp-block-themeisle-blocks-form-input-cc396bec-input\" class=\"otter-form-input-label\"><span class=\"otter-form-input-label__label\">Tel\u00e9fono<\/span><\/label><input type=\"number\" id=\"wp-block-themeisle-blocks-form-input-cc396bec-input\" placeholder=\"Tel\u00e9fono\" class=\"otter-form-input\"><\/div>\n\n\n\n\n\n<div id=\"wp-block-themeisle-blocks-form-textarea-c65bf0ae\" class=\"wp-block-themeisle-blocks-form-textarea is-style-hidden-label\"><label for=\"wp-block-themeisle-blocks-form-textarea-c65bf0ae-input\" class=\"otter-form-textarea-label\"><span class=\"otter-form-textarea-label__label\">Messaggio<\/span><\/label><textarea id=\"wp-block-themeisle-blocks-form-textarea-c65bf0ae-input\" placeholder=\"Messaggio\" rows=\"10\" class=\"otter-form-textarea-input\"><\/textarea><\/div>\n\n\n\n\n<div class=\"wp-block-button full\"><button class=\"wp-block-button__link\" type=\"submit\">Submit<\/button><\/div><\/form><\/div>\n<\/div>\n\n\n\n<div id=\"wp-block-themeisle-blocks-advanced-column-dad570aa\" class=\"wp-block-themeisle-blocks-advanced-column\">\n<figure class=\"wp-block-image size-large\"><img fetchpriority=\"high\" decoding=\"async\" width=\"1024\" height=\"399\" src=\"https:\/\/steeling.net\/wp-content\/uploads\/2024\/02\/steeling-about-page-spare-parts-workshop-create-with-DALL-E-1024x399.webp\" alt=\"\" class=\"wp-image-29740\" title=\"\"><\/figure>\n\n\n\n<p><strong>Soluciones met\u00e1licas personalizadas al alcance de su mano<\/strong><\/p>\n\n\n\n<p>Bienvenido a Steeling.Net, su puerta de acceso a los mejores fabricantes de la industria metal\u00fargica de Turqu\u00eda. Especializados en una amplia gama de productos y servicios, atendemos a empresas y mayoristas de todo el mundo que buscan la excelencia en el trabajo del metal. Nuestra red de socios es rica en experiencia y ofrece desde procesamiento de chapa y acero hasta maquinaria compleja y equipos de automoci\u00f3n.  <\/p>\n\n\n\n<p><strong>\u00bfPor qu\u00e9 elegir Steeling.Net?<\/strong><\/p>\n\n\n\n<ul class=\"wp-block-list\">\n<li><strong>Diversa gama de materiales<\/strong>: Desde chapa met\u00e1lica hasta acero, aluminio y mucho m\u00e1s, nuestros socios ofrecen una amplia selecci\u00f3n para satisfacer todas sus necesidades de metal.<\/li>\n\n\n\n<li><strong>Servicios integrales<\/strong>: Tanto si se trata de soluciones de corte, plegado, mecanizado o ingenier\u00eda, ofrecemos un espectro completo de servicios para hacer realidad su visi\u00f3n.<\/li>\n\n\n\n<li><strong>Productos de calidad<\/strong>: Nuestro cat\u00e1logo incluye tubos, perfiles, sistemas de estanter\u00edas y mucho m\u00e1s, todo adaptado a sus requisitos espec\u00edficos.<\/li>\n<\/ul>\n\n\n\n<p><strong>Con\u00e9ctese con fabricantes turcos de primera categor\u00eda<\/strong> Steeling.Net tiende un puente entre usted y los principales fabricantes turcos, garantiz\u00e1ndole soluciones met\u00e1licas duraderas, fiables y rentables.<\/p>\n\n\n\n<p><strong>Obtenga su presupuesto ahora<\/strong>  \u00bfListo para explorar c\u00f3mo podemos marcar la diferencia en su proyecto? Rellene nuestro formulario de solicitud de presupuesto con sus necesidades espec\u00edficas y le pondremos en contacto con las mejores soluciones lo antes posible. Su viaje hacia la calidad y la asequibilidad en la industria del metal comienza aqu\u00ed.  <\/p>\n<\/div>\n<\/div><\/div>\n","protected":false},"excerpt":{"rendered":"","protected":false},"author":1,"featured_media":29735,"parent":0,"menu_order":0,"comment_status":"closed","ping_status":"closed","template":"elementor_theme","meta":{"footnotes":""},"class_list":["post-45518","page","type-page","status-publish","has-post-thumbnail","hentry"],"_links":{"self":[{"href":"https:\/\/steeling.net\/es\/wp-json\/wp\/v2\/pages\/45518","targetHints":{"allow":["GET"]}}],"collection":[{"href":"https:\/\/steeling.net\/es\/wp-json\/wp\/v2\/pages"}],"about":[{"href":"https:\/\/steeling.net\/es\/wp-json\/wp\/v2\/types\/page"}],"author":[{"embeddable":true,"href":"https:\/\/steeling.net\/es\/wp-json\/wp\/v2\/users\/1"}],"replies":[{"embeddable":true,"href":"https:\/\/steeling.net\/es\/wp-json\/wp\/v2\/comments?post=45518"}],"version-history":[{"count":1,"href":"https:\/\/steeling.net\/es\/wp-json\/wp\/v2\/pages\/45518\/revisions"}],"predecessor-version":[{"id":45519,"href":"https:\/\/steeling.net\/es\/wp-json\/wp\/v2\/pages\/45518\/revisions\/45519"}],"wp:featuredmedia":[{"embeddable":true,"href":"https:\/\/steeling.net\/es\/wp-json\/wp\/v2\/media\/29735"}],"wp:attachment":[{"href":"https:\/\/steeling.net\/es\/wp-json\/wp\/v2\/media?parent=45518"}],"curies":[{"name":"wp","href":"https:\/\/api.w.org\/{rel}","templated":true}]}}