{"id":28465,"date":"2021-08-30T11:47:49","date_gmt":"2021-08-30T08:47:49","guid":{"rendered":"https:\/\/steeling.net\/quienes-somos\/"},"modified":"2024-12-13T02:17:04","modified_gmt":"2024-12-12T23:17:04","slug":"quienes-somos","status":"publish","type":"page","link":"https:\/\/steeling.net\/es\/quienes-somos\/","title":{"rendered":"Qui\u00e9nes somos"},"content":{"rendered":"\n<div id=\"wp-block-themeisle-blocks-advanced-columns-67cdd78b\" class=\"wp-block-themeisle-blocks-advanced-columns alignwide has-1-columns has-desktop-equal-layout has-tablet-equal-layout has-mobile-equal-layout has-vertical-unset\"><div class=\"wp-block-themeisle-blocks-advanced-columns-overlay\"><\/div><div class=\"innerblocks-wrap\">\n<div id=\"wp-block-themeisle-blocks-advanced-column-7b1988da\" class=\"wp-block-themeisle-blocks-advanced-column\">\n<figure class=\"wp-block-image size-large is-resized\"><img fetchpriority=\"high\" decoding=\"async\" width=\"1066\" height=\"694\" src=\"https:\/\/steeling.net\/wp-content\/uploads\/2023\/09\/plasma-cutting-works-1066x694.webp\" alt=\"\" class=\"wp-image-26916\" style=\"object-fit:cover;width:1236px;height:400px\"\/><\/figure>\n\n\n<h1 class=\"wp-block-post-title\">Qui\u00e9nes somos<\/h1>\n\n\n<p><strong>Qui\u00e9nes somos<\/strong><\/p>\n\n\n\n<p>Steeling.Net es una plataforma pionera que tiende un puente entre los principales fabricantes turcos de chapa y procesamiento de acero y las empresas y mayoristas de todo el mundo que utilizan productos met\u00e1licos.\nCon una arraigada historia en la industria del metal y una amplia red de productores, ofrecemos soluciones met\u00e1licas de alta calidad, fiables y a precios competitivos, adaptadas para satisfacer las diversas necesidades de nuestra clientela mundial. <\/p>\n\n\n\n<p><strong>Nuestra experiencia<\/strong><\/p>\n\n\n\n<p>Nuestra experiencia abarca una amplia gama de materiales, como chapa met\u00e1lica, acero, aluminio y otros metales especiales, lo que garantiza que podemos adaptarnos a los requisitos espec\u00edficos de cualquier proyecto. Nuestros fabricantes asociados se seleccionan meticulosamente por su compromiso con la calidad y la innovaci\u00f3n, lo que nos convierte en un nombre de confianza en la producci\u00f3n de metal. <\/p>\n\n\n\n<p><strong>Servicios que ofrecemos<\/strong><\/p>\n\n\n\n<p>Steeling.Net ofrece una amplia gama de servicios dise\u00f1ados para atender todos los aspectos del procesamiento de metales:<\/p>\n\n\n\n<ul class=\"wp-block-list\">\n<li><strong><a href=\"https:\/\/steeling.net\/services\/\" data-type=\"page\" data-id=\"12963\">Corte<\/a>:<\/strong> Servicios de corte de precisi\u00f3n para cumplir especificaciones exactas, ya sea para producci\u00f3n a gran escala o para proyectos personalizados.<\/li>\n\n\n\n<li><strong><a href=\"https:\/\/steeling.net\/es\/services\/servicio-de-plegado-cnc\/\" data-type=\"page\" data-id=\"26910\">Plegado<\/a>:<\/strong> T\u00e9cnicas avanzadas de plegado que garantizan precisi\u00f3n y repetibilidad en todo tipo de metales.<\/li>\n\n\n\n<li><strong><a href=\"https:\/\/steeling.net\/es\/services\/servicios-de-mecanizado\/\" data-type=\"page\" data-id=\"26911\">Mecanizado<\/a>:<\/strong> Mecanizado CNC de \u00faltima generaci\u00f3n para componentes met\u00e1licos complejos y detallados.<\/li>\n\n\n\n<li><strong>Moldeo y Fundici\u00f3n:<\/strong> Servicios de moldeo y fundici\u00f3n de alta calidad para piezas met\u00e1licas duraderas y precisas.<\/li>\n\n\n\n<li><strong>Creaci\u00f3n de prototipos:<\/strong> Servicios de prototipado r\u00e1pido que ayudan a dar vida a tus conceptos de forma r\u00e1pida y eficaz.<\/li>\n\n\n\n<li><strong>Ingenier\u00eda:<\/strong> Servicios expertos de ingenier\u00eda para optimizar la funcionalidad y el dise\u00f1o de tus productos met\u00e1licos.<\/li>\n\n\n\n<li><strong><a href=\"https:\/\/steeling.net\/es\/products\/corte-a-medida\/\" data-type=\"page\" data-id=\"26961\">Corte a medida<\/a>:<\/strong> Opciones de corte a medida que reducen los residuos y aumentan la eficacia de tu cadena de suministro.<\/li>\n<\/ul>\n\n\n\n<p><strong>Nuestros productos<\/strong><\/p>\n\n\n\n<p>Nuestra gama de productos es amplia, e incluye, entre otros, los siguientes:<\/p>\n\n\n\n<ul class=\"wp-block-list\">\n<li><strong><a href=\"https:\/\/steeling.net\/es\/materials\/acero-al-carbono\/36268-2\/\" data-type=\"page\" data-id=\"27551\">Tubos<\/a> y perfiles:<\/strong> Tubos y perfiles duraderos y dise\u00f1ados con precisi\u00f3n, adecuados para diversas aplicaciones industriales.<\/li>\n\n\n\n<li><strong>Sistemas de estanter\u00edas:<\/strong> Soluciones de estanter\u00edas personalizables para necesidades comerciales, industriales y de almacenamiento.<\/li>\n\n\n\n<li><strong>Conexiones estructurales:<\/strong> Conectores estructurales robustos dise\u00f1ados para la estabilidad y la longevidad en la construcci\u00f3n.<\/li>\n\n\n\n<li><strong>Soportes y marcos:<\/strong> Soportes y marcos personalizados dise\u00f1ados para m\u00faltiples usos en distintos sectores.<\/li>\n\n\n\n<li>Maquinaria <strong>y piezas:<\/strong> Maquinaria de alto rendimiento y piezas de recambio para operaciones industriales.<\/li>\n\n\n\n<li><strong>Equipamiento de automoci\u00f3n:<\/strong> Piezas y equipos de automoci\u00f3n de alta calidad fabricados seg\u00fan las estrictas normas de la industria.<\/li>\n\n\n\n<li><strong>Muebles:<\/strong> Piezas de mobiliario de metal que combinan la est\u00e9tica con la funcionalidad, tanto para interior como para exterior.<\/li>\n<\/ul>\n\n\n\n\n\n<div class=\"wp-block-rank-math-faq-block\"><div class=\"rank-math-faq-item\"><h3 class=\"rank-math-question\">Why Choose Steeling.Net?<\/h3><div class=\"rank-math-answer\">Choosing Steeling.Net means partnering with a leader in the metal production industry known for:<br><strong>Reliability:<\/strong> We deliver consistently high-quality products and services that you can depend on.<br><strong>Innovation:<\/strong> Continuous innovation in metal processing techniques to provide advanced solutions.<br><strong>Cost-Effectiveness:<\/strong> Competitive pricing without compromising on quality or performance.<br><strong>Customer-Centric Approach:<\/strong> We prioritize your needs and work diligently to exceed your expectations.<\/div><\/div><\/div>\n\n\n\n<p><\/p>\n\n\n\n<ul class=\"wp-block-list\">\n<li><\/li>\n<\/ul>\n<\/div>\n<\/div><\/div>\n","protected":false},"excerpt":{"rendered":"","protected":false},"author":1,"featured_media":0,"parent":0,"menu_order":0,"comment_status":"closed","ping_status":"closed","template":"","meta":{"footnotes":""},"class_list":["post-28465","page","type-page","status-publish","hentry"],"_links":{"self":[{"href":"https:\/\/steeling.net\/es\/wp-json\/wp\/v2\/pages\/28465","targetHints":{"allow":["GET"]}}],"collection":[{"href":"https:\/\/steeling.net\/es\/wp-json\/wp\/v2\/pages"}],"about":[{"href":"https:\/\/steeling.net\/es\/wp-json\/wp\/v2\/types\/page"}],"author":[{"embeddable":true,"href":"https:\/\/steeling.net\/es\/wp-json\/wp\/v2\/users\/1"}],"replies":[{"embeddable":true,"href":"https:\/\/steeling.net\/es\/wp-json\/wp\/v2\/comments?post=28465"}],"version-history":[{"count":0,"href":"https:\/\/steeling.net\/es\/wp-json\/wp\/v2\/pages\/28465\/revisions"}],"wp:attachment":[{"href":"https:\/\/steeling.net\/es\/wp-json\/wp\/v2\/media?parent=28465"}],"curies":[{"name":"wp","href":"https:\/\/api.w.org\/{rel}","templated":true}]}}