{"id":29562,"date":"2024-01-05T02:14:56","date_gmt":"2024-01-04T23:14:56","guid":{"rendered":"https:\/\/steeling.net\/angebot-einholen\/"},"modified":"2026-03-15T00:51:20","modified_gmt":"2026-03-14T21:51:20","slug":"angebot-einholen","status":"publish","type":"page","link":"https:\/\/steeling.net\/de\/angebot-einholen\/","title":{"rendered":"Fordern Sie noch heute Ihr individuelles Angebot f\u00fcr Metalll\u00f6sungen an!"},"content":{"rendered":"\n<div id=\"wp-block-themeisle-blocks-advanced-columns-fc8b658d\" class=\"wp-block-themeisle-blocks-advanced-columns has-2-columns has-desktop-equal-layout has-tablet-equal-layout has-mobile-collapsedRows-layout has-vertical-top\"><div class=\"wp-block-themeisle-blocks-advanced-columns-overlay\"><\/div><div class=\"innerblocks-wrap\">\n<div id=\"wp-block-themeisle-blocks-advanced-column-266f21cb\" class=\"wp-block-themeisle-blocks-advanced-column card has-light-bg\">\n<h1 class=\"wp-block-heading has-text-align-center\">Fordern Sie noch heute Ihr individuelles Angebot f\u00fcr Metalll\u00f6sungen an!<\/h1>\n\n\n\n<div id=\"wp-block-themeisle-blocks-form-72a3287a\" class=\"wp-block-themeisle-blocks-form has-captcha\" data-option-name=\"bf9b28ff82ce323187abc5d0feb0d8f07ecd8436_72a3287a\"><form class=\"otter-form__container\">\n<div id=\"wp-block-themeisle-blocks-form-input-236a784e\" class=\"wp-block-themeisle-blocks-form-input is-style-hidden-label\"><label for=\"wp-block-themeisle-blocks-form-input-236a784e-input\" class=\"otter-form-input-label\"><span class=\"otter-form-input-label__label\">Name<\/span><span class=\"required\">*<\/span><\/label><input type=\"text\" id=\"wp-block-themeisle-blocks-form-input-236a784e-input\" required=\"\" placeholder=\"Name\" class=\"otter-form-input\"><\/div>\n\n\n\n<div id=\"wp-block-themeisle-blocks-form-input-80534768\" class=\"wp-block-themeisle-blocks-form-input is-style-hidden-label\"><label for=\"wp-block-themeisle-blocks-form-input-80534768-input\" class=\"otter-form-input-label\"><span class=\"otter-form-input-label__label\">E-mail<\/span><span class=\"required\">*<\/span><\/label><input type=\"email\" id=\"wp-block-themeisle-blocks-form-input-80534768-input\" required=\"\" placeholder=\"Email\" class=\"otter-form-input\"><\/div>\n\n\n\n<div id=\"wp-block-themeisle-blocks-form-input-cc396bec\" class=\"wp-block-themeisle-blocks-form-input is-style-hidden-label\"><label for=\"wp-block-themeisle-blocks-form-input-cc396bec-input\" class=\"otter-form-input-label\"><span class=\"otter-form-input-label__label\">Telefon<\/span><\/label><input type=\"number\" id=\"wp-block-themeisle-blocks-form-input-cc396bec-input\" placeholder=\"Telefon\" class=\"otter-form-input\"><\/div>\n\n\n\n\n\n<div id=\"wp-block-themeisle-blocks-form-textarea-c65bf0ae\" class=\"wp-block-themeisle-blocks-form-textarea is-style-hidden-label\"><label for=\"wp-block-themeisle-blocks-form-textarea-c65bf0ae-input\" class=\"otter-form-textarea-label\"><span class=\"otter-form-textarea-label__label\">Nachricht<\/span><\/label><textarea id=\"wp-block-themeisle-blocks-form-textarea-c65bf0ae-input\" placeholder=\"Nachricht\" rows=\"10\" class=\"otter-form-textarea-input\"><\/textarea><\/div>\n\n\n\n\n<div class=\"wp-block-button full\"><button class=\"wp-block-button__link\" type=\"submit\">Submit<\/button><\/div><\/form><\/div>\n<\/div>\n\n\n\n<div id=\"wp-block-themeisle-blocks-advanced-column-dad570aa\" class=\"wp-block-themeisle-blocks-advanced-column\">\n<figure class=\"wp-block-image size-large\"><img fetchpriority=\"high\" decoding=\"async\" width=\"1024\" height=\"399\" src=\"https:\/\/steeling.net\/wp-content\/uploads\/2024\/02\/steeling-about-page-spare-parts-workshop-create-with-DALL-E-1024x399.webp\" alt=\"\" class=\"wp-image-29740\" title=\"\"><\/figure>\n\n\n\n<p><strong>Ma\u00dfgeschneiderte Metalll\u00f6sungen auf Knopfdruck!<\/strong><\/p>\n\n\n\n<p>Willkommen bei Steeling.Net, Ihrem Portal zu den besten Metallindustrieherstellern der T\u00fcrkei. Wir haben uns auf eine breite Palette von Produkten und Dienstleistungen spezialisiert und wenden uns an Unternehmen und Gro\u00dfh\u00e4ndler auf der ganzen Welt, die hervorragende Metallprodukte suchen. Unser Partnernetzwerk ist reich an Fachwissen und bietet alles von der Blech- und Stahlverarbeitung bis hin zu komplexen Maschinen und Automobilausr\u00fcstungen.  <\/p>\n\n\n\n<p><strong>Warum Steeling.Net w\u00e4hlen?<\/strong><\/p>\n\n\n\n<ul class=\"wp-block-list\">\n<li><strong>Vielf\u00e4ltiges Angebot an Materialien<\/strong>: Von Blech \u00fcber Stahl bis hin zu Aluminium und mehr &#8211; unsere Partner bieten eine gro\u00dfe Auswahl, um all Ihre Metallanforderungen zu erf\u00fcllen.<\/li>\n\n\n\n<li><strong>Umfassende Dienstleistungen<\/strong>: Ob Schneiden, Biegen, Bearbeiten oder Konstruktionsl\u00f6sungen \u2013 wir bieten Ihnen ein komplettes Leistungsspektrum, um Ihre Vision Wirklichkeit werden zu lassen.<\/li>\n\n\n\n<li><strong>Hochwertige Produkte<\/strong>: Unser Katalog umfasst Rohre, Profile, Regalsysteme und vieles mehr, die alle auf Ihre spezifischen Anforderungen zugeschnitten sind.<\/li>\n<\/ul>\n\n\n\n<p><strong>Verbinden Sie sich mit t\u00fcrkischen Herstellern von Weltrang<\/strong> Steeling.Net stellt die Verbindung zwischen Ihnen und den besten t\u00fcrkischen Herstellern her und gew\u00e4hrleistet, dass Sie langfristige, zuverl\u00e4ssige und kosteng\u00fcnstige Metalll\u00f6sungen erhalten.<\/p>\n\n\n\n<p><strong>Erhalten Sie jetzt Ihr Angebot!<\/strong> Sind Sie bereit zu erfahren, wie wir Ihr Projekt verbessern k\u00f6nnen? F\u00fcllen Sie unser Angebotsanfrageformular mit Ihren konkreten Anforderungen aus, und wir werden Sie umgehend mit den besten L\u00f6sungen in Verbindung setzen. Ihre Reise zu Qualit\u00e4t und Erschwinglichkeit in der Metallindustrie beginnt hier!  <\/p>\n<\/div>\n<\/div><\/div>\n","protected":false},"excerpt":{"rendered":"","protected":false},"author":1,"featured_media":29731,"parent":0,"menu_order":0,"comment_status":"closed","ping_status":"closed","template":"elementor_theme","meta":{"footnotes":""},"class_list":["post-29562","page","type-page","status-publish","has-post-thumbnail","hentry"],"_links":{"self":[{"href":"https:\/\/steeling.net\/de\/wp-json\/wp\/v2\/pages\/29562","targetHints":{"allow":["GET"]}}],"collection":[{"href":"https:\/\/steeling.net\/de\/wp-json\/wp\/v2\/pages"}],"about":[{"href":"https:\/\/steeling.net\/de\/wp-json\/wp\/v2\/types\/page"}],"author":[{"embeddable":true,"href":"https:\/\/steeling.net\/de\/wp-json\/wp\/v2\/users\/1"}],"replies":[{"embeddable":true,"href":"https:\/\/steeling.net\/de\/wp-json\/wp\/v2\/comments?post=29562"}],"version-history":[{"count":0,"href":"https:\/\/steeling.net\/de\/wp-json\/wp\/v2\/pages\/29562\/revisions"}],"wp:featuredmedia":[{"embeddable":true,"href":"https:\/\/steeling.net\/de\/wp-json\/wp\/v2\/media\/29731"}],"wp:attachment":[{"href":"https:\/\/steeling.net\/de\/wp-json\/wp\/v2\/media?parent=29562"}],"curies":[{"name":"wp","href":"https:\/\/api.w.org\/{rel}","templated":true}]}}