{"id":27396,"date":"2023-09-12T10:46:59","date_gmt":"2023-09-12T07:46:59","guid":{"rendered":"https:\/\/steeling.net\/datenschutzerklaerung\/"},"modified":"2026-04-27T10:44:56","modified_gmt":"2026-04-27T07:44:56","slug":"datenschutzerklaerung","status":"publish","type":"page","link":"https:\/\/steeling.net\/de\/datenschutzerklaerung\/","title":{"rendered":"Datenschutzerkl\u00e4rung"},"content":{"rendered":"\t\t<div data-elementor-type=\"wp-page\" data-elementor-id=\"27396\" class=\"elementor elementor-27396 elementor-3\" data-elementor-post-type=\"page\">\n\t\t\t\t\t\t<section class=\"elementor-section elementor-top-section elementor-element elementor-element-edc7b65 elementor-section-boxed elementor-section-height-default elementor-section-height-default\" data-id=\"edc7b65\" data-element_type=\"section\" data-e-type=\"section\">\n\t\t\t\t\t\t<div class=\"elementor-container elementor-column-gap-default\">\n\t\t\t\t\t<div class=\"elementor-column elementor-col-100 elementor-top-column elementor-element elementor-element-dd788dd\" data-id=\"dd788dd\" data-element_type=\"column\" data-e-type=\"column\">\n\t\t\t<div class=\"elementor-widget-wrap elementor-element-populated\">\n\t\t\t\t\t\t<div class=\"elementor-element elementor-element-25cff27a elementor-widget elementor-widget-text-editor\" data-id=\"25cff27a\" data-element_type=\"widget\" data-e-type=\"widget\" data-widget_type=\"text-editor.default\">\n\t\t\t\t<div class=\"elementor-widget-container\">\n\t\t\t\t\t\t\t\t\t<p>Zuletzt aktualisiert: [Update Date]<\/p>\n<p>Vielen Dank, dass Sie sich f\u00fcr die Nutzung unserer Online-Dienste (im Folgenden \u201eDienste\u201c genannt) entschieden haben. Ihre Privatsph\u00e4re ist uns sehr wichtig. Diese Datenschutzerkl\u00e4rung informiert Sie dar\u00fcber, welche Arten von Informationen wir sammeln, wie diese verwendet werden und wie wir diese Informationen sch\u00fctzen.<\/p>\n<p><strong>Informationserfassung und -nutzung<\/strong><\/p>\n<p>Bei Nutzung unserer Dienste k\u00f6nnen wir bestimmte pers\u00f6nliche Informationen erheben. Diese Informationen k\u00f6nnen direkt von Ihnen oder automatisch erhoben werden. Die pers\u00f6nlichen Informationen, die wir sammeln, aber nicht nur auf diese beschr\u00e4nkt, k\u00f6nnen Folgendes umfassen:<\/p>\n<p>Ihr Name, Ihre Kontaktdaten und andere Identifikationsmerkmale.<\/p>\n<p>Technische Informationen \u00fcber Ihren Internetbrowser und Ihr Ger\u00e4t.<\/p>\n<p>Informationen dar\u00fcber, wie Sie unsere Dienste nutzen, Seitenaufrufstatistiken, Traffic und andere Kommunikationsdaten.<\/p>\n<p>Wir k\u00f6nnen diese Informationen f\u00fcr folgende Zwecke verwenden:<\/p>\n<p>Um Ihnen unsere Dienste bereitzustellen und zu verwalten.<\/p>\n<p>Zur Verbesserung, Personalisierung und Erweiterung unserer Dienste.<\/p>\n<p>Um mit Ihnen zu kommunizieren und Ihnen Informationen zu senden.<\/p>\n<p>Zur Erf\u00fcllung unserer rechtlichen Verpflichtungen.<\/p>\n<p><strong>Cookies<\/strong><\/p>\n<p>Cookies sind kleine Datendateien, die in der Regel \u00fcber Ihren Webbrowser auf Ihrem Ger\u00e4t platziert werden. Wir k\u00f6nnen Cookies verwenden, wenn Sie unsere Dienste nutzen. Cookies helfen uns, Ihre Pr\u00e4ferenzen zu speichern, Sicherheit zu bieten und Leistungsdaten zu sammeln.<\/p>\n<p><strong>Ihre Datenschutzrechte<\/strong><\/p>\n<p>Wir verstehen Ihr Recht, die Privatsph\u00e4re Ihrer pers\u00f6nlichen Daten zu sch\u00fctzen. Sie haben das Recht zu erfahren, welche Informationen gesammelt werden, wie sie verwendet werden und mit wem sie geteilt werden. Zus\u00e4tzlich haben Sie das Recht, die Berichtigung, L\u00f6schung oder Einschr\u00e4nkung der Nutzung Ihrer Daten zu verlangen.<\/p>\n<p>Um die in dieser Datenschutzrichtlinie dargelegten Rechte auszu\u00fcben oder Fragen zu Ihren pers\u00f6nlichen Daten zu stellen, k\u00f6nnen Sie uns \u00fcber den Abschnitt [Kontaktinformationen] kontaktieren.<\/p>\n<p><strong>\u00c4nderungen der Datenschutzrichtlinie<\/strong><\/p>\n<p>Diese Datenschutzrichtlinie kann von Zeit zu Zeit aktualisiert werden. Wenn \u00c4nderungen vorgenommen werden, aktualisieren wir das Datum der letzten Aktualisierung. Es liegt in Ihrer Verantwortung, diese \u00c4nderungen im Auge zu behalten, und Ihre fortgesetzte Nutzung unserer Dienste bedeutet, dass Sie die \u00c4nderungen akzeptieren.<\/p>\n<p>F\u00fcr weitere Informationen k\u00f6nnen Sie uns \u00fcber den Abschnitt [Contact Information] kontaktieren.<\/p>\t\t\t\t\t\t\t\t<\/div>\n\t\t\t\t<\/div>\n\t\t\t\t\t<\/div>\n\t\t<\/div>\n\t\t\t\t\t<\/div>\n\t\t<\/section>\n\t\t\t\t<\/div>\n\t\t","protected":false},"excerpt":{"rendered":"<p>Zuletzt aktualisiert: [Update Date] Vielen Dank, dass Sie sich f\u00fcr die Nutzung unserer Online-Dienste (im Folgenden \u201eDienste\u201c genannt) entschieden haben. Ihre Privatsph\u00e4re ist uns sehr wichtig. Diese Datenschutzerkl\u00e4rung informiert Sie dar\u00fcber, welche Arten von Informationen wir sammeln, wie diese verwendet werden und wie wir diese Informationen sch\u00fctzen. Informationserfassung und -nutzung Bei Nutzung unserer Dienste k\u00f6nnen [&hellip;]<\/p>\n","protected":false},"author":1,"featured_media":0,"parent":0,"menu_order":0,"comment_status":"closed","ping_status":"closed","template":"","meta":{"footnotes":""},"class_list":["post-27396","page","type-page","status-publish","hentry"],"_links":{"self":[{"href":"https:\/\/steeling.net\/de\/wp-json\/wp\/v2\/pages\/27396","targetHints":{"allow":["GET"]}}],"collection":[{"href":"https:\/\/steeling.net\/de\/wp-json\/wp\/v2\/pages"}],"about":[{"href":"https:\/\/steeling.net\/de\/wp-json\/wp\/v2\/types\/page"}],"author":[{"embeddable":true,"href":"https:\/\/steeling.net\/de\/wp-json\/wp\/v2\/users\/1"}],"replies":[{"embeddable":true,"href":"https:\/\/steeling.net\/de\/wp-json\/wp\/v2\/comments?post=27396"}],"version-history":[{"count":2,"href":"https:\/\/steeling.net\/de\/wp-json\/wp\/v2\/pages\/27396\/revisions"}],"predecessor-version":[{"id":46763,"href":"https:\/\/steeling.net\/de\/wp-json\/wp\/v2\/pages\/27396\/revisions\/46763"}],"wp:attachment":[{"href":"https:\/\/steeling.net\/de\/wp-json\/wp\/v2\/media?parent=27396"}],"curies":[{"name":"wp","href":"https:\/\/api.w.org\/{rel}","templated":true}]}}