{"id":27273,"date":"2023-09-14T13:13:54","date_gmt":"2023-09-14T10:13:54","guid":{"rendered":"https:\/\/steeling.net\/unternehmenspolitik-zur-sozialen-verantwortung\/"},"modified":"2025-04-13T21:56:06","modified_gmt":"2025-04-13T18:56:06","slug":"unternehmenspolitik-zur-sozialen-verantwortung","status":"publish","type":"page","link":"https:\/\/steeling.net\/de\/unternehmenspolitik-zur-sozialen-verantwortung\/","title":{"rendered":"Corporate Social Responsibility Policy"},"content":{"rendered":"\n<div id=\"wp-block-themeisle-blocks-advanced-columns-507201e4\" class=\"wp-block-themeisle-blocks-advanced-columns alignwide has-1-columns has-desktop-equal-layout has-tablet-equal-layout has-mobile-equal-layout has-vertical-unset\"><div class=\"wp-block-themeisle-blocks-advanced-columns-overlay\"><\/div><div class=\"innerblocks-wrap\">\n<main id=\"wp-block-themeisle-blocks-advanced-column-cc0f2535\" class=\"wp-block-themeisle-blocks-advanced-column\">\n<h1 class=\"wp-block-heading\">Steeling.net Corporate Social Responsibility Policy<\/h1>\n\n\n\n<p><strong>Vision:<\/strong> Bei Steeling.net wollen wir nicht nur f\u00fchrend im Bereich der Vermarktung von Stahlprodukten sein, sondern auch Pionier bei der positiven Wirkung auf die Umwelt, die Gesellschaft und die Stakeholder. Wir f\u00fchren unsere Aktivit\u00e4ten durch, um die gesellschaftliche Entwicklung zu unterst\u00fctzen und Verantwortung im Bereich Nachhaltigkeit zu \u00fcbernehmen.<\/p>\n\n\n\n<p><span style=\"box-sizing: border-box; font-weight: bolder;\">Mission:<\/span> Unsere Mission ist es, hochwertige Produkte zu produzieren, die gleichzeitig die Umwelt respektieren, die gesellschaftlichen Bed\u00fcrfnisse ber\u00fccksichtigen und die Erwartungen unserer Stakeholder erf\u00fcllen. Wir arbeiten in \u00dcbereinstimmung mit den Grunds\u00e4tzen der gesellschaftlichen Verantwortung der Unternehmen und betrachten den Mehrwert f\u00fcr unsere Mitarbeiter, die Gesellschaft und die Umwelt als unser Grundprinzip.<\/p>\n\n\n\n<p><strong>Umweltverantwortung:<\/strong>Wir sind uns unserer Umweltverantwortung bewusst. Wir verpflichten uns, Energie- und Ressourceneffizienz zu erh\u00f6hen, Abfall zu reduzieren, Recycling zu f\u00f6rdern und in umweltfreundliche Technologien zu investieren, um unsere Aktivit\u00e4ten nachhaltig durchzuf\u00fchren.<\/p>\n\n\n\n<p><strong>Social Contribution:<\/strong> Wir erf\u00fcllen unsere gesellschaftliche Verantwortung, indem wir uns in Aktivit\u00e4ten in der Bildung, der Gesundheitsversorgung, der Kultur und der sozialen Entwicklung engagieren. Wir unterst\u00fctzen Freiwilligenprojekte, bieten Bildungsm\u00f6glichkeiten und organisieren soziale Hilfsprogramme, um das Wohlergehen unserer Mitarbeiter und der Gemeinschaft zu verbessern.<\/p>\n\n\n\n<p><strong>Employee Well-Being:<\/strong> Wir betrachten unsere Mitarbeiter als unsere wertvollsten Verm\u00f6genswerte. Wir verpflichten uns, die Arbeitsbedingungen kontinuierlich zu verbessern, indem wir uns auf ihre Sicherheit und Gesundheit konzentrieren. Wir halten uns an Prinzipien der fairen Einstellung, Chancengleichheit, beruflicher Entwicklung und Work-Life-Balance.Stakeholder-Kollaboration: Mit allen Stakeholdern, von Lieferanten bis hin zu Kunden, streben wir an, unsere Werte der sozialen Verantwortung des Unternehmens zu verbreiten. Transparente Kommunikation, das Engagement f\u00fcr ethische Werte und langfristige Beziehungen geh\u00f6ren zu unseren obersten Priorit\u00e4ten.<\/p>\n\n\n\n<p>Diese Politik spiegelt die Corporate Social Responsibility-Prinzipien und Ziele wider, denen wir uns als Steeling.net verpflichtet haben. Die Bewertung unserer Aktivit\u00e4ten aus Sicht der Nachhaltigkeit und des gesellschaftlichen Nutzens ist ein wesentlicher Aspekt unseres Unternehmens.<\/p>\n<\/main>\n<\/div><\/div>\n","protected":false},"excerpt":{"rendered":"","protected":false},"author":1,"featured_media":0,"parent":0,"menu_order":0,"comment_status":"closed","ping_status":"closed","template":"","meta":{"footnotes":""},"class_list":["post-27273","page","type-page","status-publish","hentry"],"_links":{"self":[{"href":"https:\/\/steeling.net\/de\/wp-json\/wp\/v2\/pages\/27273","targetHints":{"allow":["GET"]}}],"collection":[{"href":"https:\/\/steeling.net\/de\/wp-json\/wp\/v2\/pages"}],"about":[{"href":"https:\/\/steeling.net\/de\/wp-json\/wp\/v2\/types\/page"}],"author":[{"embeddable":true,"href":"https:\/\/steeling.net\/de\/wp-json\/wp\/v2\/users\/1"}],"replies":[{"embeddable":true,"href":"https:\/\/steeling.net\/de\/wp-json\/wp\/v2\/comments?post=27273"}],"version-history":[{"count":0,"href":"https:\/\/steeling.net\/de\/wp-json\/wp\/v2\/pages\/27273\/revisions"}],"wp:attachment":[{"href":"https:\/\/steeling.net\/de\/wp-json\/wp\/v2\/media?parent=27273"}],"curies":[{"name":"wp","href":"https:\/\/api.w.org\/{rel}","templated":true}]}}