{"id":27269,"date":"2021-08-30T11:47:49","date_gmt":"2021-08-30T08:47:49","guid":{"rendered":"https:\/\/steeling.net\/ueber-uns\/"},"modified":"2024-12-13T02:16:12","modified_gmt":"2024-12-12T23:16:12","slug":"uber-uns","status":"publish","type":"page","link":"https:\/\/steeling.net\/de\/uber-uns\/","title":{"rendered":"\u00dcber uns"},"content":{"rendered":"\n<div id=\"wp-block-themeisle-blocks-advanced-columns-67cdd78b\" class=\"wp-block-themeisle-blocks-advanced-columns alignwide has-1-columns has-desktop-equal-layout has-tablet-equal-layout has-mobile-equal-layout has-vertical-unset\"><div class=\"wp-block-themeisle-blocks-advanced-columns-overlay\"><\/div><div class=\"innerblocks-wrap\">\n<div id=\"wp-block-themeisle-blocks-advanced-column-7b1988da\" class=\"wp-block-themeisle-blocks-advanced-column\">\n<figure class=\"wp-block-image size-large is-resized\"><img fetchpriority=\"high\" decoding=\"async\" width=\"1066\" height=\"694\" src=\"https:\/\/steeling.net\/wp-content\/uploads\/2023\/09\/plasma-cutting-works-1066x694.webp\" alt=\"\" class=\"wp-image-26916\" style=\"object-fit:cover;width:1236px;height:400px\" title=\"\"><\/figure>\n\n\n<h1 class=\"wp-block-post-title\">\u00dcber uns<\/h1>\n\n\n<p><strong>Wer wir sind<\/strong><\/p>\n\n\n\n<p>Steeling.Net ist eine bahnbrechende Plattform, die die f\u00fchrenden Blech- und Stahlverarbeitungshersteller der T\u00fcrkei mit Unternehmen und Gro\u00dfh\u00e4ndlern weltweit verbindet, die Metallprodukte verwenden.\nMit einer tief verwurzelten Geschichte in der Metallindustrie und einem breiten Netzwerk von Produzenten bieten wir qualitativ hochwertige, zuverl\u00e4ssige und preislich wettbewerbsf\u00e4hige Metalll\u00f6sungen, die auf die unterschiedlichen Bed\u00fcrfnisse unserer globalen Kundschaft zugeschnitten sind. <\/p>\n\n\n\n<p><strong>Unser Fachwissen<\/strong><\/p>\n\n\n\n<p>Unser Know-how umfasst eine breite Palette von Materialien, darunter Bleche, Stahl, Aluminium und andere Spezialmetalle, so dass wir den spezifischen Anforderungen jedes Projekts gerecht werden k\u00f6nnen. Unsere Partnerhersteller werden aufgrund ihres Engagements f\u00fcr Qualit\u00e4t und Innovation sorgf\u00e4ltig ausgew\u00e4hlt und machen uns zu einem vertrauensw\u00fcrdigen Namen in der Metallproduktion. <\/p>\n\n\n\n<p><strong>Unser Serviceangebot<\/strong><\/p>\n\n\n\n<p>Steeling.Net bietet ein umfangreiches Angebot an Dienstleistungen, die alle Aspekte der Metallverarbeitung abdecken:<\/p>\n\n\n\n<ul class=\"wp-block-list\">\n<li><strong><a href=\"https:\/\/steeling.net\/services\/\" data-type=\"page\" data-id=\"12963\">Schneiden<\/a>:<\/strong> Pr\u00e4zisionszuschnitt f\u00fcr exakte Spezifikationen, ob f\u00fcr Gro\u00dfserien oder kundenspezifische Projekte.<\/li>\n\n\n\n<li><strong><a href=\"https:\/\/steeling.net\/de\/services\/cnc-biegeservice\/\" data-type=\"page\" data-id=\"26910\">Biegen<\/a>:<\/strong> Fortschrittliche Biegetechniken, die Genauigkeit und Wiederholbarkeit f\u00fcr alle Arten von Metall gew\u00e4hrleisten.<\/li>\n\n\n\n<li><strong><a href=\"https:\/\/steeling.net\/de\/services\/duzenleme-hizmetleri\/\" data-type=\"page\" data-id=\"26911\">Zerspanung<\/a>:<\/strong> Hochmoderne CNC-Bearbeitung f\u00fcr komplexe und detaillierte Metallkomponenten.<\/li>\n\n\n\n<li><strong>Abformen und Gie\u00dfen:<\/strong> Hochwertige Form- und Gussdienstleistungen f\u00fcr langlebige und pr\u00e4zise Metallteile.<\/li>\n\n\n\n<li><strong>Prototyping:<\/strong> Rapid-Prototyping-Services, mit denen Sie Ihre Konzepte schnell und effizient zum Leben erwecken k\u00f6nnen.<\/li>\n\n\n\n<li><strong>Technik:<\/strong> Fachkundige technische Dienstleistungen zur Optimierung der Funktionalit\u00e4t und des Designs Ihrer Metallprodukte.<\/li>\n\n\n\n<li><strong><a href=\"https:\/\/steeling.net\/de\/products\/auf-mass-zuschneiden\/\" data-type=\"page\" data-id=\"26961\">Zuschnitt<\/a>:<\/strong> Ma\u00dfgeschneiderte Zuschnittoptionen, die Abfall reduzieren und die Effizienz in Ihrer Lieferkette erh\u00f6hen.<\/li>\n<\/ul>\n\n\n\n<p><strong>Unsere Produkte<\/strong><\/p>\n\n\n\n<p>Unsere Produktpalette ist umfangreich, einschlie\u00dflich, aber nicht beschr\u00e4nkt auf:<\/p>\n\n\n\n<ul class=\"wp-block-list\">\n<li><strong><a href=\"https:\/\/steeling.net\/de\/materials\/kohlenstoffstahlblech\/36174-2\/\" data-type=\"page\" data-id=\"27551\">Rohre<\/a> und Profile:<\/strong> Langlebige und pr\u00e4zisionsgefertigte Rohre und Profile, die f\u00fcr verschiedene industrielle Anwendungen geeignet sind.<\/li>\n\n\n\n<li><strong>Regalsysteme:<\/strong> Ma\u00dfgeschneiderte Regall\u00f6sungen f\u00fcr den Einzelhandel, die Industrie und den Lagerbedarf.<\/li>\n\n\n\n<li><strong>Strukturelle Verbindungen:<\/strong> Robuste strukturelle Verbindungen, die f\u00fcr Stabilit\u00e4t und Langlebigkeit in der Konstruktion entwickelt wurden.<\/li>\n\n\n\n<li><strong>St\u00e4nder und Rahmen:<\/strong> Ma\u00dfgefertigte St\u00e4nder und Rahmen, die f\u00fcr verschiedene Zwecke in unterschiedlichen Bereichen entwickelt wurden.<\/li>\n\n\n\n<li><strong>Maschinen und Teile:<\/strong> Leistungsstarke Maschinen und Ersatzteile f\u00fcr industrielle Betriebe.<\/li>\n\n\n\n<li><strong>Automobilzubeh\u00f6r:<\/strong> Hochwertige Automobilteile und -ausr\u00fcstung, die nach strengen Industriestandards hergestellt werden.<\/li>\n\n\n\n<li><strong>M\u00f6bel:<\/strong> M\u00f6belst\u00fccke aus Metall, die \u00c4sthetik und Funktionalit\u00e4t f\u00fcr den Innen- und Au\u00dfenbereich vereinen.<\/li>\n<\/ul>\n\n\n\n\n<div id=\"rank-math-faq\" class=\"rank-math-block\">\n<div class=\"rank-math-list \">\n<div id=\"faq-question-1713725796546\" class=\"rank-math-list-item\">\n<h3 class=\"rank-math-question \">Warum Steeling.Net w\u00e4hlen?<\/h3>\n<div class=\"rank-math-answer \">\n\n<p>Wenn Sie sich f\u00fcr Steeling.Net entscheiden, gehen Sie eine Partnerschaft mit einem f\u00fchrenden Unternehmen in der Metallproduktionsbranche ein, das f\u00fcr Folgendes bekannt ist:<br \/><strong>Verl\u00e4sslichkeit:<\/strong> Wir liefern konstant hochwertige Produkte und Dienstleistungen, auf die Sie sich verlassen k\u00f6nnen.<br \/><strong>Innovation:<\/strong> Kontinuierliche Innovation bei den Metallverarbeitungstechniken, um fortschrittliche L\u00f6sungen anzubieten.<br \/><strong>Kosteneffizienz:<\/strong> Wettbewerbsf\u00e4hige Preise ohne Kompromisse bei Qualit\u00e4t oder Leistung.<br \/><strong>Kundenorientierter Ansatz:<\/strong> Wir stellen Ihre Bed\u00fcrfnisse in den Vordergrund und arbeiten unerm\u00fcdlich daran, Ihre Erwartungen zu \u00fcbertreffen.<\/p>\n\n<\/div>\n<\/div>\n<\/div>\n<\/div>\n\n\n<p><\/p>\n\n\n\n<ul class=\"wp-block-list\">\n<li><\/li>\n<\/ul>\n<\/div>\n<\/div><\/div>\n","protected":false},"excerpt":{"rendered":"","protected":false},"author":1,"featured_media":0,"parent":0,"menu_order":0,"comment_status":"closed","ping_status":"closed","template":"","meta":{"footnotes":""},"class_list":["post-27269","page","type-page","status-publish","hentry"],"_links":{"self":[{"href":"https:\/\/steeling.net\/de\/wp-json\/wp\/v2\/pages\/27269","targetHints":{"allow":["GET"]}}],"collection":[{"href":"https:\/\/steeling.net\/de\/wp-json\/wp\/v2\/pages"}],"about":[{"href":"https:\/\/steeling.net\/de\/wp-json\/wp\/v2\/types\/page"}],"author":[{"embeddable":true,"href":"https:\/\/steeling.net\/de\/wp-json\/wp\/v2\/users\/1"}],"replies":[{"embeddable":true,"href":"https:\/\/steeling.net\/de\/wp-json\/wp\/v2\/comments?post=27269"}],"version-history":[{"count":0,"href":"https:\/\/steeling.net\/de\/wp-json\/wp\/v2\/pages\/27269\/revisions"}],"wp:attachment":[{"href":"https:\/\/steeling.net\/de\/wp-json\/wp\/v2\/media?parent=27269"}],"curies":[{"name":"wp","href":"https:\/\/api.w.org\/{rel}","templated":true}]}}