{"id":46760,"date":"2023-09-12T10:46:59","date_gmt":"2023-09-12T07:46:59","guid":{"rendered":"https:\/\/steeling.net\/zasady-ochrany-osobnich-udaju\/"},"modified":"2026-04-27T10:43:34","modified_gmt":"2026-04-27T07:43:34","slug":"zasady-ochrany-osobnich-udaju","status":"publish","type":"page","link":"https:\/\/steeling.net\/cs\/zasady-ochrany-osobnich-udaju\/","title":{"rendered":"Z\u00e1sady ochrany osobn\u00edch \u00fadaj\u016f"},"content":{"rendered":"\t\t<div data-elementor-type=\"wp-page\" data-elementor-id=\"46760\" class=\"elementor elementor-46760 elementor-3\" data-elementor-post-type=\"page\">\n\t\t\t\t\t\t<section class=\"elementor-section elementor-top-section elementor-element elementor-element-edc7b65 elementor-section-boxed elementor-section-height-default elementor-section-height-default\" data-id=\"edc7b65\" data-element_type=\"section\" data-e-type=\"section\">\n\t\t\t\t\t\t<div class=\"elementor-container elementor-column-gap-default\">\n\t\t\t\t\t<div class=\"elementor-column elementor-col-100 elementor-top-column elementor-element elementor-element-dd788dd\" data-id=\"dd788dd\" data-element_type=\"column\" data-e-type=\"column\">\n\t\t\t<div class=\"elementor-widget-wrap elementor-element-populated\">\n\t\t\t\t\t\t<div class=\"elementor-element elementor-element-25cff27a elementor-widget elementor-widget-text-editor\" data-id=\"25cff27a\" data-element_type=\"widget\" data-e-type=\"widget\" data-widget_type=\"text-editor.default\">\n\t\t\t\t<div class=\"elementor-widget-container\">\n\t\t\t\t\t\t\t\t\t<p>Posledn\u00ed aktualizace: [Datum aktualizace]<\/p>\n<p>D\u011bkujeme, \u017ee jste si vybrali pou\u017e\u00edv\u00e1n\u00ed na\u0161ich online slu\u017eeb (d\u00e1le jen \u201eSlu\u017eby\u201c). Va\u0161e soukrom\u00ed je pro n\u00e1s nesm\u00edrn\u011b d\u016fle\u017eit\u00e9. Toto z\u00e1sady ochrany osobn\u00edch \u00fadaj\u016f poskytuj\u00ed informace o tom, jak\u00e9 typy informac\u00ed shroma\u017e\u010fujeme, jak jsou pou\u017e\u00edv\u00e1ny a jak tyto informace chr\u00e1n\u00edme.  <\/p>\n<p><strong>Sb\u011br a pou\u017e\u00edv\u00e1n\u00ed informac\u00ed<\/strong><\/p>\n<p>P\u0159i pou\u017e\u00edv\u00e1n\u00ed na\u0161ich slu\u017eeb m\u016f\u017eeme shroma\u017e\u010fovat ur\u010dit\u00e9 osobn\u00ed \u00fadaje. Tyto informace m\u016f\u017eeme shroma\u017e\u010fovat p\u0159\u00edmo od v\u00e1s nebo automaticky. Osobn\u00ed \u00fadaje, kter\u00e9 shroma\u017e\u010fujeme, ale neomezujeme se pouze na n\u011b, mohou zahrnovat:  <\/p>\n<p>Va\u0161e jm\u00e9no, kontaktn\u00ed \u00fadaje a dal\u0161\u00ed identifika\u010dn\u00ed \u00fadaje.<\/p>\n<p>Technick\u00e9 informace o va\u0161em internetov\u00e9m prohl\u00ed\u017ee\u010di a za\u0159\u00edzen\u00ed.<\/p>\n<p>Informace o tom, jak pou\u017e\u00edv\u00e1te na\u0161e Slu\u017eby, statistiky zobrazen\u00ed str\u00e1nek, provoz a dal\u0161\u00ed komunika\u010dn\u00ed data.<\/p>\n<p>Tyto informace m\u016f\u017eeme pou\u017e\u00edt pro n\u00e1sleduj\u00edc\u00ed \u00fa\u010dely:<\/p>\n<p>Poskytovat a spravovat na\u0161e slu\u017eby pro v\u00e1s.<\/p>\n<p>Pro zlep\u0161en\u00ed, personalizaci a vylep\u0161en\u00ed na\u0161ich slu\u017eeb.<\/p>\n<p>Abyste s v\u00e1mi mohli komunikovat a pos\u00edlat v\u00e1m informace.<\/p>\n<p>Ke spln\u011bn\u00ed na\u0161ich z\u00e1konn\u00fdch povinnost\u00ed.<\/p>\n<p><strong>Su\u0161enky<\/strong><\/p>\n<p>Cookies jsou definov\u00e1ny jako mal\u00e9 datov\u00e9 soubory, kter\u00e9 jsou obvykle um\u00edst\u011bny na va\u0161em za\u0159\u00edzen\u00ed prost\u0159ednictv\u00edm va\u0161eho webov\u00e9ho prohl\u00ed\u017ee\u010de. M\u016f\u017eeme pou\u017e\u00edvat cookies, kdy\u017e pou\u017e\u00edv\u00e1te na\u0161e Slu\u017eby. Cookies n\u00e1m mohou pomoci pamatovat si va\u0161e preference, poskytovat zabezpe\u010den\u00ed a shroma\u017e\u010fovat \u00fadaje o v\u00fdkonu.  <\/p>\n<p><strong>Va\u0161e pr\u00e1va na ochranu soukrom\u00ed<\/strong><\/p>\n<p>Rozum\u00edme va\u0161emu pr\u00e1vu chr\u00e1nit soukrom\u00ed va\u0161ich osobn\u00edch \u00fadaj\u016f. M\u00e1te pr\u00e1vo v\u011bd\u011bt, jak\u00e9 informace jsou shroma\u017e\u010fov\u00e1ny, jak jsou pou\u017e\u00edv\u00e1ny a s k\u00fdm jsou sd\u00edleny. Krom\u011b toho m\u00e1te pr\u00e1vo po\u017eadovat opravu, v\u00fdmaz nebo omezen\u00ed pou\u017e\u00edv\u00e1n\u00ed va\u0161ich informac\u00ed.  <\/p>\n<p>Chcete-li uplatnit pr\u00e1va popsan\u00e1 v t\u011bchto Z\u00e1sad\u00e1ch ochrany osobn\u00edch \u00fadaj\u016f nebo se zeptat na cokoli t\u00fdkaj\u00edc\u00ed se va\u0161ich osobn\u00edch \u00fadaj\u016f, m\u016f\u017eete n\u00e1s kontaktovat prost\u0159ednictv\u00edm sekce [Kontaktn\u00ed informace].<\/p>\n<p><strong>Zm\u011bny z\u00e1sad ochrany osobn\u00edch \u00fadaj\u016f<\/strong><\/p>\n<p>Tato z\u00e1sada ochrany osobn\u00edch \u00fadaj\u016f m\u016f\u017ee b\u00fdt \u010das od \u010dasu aktualizov\u00e1na. P\u0159i proveden\u00ed zm\u011bn p\u0159ep\u00ed\u0161eme datum posledn\u00ed aktualizace. Je va\u0161\u00ed odpov\u011bdnost\u00ed sledovat tyto zm\u011bny a va\u0161e dal\u0161\u00ed pou\u017e\u00edv\u00e1n\u00ed na\u0161ich slu\u017eeb bude znamenat p\u0159ijet\u00ed t\u011bchto zm\u011bn.  <\/p>\n<p>Dal\u0161\u00ed informace z\u00edsk\u00e1te v sekci [Kontaktn\u00ed \u00fadaje].<\/p>\t\t\t\t\t\t\t\t<\/div>\n\t\t\t\t<\/div>\n\t\t\t\t\t<\/div>\n\t\t<\/div>\n\t\t\t\t\t<\/div>\n\t\t<\/section>\n\t\t\t\t<\/div>\n\t\t","protected":false},"excerpt":{"rendered":"<p>Posledn\u00ed aktualizace: [Datum aktualizace] D\u011bkujeme, \u017ee jste si vybrali pou\u017e\u00edv\u00e1n\u00ed na\u0161ich online slu\u017eeb (d\u00e1le jen \u201eSlu\u017eby\u201c). Va\u0161e soukrom\u00ed je pro n\u00e1s nesm\u00edrn\u011b d\u016fle\u017eit\u00e9. Toto z\u00e1sady ochrany osobn\u00edch \u00fadaj\u016f poskytuj\u00ed informace o tom, jak\u00e9 typy informac\u00ed shroma\u017e\u010fujeme, jak jsou pou\u017e\u00edv\u00e1ny a jak tyto informace chr\u00e1n\u00edme. Sb\u011br a pou\u017e\u00edv\u00e1n\u00ed informac\u00ed P\u0159i pou\u017e\u00edv\u00e1n\u00ed na\u0161ich slu\u017eeb m\u016f\u017eeme shroma\u017e\u010fovat ur\u010dit\u00e9 [&hellip;]<\/p>\n","protected":false},"author":1,"featured_media":0,"parent":0,"menu_order":0,"comment_status":"closed","ping_status":"closed","template":"","meta":{"footnotes":""},"class_list":["post-46760","page","type-page","status-publish","hentry"],"_links":{"self":[{"href":"https:\/\/steeling.net\/cs\/wp-json\/wp\/v2\/pages\/46760","targetHints":{"allow":["GET"]}}],"collection":[{"href":"https:\/\/steeling.net\/cs\/wp-json\/wp\/v2\/pages"}],"about":[{"href":"https:\/\/steeling.net\/cs\/wp-json\/wp\/v2\/types\/page"}],"author":[{"embeddable":true,"href":"https:\/\/steeling.net\/cs\/wp-json\/wp\/v2\/users\/1"}],"replies":[{"embeddable":true,"href":"https:\/\/steeling.net\/cs\/wp-json\/wp\/v2\/comments?post=46760"}],"version-history":[{"count":1,"href":"https:\/\/steeling.net\/cs\/wp-json\/wp\/v2\/pages\/46760\/revisions"}],"predecessor-version":[{"id":46761,"href":"https:\/\/steeling.net\/cs\/wp-json\/wp\/v2\/pages\/46760\/revisions\/46761"}],"wp:attachment":[{"href":"https:\/\/steeling.net\/cs\/wp-json\/wp\/v2\/media?parent=46760"}],"curies":[{"name":"wp","href":"https:\/\/api.w.org\/{rel}","templated":true}]}}