{"id":46741,"date":"2023-09-14T13:18:04","date_gmt":"2023-09-14T10:18:04","guid":{"rendered":"https:\/\/steeling.net\/zasady-lidskych-zdroju\/"},"modified":"2026-04-26T11:25:52","modified_gmt":"2026-04-26T08:25:52","slug":"zasady-lidskych-zdroju","status":"publish","type":"page","link":"https:\/\/steeling.net\/cs\/zasady-lidskych-zdroju\/","title":{"rendered":"Z\u00e1sady lidsk\u00fdch zdroj\u016f"},"content":{"rendered":"\n<div id=\"wp-block-themeisle-blocks-advanced-columns-3168f849\" class=\"wp-block-themeisle-blocks-advanced-columns alignwide has-1-columns has-desktop-equal-layout has-tablet-equal-layout has-mobile-equal-layout has-vertical-unset\"><div class=\"wp-block-themeisle-blocks-advanced-columns-overlay\"><\/div><div class=\"innerblocks-wrap\">\n<div id=\"wp-block-themeisle-blocks-advanced-column-ec8a0547\" class=\"wp-block-themeisle-blocks-advanced-column\">\n<h1 class=\"wp-block-heading\">Z\u00e1sady lidsk\u00fdch zdroj\u016f<\/h1>\n\n\n\n<p><strong>Rozsah p\u016fsobnosti:<\/strong> Na\u0161e politika lidsk\u00fdch zdroj\u016f zahrnuje nejen zam\u011bstnance spole\u010dnosti Steeling.net, ale tak\u00e9 zam\u011bstnance partnersk\u00fdch spole\u010dnost\u00ed, pro kter\u00e9 zaji\u0161\u0165ujeme marketing. Partnersk\u00e9 spole\u010dnosti tuto politiku lidsk\u00fdch zdroj\u016f rovn\u011b\u017e schvaluj\u00ed jej\u00edm podpisem, \u010d\u00edm\u017e uzn\u00e1vaj\u00ed svou dobrou v\u016fli a odpov\u011bdnost. <\/p>\n\n\n\n<p><strong>Vize:<\/strong> \u0158\u00edzen\u00ed lidsk\u00fdch zdroj\u016f je z\u00e1kladem \u00fasp\u011bchu na\u0161\u00ed spole\u010dnosti. Na\u0161e politika lidsk\u00fdch zdroj\u016f si klade za c\u00edl maximalizovat talenty na\u0161ich zam\u011bstnanc\u016f, podporovat spolupr\u00e1ci a up\u0159ednost\u0148ovat spokojenost zam\u011bstnanc\u016f. <\/p>\n\n\n\n<p><strong>Mise:<\/strong> Na\u0161\u00ed mis\u00ed je vytvo\u0159it prost\u0159ed\u00ed, kde m\u00e1 ka\u017ed\u00fd zam\u011bstnanec v na\u0161\u00ed spole\u010dnosti p\u0159\u00edle\u017eitost rozv\u00edjet sv\u00e9 dovednosti a postupovat ve sv\u00e9 kari\u00e9\u0159e. Na\u0161e politika lidsk\u00fdch zdroj\u016f si klade za c\u00edl vytvo\u0159it pracovn\u00ed kulturu, kter\u00e1 je spravedliv\u00e1, uctiv\u00e1, podporuje rozmanitost a je zalo\u017eena na etick\u00fdch hodnot\u00e1ch. <\/p>\n\n\n\n<p><strong>V\u00fdb\u011br a n\u00e1bor zam\u011bstnanc\u016f:<\/strong> V procesu v\u00fdb\u011bru zam\u011bstnanc\u016f zauj\u00edm\u00e1me spravedliv\u00fd a nestrann\u00fd p\u0159\u00edstup. Nab\u00edr\u00e1me kandid\u00e1ty na z\u00e1klad\u011b jejich dovednost\u00ed, zku\u0161enost\u00ed a potenci\u00e1lu. Podporujeme rozmanitost a dodr\u017eujeme princip rovn\u00fdch p\u0159\u00edle\u017eitost\u00ed.  <\/p>\n\n\n\n<p><strong>Profesn\u00ed rozvoj:<\/strong> Poskytujeme na\u0161im zam\u011bstnanc\u016fm p\u0159\u00edle\u017eitosti k rozvoji jejich kari\u00e9ry. Podporujeme neust\u00e1l\u00e9 zlep\u0161ov\u00e1n\u00ed dovednost\u00ed a znalost\u00ed na\u0161ich zam\u011bstnanc\u016f prost\u0159ednictv\u00edm \u0161kolen\u00ed, mentorstv\u00ed a hodnocen\u00ed v\u00fdkonu. <\/p>\n\n\n\n<p><strong>Pohoda zam\u011bstnanc\u016f:<\/strong> Bezpe\u010dnost a zdrav\u00ed na\u0161ich zam\u011bstnanc\u016f jsou na\u0161\u00ed prioritou. Zavazujeme se k neust\u00e1l\u00e9mu zlep\u0161ov\u00e1n\u00ed pracovn\u00edch podm\u00ednek p\u0159ij\u00edm\u00e1n\u00edm opat\u0159en\u00ed v oblasti bezpe\u010dnosti a ochrany zdrav\u00ed p\u0159i pr\u00e1ci. Podporujeme rovnov\u00e1hu mezi pracovn\u00edm a soukrom\u00fdm \u017eivotem a usilujeme o zv\u00fd\u0161en\u00ed spokojenosti zam\u011bstnanc\u016f.  <\/p>\n\n\n\n<p><strong>Hodnocen\u00ed v\u00fdkonu:<\/strong> Prost\u0159ednictv\u00edm hodnocen\u00ed v\u00fdkonu objektivn\u011b posuzujeme pracovn\u00ed v\u00fdkon zam\u011bstnanc\u016f. Uzn\u00e1v\u00e1me jejich \u00fasp\u011bchy v souladu s c\u00edli a identifikujeme oblasti pro zlep\u0161en\u00ed. Dodr\u017eujeme spravedliv\u00fd a transparentn\u00ed proces hodnocen\u00ed.  <\/p>\n\n\n\n<p><strong>Komunikace a spolupr\u00e1ce:<\/strong> Otev\u0159en\u00e1 komunikace a spolupr\u00e1ce tvo\u0159\u00ed z\u00e1klad na\u0161\u00ed firemn\u00ed kultury. V\u00e1\u017e\u00edme si n\u00e1zor\u016f a n\u00e1vrh\u016f na\u0161ich zam\u011bstnanc\u016f. Podporujeme efektivn\u00ed komunikaci mezi veden\u00edm a zam\u011bstnanci a povzbuzujeme k \u00fa\u010dasti na v\u0161ech \u00farovn\u00edch.  <\/p>\n\n\n\n<p><strong>Etick\u00e9 hodnoty:<\/strong> Zavazujeme se k tomu, \u017ee svou pr\u00e1ci budeme vykon\u00e1vat v souladu s etick\u00fdmi hodnotami. Pracujeme spravedliv\u011b, \u010destn\u011b a s respektem, jedn\u00e1me transparentn\u011b a pravdiv\u011b. <\/p>\n\n\n\n<p>Tato Politika lidsk\u00fdch zdroj\u016f prokazuje na\u0161e pochopen\u00ed hodnoty na\u0161ich zam\u011bstnanc\u016f ve spole\u010dnosti Steeling.net a partnersk\u00fdch spole\u010dnostech a n\u00e1\u0161 z\u00e1vazek podporovat jejich rozvoj a spokojenost.<\/p>\n<\/div>\n<\/div><\/div>\n","protected":false},"excerpt":{"rendered":"","protected":false},"author":1,"featured_media":0,"parent":0,"menu_order":0,"comment_status":"closed","ping_status":"closed","template":"","meta":{"footnotes":""},"class_list":["post-46741","page","type-page","status-publish","hentry"],"_links":{"self":[{"href":"https:\/\/steeling.net\/cs\/wp-json\/wp\/v2\/pages\/46741","targetHints":{"allow":["GET"]}}],"collection":[{"href":"https:\/\/steeling.net\/cs\/wp-json\/wp\/v2\/pages"}],"about":[{"href":"https:\/\/steeling.net\/cs\/wp-json\/wp\/v2\/types\/page"}],"author":[{"embeddable":true,"href":"https:\/\/steeling.net\/cs\/wp-json\/wp\/v2\/users\/1"}],"replies":[{"embeddable":true,"href":"https:\/\/steeling.net\/cs\/wp-json\/wp\/v2\/comments?post=46741"}],"version-history":[{"count":1,"href":"https:\/\/steeling.net\/cs\/wp-json\/wp\/v2\/pages\/46741\/revisions"}],"predecessor-version":[{"id":46742,"href":"https:\/\/steeling.net\/cs\/wp-json\/wp\/v2\/pages\/46741\/revisions\/46742"}],"wp:attachment":[{"href":"https:\/\/steeling.net\/cs\/wp-json\/wp\/v2\/media?parent=46741"}],"curies":[{"name":"wp","href":"https:\/\/api.w.org\/{rel}","templated":true}]}}