{"id":46725,"date":"2023-09-14T13:13:54","date_gmt":"2023-09-14T10:13:54","guid":{"rendered":"https:\/\/steeling.net\/zasady-spolecenske-odpovednosti-firem\/"},"modified":"2026-04-25T00:45:29","modified_gmt":"2026-04-24T21:45:29","slug":"zasady-spolecenske-odpovednosti-firem","status":"publish","type":"page","link":"https:\/\/steeling.net\/cs\/zasady-spolecenske-odpovednosti-firem\/","title":{"rendered":"Z\u00e1sady spole\u010densk\u00e9 odpov\u011bdnosti firem"},"content":{"rendered":"\n<div id=\"wp-block-themeisle-blocks-advanced-columns-507201e4\" class=\"wp-block-themeisle-blocks-advanced-columns alignwide has-1-columns has-desktop-equal-layout has-tablet-equal-layout has-mobile-equal-layout has-vertical-unset\"><div class=\"wp-block-themeisle-blocks-advanced-columns-overlay\"><\/div><div class=\"innerblocks-wrap\">\n<main id=\"wp-block-themeisle-blocks-advanced-column-cc0f2535\" class=\"wp-block-themeisle-blocks-advanced-column\">\n<h1 class=\"wp-block-heading\">Politika spole\u010densk\u00e9 odpov\u011bdnosti spole\u010dnosti Steeling.net<\/h1>\n\n\n\n<p><strong>Vize:<\/strong> Ve spole\u010dnosti Steeling.net se nesna\u017e\u00edme pouze o vedouc\u00ed postaven\u00ed v marketingu ocel\u00e1\u0159sk\u00fdch produkt\u016f, ale tak\u00e9 o to, abychom byli pr\u016fkopn\u00edky ve vytv\u00e1\u0159en\u00ed pozitivn\u00edho dopadu na \u017eivotn\u00ed prost\u0159ed\u00ed, spole\u010dnost a zainteresovan\u00e9 strany. Svou \u010dinnost\u00ed podporujeme spole\u010densk\u00fd rozvoj a p\u0159eb\u00edr\u00e1me odpov\u011bdnost v oblasti udr\u017eitelnosti.<\/p>\n\n\n\n<p><span style=\"box-sizing: border-box; font-weight: bolder;\">Mise:<\/span> Na\u0161\u00edm posl\u00e1n\u00edm je vyr\u00e1b\u011bt vysoce kvalitn\u00ed produkty p\u0159i respektov\u00e1n\u00ed \u017eivotn\u00edho prost\u0159ed\u00ed, citlivosti k pot\u0159eb\u00e1m spole\u010dnosti a pln\u011bn\u00ed o\u010dek\u00e1v\u00e1n\u00ed na\u0161ich z\u00fa\u010dastn\u011bn\u00fdch stran. P\u0159i sv\u00e9 \u010dinnosti se \u0159\u00edd\u00edme z\u00e1sadami spole\u010densk\u00e9 odpov\u011bdnosti a za z\u00e1kladn\u00ed princip pova\u017eujeme p\u0159id\u00e1v\u00e1n\u00ed hodnoty na\u0161im zam\u011bstnanc\u016fm, spole\u010dnosti a \u017eivotn\u00edmu prost\u0159ed\u00ed.<\/p>\n\n\n\n<p><strong>Environment\u00e1ln\u00ed odpov\u011bdnost:<\/strong> Jsme si v\u011bdomi sv\u00e9 environment\u00e1ln\u00ed odpov\u011bdnosti. Zavazujeme se ke zvy\u0161ov\u00e1n\u00ed energetick\u00e9 a materi\u00e1lov\u00e9 \u00fa\u010dinnosti, sni\u017eov\u00e1n\u00ed mno\u017estv\u00ed odpadu, podpo\u0159e recyklace a investic\u00edm do ekologicky \u0161etrn\u00fdch technologi\u00ed, abychom na\u0161e operace prov\u00e1d\u011bli udr\u017eiteln\u00fdm zp\u016fsobem. <\/p>\n\n\n\n<p><strong>Spole\u010densk\u00fd p\u0159\u00ednos:<\/strong> Napl\u0148ujeme na\u0161i spole\u010denskou odpov\u011bdnost prost\u0159ednictv\u00edm aktivit ve vzd\u011bl\u00e1v\u00e1n\u00ed, zdravotnictv\u00ed, kultu\u0159e a soci\u00e1ln\u00edm rozvoji. Podporujeme dobrovolnick\u00e9 projekty, poskytujeme vzd\u011bl\u00e1vac\u00ed p\u0159\u00edle\u017eitosti a organizujeme programy soci\u00e1ln\u00ed pomoci k podpo\u0159e blahobytu na\u0161ich zam\u011bstnanc\u016f a komunity. <\/p>\n\n\n\n<p><strong>Pohoda zam\u011bstnanc\u016f:<\/strong> Pova\u017eujeme na\u0161e zam\u011bstnance za na\u0161e nejcenn\u011bj\u0161\u00ed aktiva. Zavazujeme se k neust\u00e1l\u00e9mu zlep\u0161ov\u00e1n\u00ed pracovn\u00edch podm\u00ednek se zam\u011b\u0159en\u00edm na jejich bezpe\u010dnost a zdrav\u00ed. Dodr\u017eujeme z\u00e1sady spravedliv\u00e9ho n\u00e1boru, rovn\u00fdch p\u0159\u00edle\u017eitost\u00ed, profesn\u00edho rozvoje a rovnov\u00e1hy mezi pracovn\u00edm a soukrom\u00fdm \u017eivotem. Spolupr\u00e1ce se z\u00fa\u010dastn\u011bn\u00fdmi stranami: Spoluprac\u00ed se v\u0161emi z\u00fa\u010dastn\u011bn\u00fdmi stranami, od dodavatel\u016f po z\u00e1kazn\u00edky, se sna\u017e\u00edme \u0161\u00ed\u0159it na\u0161e hodnoty spole\u010densk\u00e9 odpov\u011bdnosti firem. Transparentn\u00ed komunikace, z\u00e1vazek k etick\u00fdm hodnot\u00e1m a dlouhodob\u00e9 vztahy pat\u0159\u00ed mezi na\u0161e hlavn\u00ed priority.   <\/p>\n\n\n\n<p>Tato politika odr\u00e1\u017e\u00ed principy a c\u00edle spole\u010densk\u00e9 odpov\u011bdnosti firem, ke kter\u00fdm se jako Steeling.net zavazujeme. Hodnocen\u00ed na\u0161ich aktivit z hlediska udr\u017eitelnosti a spole\u010densk\u00e9ho p\u0159\u00ednosu je z\u00e1kladn\u00edm aspektem na\u0161eho podnik\u00e1n\u00ed. <\/p>\n<\/main>\n<\/div><\/div>\n","protected":false},"excerpt":{"rendered":"","protected":false},"author":1,"featured_media":0,"parent":0,"menu_order":0,"comment_status":"closed","ping_status":"closed","template":"","meta":{"footnotes":""},"class_list":["post-46725","page","type-page","status-publish","hentry"],"_links":{"self":[{"href":"https:\/\/steeling.net\/cs\/wp-json\/wp\/v2\/pages\/46725","targetHints":{"allow":["GET"]}}],"collection":[{"href":"https:\/\/steeling.net\/cs\/wp-json\/wp\/v2\/pages"}],"about":[{"href":"https:\/\/steeling.net\/cs\/wp-json\/wp\/v2\/types\/page"}],"author":[{"embeddable":true,"href":"https:\/\/steeling.net\/cs\/wp-json\/wp\/v2\/users\/1"}],"replies":[{"embeddable":true,"href":"https:\/\/steeling.net\/cs\/wp-json\/wp\/v2\/comments?post=46725"}],"version-history":[{"count":1,"href":"https:\/\/steeling.net\/cs\/wp-json\/wp\/v2\/pages\/46725\/revisions"}],"predecessor-version":[{"id":46726,"href":"https:\/\/steeling.net\/cs\/wp-json\/wp\/v2\/pages\/46725\/revisions\/46726"}],"wp:attachment":[{"href":"https:\/\/steeling.net\/cs\/wp-json\/wp\/v2\/media?parent=46725"}],"curies":[{"name":"wp","href":"https:\/\/api.w.org\/{rel}","templated":true}]}}