{"id":45532,"date":"2024-01-05T02:14:56","date_gmt":"2024-01-04T23:14:56","guid":{"rendered":"https:\/\/steeling.net\/pozadejte-o-cenovou-nabidku-na-vase-reseni-kovu-na-miru-jeste-dnes\/"},"modified":"2026-03-15T00:54:01","modified_gmt":"2026-03-14T21:54:01","slug":"pozadejte-o-cenovou-nabidku-na-vase-reseni-kovu-na-miru-jeste-dnes","status":"publish","type":"page","link":"https:\/\/steeling.net\/cs\/pozadejte-o-cenovou-nabidku-na-vase-reseni-kovu-na-miru-jeste-dnes\/","title":{"rendered":"Po\u017e\u00e1dejte o cenovou nab\u00eddku na va\u0161e \u0159e\u0161en\u00ed kov\u016f na m\u00edru je\u0161t\u011b dnes!"},"content":{"rendered":"\n<div id=\"wp-block-themeisle-blocks-advanced-columns-fc8b658d\" class=\"wp-block-themeisle-blocks-advanced-columns has-2-columns has-desktop-equal-layout has-tablet-equal-layout has-mobile-collapsedRows-layout has-vertical-top\"><div class=\"wp-block-themeisle-blocks-advanced-columns-overlay\"><\/div><div class=\"innerblocks-wrap\">\n<div id=\"wp-block-themeisle-blocks-advanced-column-266f21cb\" class=\"wp-block-themeisle-blocks-advanced-column card has-light-bg\">\n<h1 class=\"wp-block-heading has-text-align-center\">Po\u017e\u00e1dejte o cenovou nab\u00eddku na va\u0161e \u0159e\u0161en\u00ed kov\u016f na m\u00edru je\u0161t\u011b dnes!<\/h1>\n\n\n\n<div id=\"wp-block-themeisle-blocks-form-72a3287a\" class=\"wp-block-themeisle-blocks-form has-captcha\" data-option-name=\"bf9b28ff82ce323187abc5d0feb0d8f07ecd8436_72a3287a\"><form class=\"otter-form__container\">\n<div id=\"wp-block-themeisle-blocks-form-input-236a784e\" class=\"wp-block-themeisle-blocks-form-input is-style-hidden-label\"><label for=\"wp-block-themeisle-blocks-form-input-236a784e-input\" class=\"otter-form-input-label\"><span class=\"otter-form-input-label__label\">Jm\u00e9no<\/span><span class=\"required\">*<\/span><\/label><input type=\"text\" id=\"wp-block-themeisle-blocks-form-input-236a784e-input\" required=\"\" placeholder=\"Jm\u00e9no\" class=\"otter-form-input\"><\/div>\n\n\n\n<div id=\"wp-block-themeisle-blocks-form-input-80534768\" class=\"wp-block-themeisle-blocks-form-input is-style-hidden-label\"><label for=\"wp-block-themeisle-blocks-form-input-80534768-input\" class=\"otter-form-input-label\"><span class=\"otter-form-input-label__label\">Email<\/span><span class=\"required\">*<\/span><\/label><input type=\"email\" id=\"wp-block-themeisle-blocks-form-input-80534768-input\" required=\"\" placeholder=\"Email\" class=\"otter-form-input\"><\/div>\n\n\n\n<div id=\"wp-block-themeisle-blocks-form-input-cc396bec\" class=\"wp-block-themeisle-blocks-form-input is-style-hidden-label\"><label for=\"wp-block-themeisle-blocks-form-input-cc396bec-input\" class=\"otter-form-input-label\"><span class=\"otter-form-input-label__label\">Telefon<\/span><\/label><input type=\"number\" id=\"wp-block-themeisle-blocks-form-input-cc396bec-input\" placeholder=\"Telefon\" class=\"otter-form-input\"><\/div>\n\n\n\n\n\n<div id=\"wp-block-themeisle-blocks-form-textarea-c65bf0ae\" class=\"wp-block-themeisle-blocks-form-textarea is-style-hidden-label\"><label for=\"wp-block-themeisle-blocks-form-textarea-c65bf0ae-input\" class=\"otter-form-textarea-label\"><span class=\"otter-form-textarea-label__label\">Zpr\u00e1va<\/span><\/label><textarea id=\"wp-block-themeisle-blocks-form-textarea-c65bf0ae-input\" placeholder=\"Zpr\u00e1va\" rows=\"10\" class=\"otter-form-textarea-input\"><\/textarea><\/div>\n\n\n\n\n<div class=\"wp-block-button full\"><button class=\"wp-block-button__link\" type=\"submit\">Submit<\/button><\/div><\/form><\/div>\n<\/div>\n\n\n\n<div id=\"wp-block-themeisle-blocks-advanced-column-dad570aa\" class=\"wp-block-themeisle-blocks-advanced-column\">\n<figure class=\"wp-block-image size-large\"><img fetchpriority=\"high\" decoding=\"async\" width=\"1024\" height=\"399\" src=\"https:\/\/steeling.net\/wp-content\/uploads\/2024\/02\/steeling-about-page-spare-parts-workshop-create-with-DALL-E-1024x399.webp\" alt=\"\" class=\"wp-image-29740\" title=\"\"><\/figure>\n\n\n\n<p><strong>\u0158e\u0161en\u00ed na m\u00edru z kovu na dosah ruky!<\/strong><\/p>\n\n\n\n<p>V\u00edtejte na Steeling.Net, va\u0161\u00ed br\u00e1n\u011b k nejlep\u0161\u00edm v\u00fdrobc\u016fm z tureck\u00e9ho metalurgick\u00e9ho pr\u016fmyslu. Specializujeme se na \u0161irokou \u0161k\u00e1lu produkt\u016f a slu\u017eeb a poskytujeme slu\u017eby firm\u00e1m a velkoobchodn\u00edk\u016fm po cel\u00e9m sv\u011bt\u011b, kte\u0159\u00ed hledaj\u00ed dokonalost v oblasti zpracov\u00e1n\u00ed kov\u016f. Na\u0161e partnersk\u00e1 s\u00ed\u0165 je bohat\u00e1 na odborn\u00e9 znalosti a nab\u00edz\u00ed v\u0161e od zpracov\u00e1n\u00ed plech\u016f a oceli a\u017e po slo\u017eit\u00e9 stroje a automobilov\u00e9 vybaven\u00ed.  <\/p>\n\n\n\n<p><strong>Pro\u010d si vybrat Steeling.Net?<\/strong><\/p>\n\n\n\n<ul class=\"wp-block-list\">\n<li><strong>Rozmanit\u00fd sortiment materi\u00e1l\u016f<\/strong>: Od plech\u016f p\u0159es ocel, hlin\u00edk a dal\u0161\u00ed, na\u0161i partne\u0159i nab\u00edzej\u00ed \u0161irok\u00fd v\u00fdb\u011br, kter\u00fd spln\u00ed v\u0161echny va\u0161e pot\u0159eby v oblasti kov\u016f.<\/li>\n\n\n\n<li><strong>Komplexn\u00ed slu\u017eby<\/strong>: A\u0165 u\u017e jde o \u0159ez\u00e1n\u00ed, oh\u00fdb\u00e1n\u00ed, obr\u00e1b\u011bn\u00ed nebo in\u017een\u00fdrsk\u00e1 \u0159e\u0161en\u00ed, nab\u00edz\u00edme pln\u00e9 spektrum slu\u017eeb, abychom va\u0161i vizi p\u0159ivedli k \u017eivotu.<\/li>\n\n\n\n<li><strong>Kvalitn\u00ed produkty<\/strong>: N\u00e1\u0161 katalog zahrnuje potrub\u00ed, profily, reg\u00e1lov\u00e9 syst\u00e9my a mnoho dal\u0161\u00edho, v\u0161e p\u0159izp\u016fsobeno va\u0161im specifick\u00fdm po\u017eadavk\u016fm.<\/li>\n<\/ul>\n\n\n\n<p><strong>Spojte se s prvot\u0159\u00eddn\u00edmi tureck\u00fdmi v\u00fdrobci<\/strong> Steeling.Net p\u0159eklenuje propast mezi v\u00e1mi a p\u0159edn\u00edmi tureck\u00fdmi v\u00fdrobci a zaji\u0161\u0165uje, \u017ee z\u00edsk\u00e1te dlouhodob\u00e1, spolehliv\u00e1 a n\u00e1kladov\u011b efektivn\u00ed kovov\u00e1 \u0159e\u0161en\u00ed.<\/p>\n\n\n\n<p><strong>Z\u00edskejte cenovou nab\u00eddku hned te\u010f!<\/strong> P\u0159ipraveni prozkoumat, jak m\u016f\u017eeme v\u00e1\u0161 projekt posunout d\u00e1l? Vypl\u0148te n\u00e1\u0161 formul\u00e1\u0159 pro popt\u00e1vku cen s va\u0161imi specifick\u00fdmi pot\u0159ebami a my v\u00e1s rychle propoj\u00edme s nejlep\u0161\u00edmi \u0159e\u0161en\u00edmi. Va\u0161e cesta ke kvalit\u011b a cenov\u00e9 dostupnosti v kovopr\u016fmyslu za\u010d\u00edn\u00e1 zde!  <\/p>\n<\/div>\n<\/div><\/div>\n","protected":false},"excerpt":{"rendered":"","protected":false},"author":1,"featured_media":32890,"parent":0,"menu_order":0,"comment_status":"closed","ping_status":"closed","template":"elementor_theme","meta":{"footnotes":""},"class_list":["post-45532","page","type-page","status-publish","has-post-thumbnail","hentry"],"_links":{"self":[{"href":"https:\/\/steeling.net\/cs\/wp-json\/wp\/v2\/pages\/45532","targetHints":{"allow":["GET"]}}],"collection":[{"href":"https:\/\/steeling.net\/cs\/wp-json\/wp\/v2\/pages"}],"about":[{"href":"https:\/\/steeling.net\/cs\/wp-json\/wp\/v2\/types\/page"}],"author":[{"embeddable":true,"href":"https:\/\/steeling.net\/cs\/wp-json\/wp\/v2\/users\/1"}],"replies":[{"embeddable":true,"href":"https:\/\/steeling.net\/cs\/wp-json\/wp\/v2\/comments?post=45532"}],"version-history":[{"count":1,"href":"https:\/\/steeling.net\/cs\/wp-json\/wp\/v2\/pages\/45532\/revisions"}],"predecessor-version":[{"id":45534,"href":"https:\/\/steeling.net\/cs\/wp-json\/wp\/v2\/pages\/45532\/revisions\/45534"}],"wp:featuredmedia":[{"embeddable":true,"href":"https:\/\/steeling.net\/cs\/wp-json\/wp\/v2\/media\/32890"}],"wp:attachment":[{"href":"https:\/\/steeling.net\/cs\/wp-json\/wp\/v2\/media?parent=45532"}],"curies":[{"name":"wp","href":"https:\/\/api.w.org\/{rel}","templated":true}]}}