{"id":32892,"date":"2021-08-30T11:47:49","date_gmt":"2021-08-30T08:47:49","guid":{"rendered":"https:\/\/steeling.net\/o-nas\/"},"modified":"2024-07-14T14:54:03","modified_gmt":"2024-07-14T11:54:03","slug":"o-nas","status":"publish","type":"page","link":"https:\/\/steeling.net\/cs\/o-nas\/","title":{"rendered":"O n\u00e1s"},"content":{"rendered":"\n<div id=\"wp-block-themeisle-blocks-advanced-columns-67cdd78b\" class=\"wp-block-themeisle-blocks-advanced-columns alignwide has-1-columns has-desktop-equal-layout has-tablet-equal-layout has-mobile-equal-layout has-vertical-unset\"><div class=\"wp-block-themeisle-blocks-advanced-columns-overlay\"><\/div><div class=\"innerblocks-wrap\">\n<div id=\"wp-block-themeisle-blocks-advanced-column-7b1988da\" class=\"wp-block-themeisle-blocks-advanced-column\">\n<figure class=\"wp-block-image size-large is-resized\"><img fetchpriority=\"high\" decoding=\"async\" width=\"1066\" height=\"694\" src=\"https:\/\/steeling.net\/wp-content\/uploads\/2023\/09\/plasma-cutting-works-1066x694.webp\" alt=\"\" class=\"wp-image-26916\" style=\"object-fit:cover;width:1236px;height:400px\"\/><\/figure>\n\n\n<h1 class=\"wp-block-post-title\">O n\u00e1s<\/h1>\n\n\n<p><strong>Kdo jsme<\/strong><\/p>\n\n\n\n<p>Steeling.Net je pr\u016fkopnick\u00e1 platforma, kter\u00e1 spojuje p\u0159edn\u00ed tureck\u00e9 v\u00fdrobce plech\u016f a oceli se spole\u010dnostmi a velkoobchodn\u00edky z cel\u00e9ho sv\u011bta, kte\u0159\u00ed vyu\u017e\u00edvaj\u00ed kovov\u00e9 v\u00fdrobky. D\u00edky hlubok\u00e9 historii v kovopr\u016fmyslu a \u0161irok\u00e9 s\u00edti v\u00fdrobc\u016f nab\u00edz\u00edme vysoce kvalitn\u00ed, spolehliv\u00e1 a cenov\u011b konkurenceschopn\u00e1 kovov\u00e1 \u0159e\u0161en\u00ed p\u0159izp\u016fsoben\u00e1 r\u016fznorod\u00fdm pot\u0159eb\u00e1m na\u0161\u00ed glob\u00e1ln\u00ed klientely.<\/p>\n\n\n\n<p><strong>Na\u0161e odborn\u00e9 znalosti<\/strong><\/p>\n\n\n\n<p>Na\u0161e odborn\u00e9 znalosti zahrnuj\u00ed \u0161irokou \u0161k\u00e1lu materi\u00e1l\u016f, v\u010detn\u011b plech\u016f, oceli, hlin\u00edku a dal\u0161\u00edch speci\u00e1ln\u00edch kov\u016f, d\u00edky \u010demu\u017e jsme schopni vyhov\u011bt specifick\u00fdm po\u017eadavk\u016fm ka\u017ed\u00e9ho projektu. Na\u0161e partnersk\u00e9 v\u00fdrobce pe\u010dliv\u011b vyb\u00edr\u00e1me podle jejich z\u00e1vazku ke kvalit\u011b a inovac\u00edm, co\u017e z n\u00e1s \u010din\u00ed d\u016fv\u011bryhodnou zna\u010dku v oblasti kovov\u00fdroby.<\/p>\n\n\n\n<p><strong>Nab\u00edzen\u00e9 slu\u017eby<\/strong><\/p>\n\n\n\n<p>Spole\u010dnost Steeling.Net poskytuje rozs\u00e1hlou \u0161k\u00e1lu slu\u017eeb ur\u010den\u00fdch pro v\u0161echny aspekty zpracov\u00e1n\u00ed kov\u016f:<\/p>\n\n\n\n<ul class=\"wp-block-list\">\n<li><strong><a href=\"https:\/\/steeling.net\/services\/\" data-type=\"page\" data-id=\"12963\">\u0158ez\u00e1n\u00ed<\/a><\/strong>: P\u0159esn\u00e9 \u0159ez\u00e1n\u00ed podle p\u0159esn\u00fdch specifikac\u00ed, a\u0165 u\u017e pro velkov\u00fdrobu, nebo pro zak\u00e1zkov\u00e9 projekty.<\/li>\n\n\n\n<li><strong><a href=\"https:\/\/steeling.net\/cs\/services\/38828-2\/\" data-type=\"page\" data-id=\"26910\">Oh\u00fdb\u00e1n\u00ed<\/a><\/strong>: Pokro\u010dil\u00e9 techniky oh\u00fdb\u00e1n\u00ed, kter\u00e9 zaji\u0161\u0165uj\u00ed p\u0159esnost a opakovatelnost u v\u0161ech typ\u016f kov\u016f.<\/li>\n\n\n\n<li><strong><a href=\"https:\/\/steeling.net\/cs\/services\/obrabeci-sluzby\/\" data-type=\"page\" data-id=\"26911\">Obr\u00e1b\u011bn\u00ed<\/a><\/strong>: Nejmodern\u011bj\u0161\u00ed CNC obr\u00e1b\u011bn\u00ed pro slo\u017eit\u00e9 a detailn\u00ed kovov\u00e9 sou\u010d\u00e1sti.<\/li>\n\n\n\n<li><strong>Formov\u00e1n\u00ed a odl\u00e9v\u00e1n\u00ed<\/strong>: Vysoce kvalitn\u00ed slu\u017eby lisov\u00e1n\u00ed a odl\u00e9v\u00e1n\u00ed pro odoln\u00e9 a p\u0159esn\u00e9 kovov\u00e9 d\u00edly.<\/li>\n\n\n\n<li><strong>Vytv\u00e1\u0159en\u00ed prototyp\u016f<\/strong>: Rychl\u00e9 prototypov\u00e1n\u00ed, kter\u00e9 pom\u00e1h\u00e1 rychle a efektivn\u011b realizovat va\u0161e koncepty.<\/li>\n\n\n\n<li><strong>Stroj\u00edrenstv\u00ed<\/strong>: Odborn\u00e9 in\u017een\u00fdrsk\u00e9 slu\u017eby pro optimalizaci funk\u010dnosti a designu va\u0161ich kovov\u00fdch v\u00fdrobk\u016f.<\/li>\n\n\n\n<li><strong><a href=\"https:\/\/steeling.net\/cs\/products\/38896-2\/\" data-type=\"page\" data-id=\"26961\">St\u0159ih na m\u00edru<\/a><\/strong>: Varianty \u0159ez\u00e1n\u00ed na m\u00edru, kter\u00e9 sni\u017euj\u00ed mno\u017estv\u00ed odpadu a zvy\u0161uj\u00ed efektivitu va\u0161eho dodavatelsk\u00e9ho \u0159et\u011bzce.<\/li>\n<\/ul>\n\n\n\n<p><strong>Na\u0161e produkty<\/strong><\/p>\n\n\n\n<p>N\u00e1\u0161 sortiment je \u0161irok\u00fd a zahrnuje mimo jin\u00e9:<\/p>\n\n\n\n<ul class=\"wp-block-list\">\n<li><strong><a href=\"https:\/\/steeling.net\/cs\/materials\/uhlikova-ocel\/36133-2\/\" data-type=\"page\" data-id=\"27551\">Trubky a profily<\/a><\/strong>: Odoln\u00e9 a p\u0159esn\u011b konstruovan\u00e9 trubky a profily vhodn\u00e9 pro r\u016fzn\u00e9 pr\u016fmyslov\u00e9 aplikace.<\/li>\n\n\n\n<li><strong>Policov\u00e9 syst\u00e9my<\/strong>: P\u0159izp\u016fsobiteln\u00e1 reg\u00e1lov\u00e1 \u0159e\u0161en\u00ed pro maloobchodn\u00ed, pr\u016fmyslov\u00e9 a skladovac\u00ed pot\u0159eby.<\/li>\n\n\n\n<li><strong>Konstruk\u010dn\u00ed spojen\u00ed<\/strong>: Robustn\u00ed konstruk\u010dn\u00ed spoje navr\u017een\u00e9 pro stabilitu a dlouhou \u017eivotnost konstrukce.<\/li>\n\n\n\n<li><strong>Stojany a r\u00e1my<\/strong>: Stojany a r\u00e1my na m\u00edru navr\u017een\u00e9 pro r\u016fzn\u00e1 pou\u017eit\u00ed v r\u016fzn\u00fdch odv\u011btv\u00edch.<\/li>\n\n\n\n<li><strong>Stroje a d\u00edly<\/strong>: Vysoce v\u00fdkonn\u00e9 stroje a n\u00e1hradn\u00ed d\u00edly pro pr\u016fmyslov\u00e9 provozy.<\/li>\n\n\n\n<li><strong>Automobilov\u00e9 vybaven\u00ed<\/strong>: Nejkvalitn\u011bj\u0161\u00ed d\u00edly a vybaven\u00ed pro automobilov\u00fd pr\u016fmysl vyroben\u00e9 podle p\u0159\u00edsn\u00fdch pr\u016fmyslov\u00fdch norem.<\/li>\n\n\n\n<li><strong>N\u00e1bytek<\/strong>: N\u00e1bytek z kovu kombinuje estetiku s funk\u010dnost\u00ed pro vnit\u0159n\u00ed i venkovn\u00ed pou\u017eit\u00ed.<\/li>\n<\/ul>\n\n\n\n\n\n<div class=\"wp-block-rank-math-faq-block\"><div class=\"rank-math-faq-item\"><h3 class=\"rank-math-question\">Why Choose Steeling.Net?<\/h3><div class=\"rank-math-answer\">Choosing Steeling.Net means partnering with a leader in the metal production industry known for:<br><strong>Reliability:<\/strong> We deliver consistently high-quality products and services that you can depend on.<br><strong>Innovation:<\/strong> Continuous innovation in metal processing techniques to provide advanced solutions.<br><strong>Cost-Effectiveness:<\/strong> Competitive pricing without compromising on quality or performance.<br><strong>Customer-Centric Approach:<\/strong> We prioritize your needs and work diligently to exceed your expectations.<\/div><\/div><\/div>\n\n\n\n<p><\/p>\n\n\n\n<ul class=\"wp-block-list\">\n<li><\/li>\n<\/ul>\n<\/div>\n<\/div><\/div>\n","protected":false},"excerpt":{"rendered":"","protected":false},"author":1,"featured_media":0,"parent":0,"menu_order":0,"comment_status":"closed","ping_status":"closed","template":"","meta":{"footnotes":""},"class_list":["post-32892","page","type-page","status-publish","hentry"],"_links":{"self":[{"href":"https:\/\/steeling.net\/cs\/wp-json\/wp\/v2\/pages\/32892","targetHints":{"allow":["GET"]}}],"collection":[{"href":"https:\/\/steeling.net\/cs\/wp-json\/wp\/v2\/pages"}],"about":[{"href":"https:\/\/steeling.net\/cs\/wp-json\/wp\/v2\/types\/page"}],"author":[{"embeddable":true,"href":"https:\/\/steeling.net\/cs\/wp-json\/wp\/v2\/users\/1"}],"replies":[{"embeddable":true,"href":"https:\/\/steeling.net\/cs\/wp-json\/wp\/v2\/comments?post=32892"}],"version-history":[{"count":0,"href":"https:\/\/steeling.net\/cs\/wp-json\/wp\/v2\/pages\/32892\/revisions"}],"wp:attachment":[{"href":"https:\/\/steeling.net\/cs\/wp-json\/wp\/v2\/media?parent=32892"}],"curies":[{"name":"wp","href":"https:\/\/api.w.org\/{rel}","templated":true}]}}