{"id":32889,"date":"2021-08-30T07:14:47","date_gmt":"2021-08-30T04:14:47","guid":{"rendered":"https:\/\/steeling.net\/kontaktujte-nas\/"},"modified":"2026-03-09T21:59:59","modified_gmt":"2026-03-09T18:59:59","slug":"kontaktujte-nas","status":"publish","type":"page","link":"https:\/\/steeling.net\/cs\/kontaktujte-nas\/","title":{"rendered":"Kontaktujte n\u00e1s"},"content":{"rendered":"\t\t<div data-elementor-type=\"wp-page\" data-elementor-id=\"32889\" class=\"elementor elementor-32889 elementor-10630\" data-elementor-post-type=\"page\">\n\t\t\t\t\t\t<section class=\"elementor-section elementor-top-section elementor-element elementor-element-3f049f0 elementor-section-boxed elementor-section-height-default elementor-section-height-default\" data-id=\"3f049f0\" data-element_type=\"section\" data-e-type=\"section\">\n\t\t\t\t\t\t<div class=\"elementor-container elementor-column-gap-default\">\n\t\t\t\t\t<div class=\"elementor-column elementor-col-50 elementor-top-column elementor-element elementor-element-eae39b3\" data-id=\"eae39b3\" data-element_type=\"column\" data-e-type=\"column\">\n\t\t\t<div class=\"elementor-widget-wrap elementor-element-populated\">\n\t\t\t\t\t\t<div class=\"elementor-element elementor-element-66d5d77 elementor-widget elementor-widget-text-editor\" data-id=\"66d5d77\" data-element_type=\"widget\" data-e-type=\"widget\" data-widget_type=\"text-editor.default\">\n\t\t\t\t<div class=\"elementor-widget-container\">\n\t\t\t\t\t\t\t\t\t<p><strong>D\u011bkujeme v\u00e1m za v\u00e1\u0161 z\u00e1jem o na\u0161e produkty a slu\u017eby. Rychlej\u0161\u00ed odpov\u011b\u010f obdr\u017e\u00edte, pokud ve sv\u00fdch \u017e\u00e1dostech o cenovou nab\u00eddku uvedete n\u00e1sleduj\u00edc\u00ed informace:<\/strong><br \/>&#8211;<b>Materi\u00e1l<\/b>: Materi\u00e1l: Standard, rozm\u011bry, po\u010d\u00e1te\u010dn\u00ed a celkov\u00e9 objednac\u00ed mno\u017estv\u00ed<br \/>&#8211;<b>Slu\u017eby<\/b>: Technick\u00e9 v\u00fdkresy (DWG, DXF nebo STEP), obr\u00e1zek v\u00fdrobku, informace o materi\u00e1lu, mno\u017estv\u00ed objedn\u00e1vky a dodac\u00ed lh\u016fty.<br \/>&#8211;<b>Kovov\u00e9 v\u00fdrobky<\/b>: V\u0161echny pot\u0159ebn\u00e9 informace k zaji\u0161t\u011bn\u00ed po\u017eadovan\u00e9 kvality v\u00fdrobku.<\/p><p>Krom\u011b spole\u010dnosti a kontaktn\u00edch \u00fadaj\u016f; pokud m\u00e1te c\u00edlovou cenu, usnadn\u00ed v\u00e1m to z\u00edsk\u00e1n\u00ed v\u00fdsledk\u016f. Informace o tom, kde budete nakupovan\u00fd materi\u00e1l\/slu\u017ebu pou\u017e\u00edvat, n\u00e1m tak\u00e9 d\u00e1vaj\u00ed mo\u017enost nab\u00eddnout v\u00e1m vhodn\u011bj\u0161\u00ed alternativy.<\/p><p>V p\u0159\u00edpad\u011b dotaz\u016f m\u016f\u017eete pro komunikaci zvolit tak\u00e9 WhatsApp a telefon.<\/p><p>Kontaktujte n\u00e1s:<br \/>E-mail: sales@steeling.net<br \/>Telefon &amp; Whatsapp : <a href=\"https:\/\/wa.me\/905332126595\" target=\"_blank\" rel=\"noopener\">+90 533 2126595<\/a><br \/>Adresa: Akdeniz Mah. 1347 Sk. 8\/608 Konak Izmir T\u00dcRK\u0130YE<\/p>\t\t\t\t\t\t\t\t<\/div>\n\t\t\t\t<\/div>\n\t\t\t\t<div class=\"elementor-element elementor-element-bfcbac7 elementor-widget elementor-widget-image\" data-id=\"bfcbac7\" data-element_type=\"widget\" data-e-type=\"widget\" data-widget_type=\"image.default\">\n\t\t\t\t<div class=\"elementor-widget-container\">\n\t\t\t\t\t\t\t\t\t\t\t\t\t\t\t<img fetchpriority=\"high\" decoding=\"async\" width=\"1024\" height=\"1024\" src=\"https:\/\/steeling.net\/wp-content\/uploads\/2024\/02\/steeling-about-page-spare-parts-workshop-create-with-DALL-E.webp\" class=\"attachment-full size-full wp-image-45275\" alt=\"\" srcset=\"https:\/\/steeling.net\/wp-content\/uploads\/2024\/02\/steeling-about-page-spare-parts-workshop-create-with-DALL-E.webp 1024w, https:\/\/steeling.net\/wp-content\/uploads\/2024\/02\/steeling-about-page-spare-parts-workshop-create-with-DALL-E-80x80.webp 80w, https:\/\/steeling.net\/wp-content\/uploads\/2024\/02\/steeling-about-page-spare-parts-workshop-create-with-DALL-E-778x778.webp 778w\" sizes=\"(max-width: 1024px) 100vw, 1024px\" title=\"\">\t\t\t\t\t\t\t\t\t\t\t\t\t\t\t<\/div>\n\t\t\t\t<\/div>\n\t\t\t\t\t<\/div>\n\t\t<\/div>\n\t\t\t\t<div class=\"elementor-column elementor-col-50 elementor-top-column elementor-element elementor-element-f560310\" data-id=\"f560310\" data-element_type=\"column\" data-e-type=\"column\">\n\t\t\t<div class=\"elementor-widget-wrap elementor-element-populated\">\n\t\t\t\t\t\t<div class=\"elementor-element elementor-element-0c488b6 elementor-widget elementor-widget-jet-form-builder-form\" data-id=\"0c488b6\" data-element_type=\"widget\" data-e-type=\"widget\" data-widget_type=\"jet-form-builder-form.default\">\n\t\t\t\t<div class=\"elementor-widget-container\">\n\t\t\t\t\t<link rel='stylesheet' id='wp-block-library-css' href='https:\/\/steeling.net\/wp-includes\/css\/dist\/block-library\/style.min.css?ver=6.9.4' media='all' \/>\n<style id=\"jet-form-builder-31656-inline-css\"><\/style><form  class=\"jet-form-builder layout-column submit-type-reload\" action=\"https:\/\/steeling.net\/cs\/wp-json\/wp\/v2\/pages\/32889\/?6nw3Qq=A8TaG6BgUj&amp;method=reload\" method=\"POST\" data-form-id=\"31656\" data-layout=\"column\" enctype=\"multipart\/form-data\" novalidate=\"null\" ssr_validation_method=\"rest\"><input type=\"hidden\" id=\"_wpnonce\" name=\"_wpnonce\" value=\"ddcd9e98c9\" \/><input type=\"hidden\" name=\"_wp_http_referer\" value=\"\/cs\/wp-json\/wp\/v2\/pages\/32889\" \/>\r\n<input type=\"hidden\" name=\"_jfb_current_render_states[]\" value=\"DEFAULT.STATE\" data-jfb-sync \/><input type=\"hidden\" class=\"jet-form-builder__field hidden-field\" name=\"_jet_engine_booking_form_id\" data-field-name=\"_jet_engine_booking_form_id\" value=\"31656\">\n<input type=\"hidden\" class=\"jet-form-builder__field hidden-field\" name=\"_jet_engine_refer\" data-field-name=\"_jet_engine_refer\" value=\"https:\/\/steeling.net\/cs\/wp-json\/wp\/v2\/pages\/32889\/\">\n<input type=\"hidden\" class=\"jet-form-builder__field hidden-field\" name=\"__queried_post_id\" data-field-name=\"__queried_post_id\" value=\"32889\">\n<div  class=\"jet-form-builder-row field-type-text-field\" >\n<div class=\"jet-form-builder__label\">\r\n<div class=\"jet-form-builder__label-text\">Email <span class=\"jet-form-builder__required\">*<\/span><\/div><\/div><div class=\"jet-form-builder__field-wrap\">\n\t\t\t\t<input required=\"required\" name=\"email\" id=\"email\" type=\"email\" data-field-name=\"email\" class=\"jet-form-builder__field text-field\" data-jfb-sync=\"null\" autocomplete=\"off_Jm7uEFZG\">\n\t\t\t\t\t<\/div>\n<\/div>\n\n<div  class=\"jet-form-builder-row field-type-text-field\" >\n<div class=\"jet-form-builder__label\">\r\n<div class=\"jet-form-builder__label-text\">Subject <span class=\"jet-form-builder__required\">*<\/span><\/div><\/div><div class=\"jet-form-builder__field-wrap\">\n\t\t\t\t<input required=\"required\" name=\"subject\" id=\"subject\" type=\"text\" data-field-name=\"subject\" class=\"jet-form-builder__field text-field\" data-jfb-sync=\"null\" autocomplete=\"off_oStZu1qe\">\n\t\t\t\t\t<\/div>\n<\/div>\n\n<div  class=\"jet-form-builder-row field-type-textarea-field\" >\n<div class=\"jet-form-builder__label\">\r\n<div class=\"jet-form-builder__label-text\">Message <span class=\"jet-form-builder__required\">*<\/span><\/div><\/div><div class=\"jet-form-builder__field-wrap\">\n\t\t<textarea class=\"jet-form-builder__field textarea-field\" required=\"required\" name=\"message\" data-field-name=\"message\" id=\"message\" data-jfb-sync=\"null\"><\/textarea>\n\t<\/div>\n<\/div>\n\n<div  class=\"jet-form-builder-row field-type-submit-field\" >\n\t<div data-type=\"submit\" class=\"jet-form-builder__action-button-wrapper jet-form-builder__submit-wrap\">\n\t<button class=\"jet-form-builder__action-button jet-form-builder__submit submit-type-reload\" type=\"submit\">Submit<\/button>\n\t<\/div>\n\t\n<\/div>\t<div class=\"jet-form-builder-messages-wrap\" data-form-id=\"31656\"><\/div>\n<\/form>\n\t\t\t\t<\/div>\n\t\t\t\t<\/div>\n\t\t\t\t<div class=\"elementor-element elementor-element-a45c0b2 e-grid-align-left elementor-shape-rounded elementor-grid-0 elementor-widget elementor-widget-social-icons\" data-id=\"a45c0b2\" data-element_type=\"widget\" data-e-type=\"widget\" data-widget_type=\"social-icons.default\">\n\t\t\t\t<div class=\"elementor-widget-container\">\n\t\t\t\t\t\t\t<div class=\"elementor-social-icons-wrapper elementor-grid\" role=\"list\">\n\t\t\t\t\t\t\t<span class=\"elementor-grid-item\" role=\"listitem\">\n\t\t\t\t\t<a class=\"elementor-icon elementor-social-icon elementor-social-icon-facebook elementor-repeater-item-3e95a33\" href=\"https:\/\/www.facebook.com\/people\/SteelingNet\/61550939512511\/\" target=\"_blank\" rel=\"noopener\">\n\t\t\t\t\t\t<span class=\"elementor-screen-only\">Facebook<\/span>\n\t\t\t\t\t\t<i aria-hidden=\"true\" class=\"fab fa-facebook\"><\/i>\t\t\t\t\t<\/a>\n\t\t\t\t<\/span>\n\t\t\t\t\t\t\t<span class=\"elementor-grid-item\" role=\"listitem\">\n\t\t\t\t\t<a class=\"elementor-icon elementor-social-icon elementor-social-icon-instagram elementor-repeater-item-b8b61a4\" href=\"https:\/\/www.instagram.com\/steelingnet\/\" target=\"_blank\" rel=\"noopener\">\n\t\t\t\t\t\t<span class=\"elementor-screen-only\">Instagram<\/span>\n\t\t\t\t\t\t<i aria-hidden=\"true\" class=\"fab fa-instagram\"><\/i>\t\t\t\t\t<\/a>\n\t\t\t\t<\/span>\n\t\t\t\t\t\t\t<span class=\"elementor-grid-item\" role=\"listitem\">\n\t\t\t\t\t<a class=\"elementor-icon elementor-social-icon elementor-social-icon-linkedin elementor-repeater-item-a05d6e4\" href=\"https:\/\/www.linkedin.com\/company\/steeling-net\" target=\"_blank\" rel=\"noopener\">\n\t\t\t\t\t\t<span class=\"elementor-screen-only\">Linkedin<\/span>\n\t\t\t\t\t\t<i aria-hidden=\"true\" class=\"fab fa-linkedin\"><\/i>\t\t\t\t\t<\/a>\n\t\t\t\t<\/span>\n\t\t\t\t\t<\/div>\n\t\t\t\t\t\t<\/div>\n\t\t\t\t<\/div>\n\t\t\t\t<div class=\"elementor-element elementor-element-6959386 elementor-widget elementor-widget-google_maps\" data-id=\"6959386\" data-element_type=\"widget\" data-e-type=\"widget\" data-widget_type=\"google_maps.default\">\n\t\t\t\t<div class=\"elementor-widget-container\">\n\t\t\t\t\t\t\t<div class=\"elementor-custom-embed\">\n\t\t\t<iframe loading=\"lazy\"\n\t\t\t\t\tsrc=\"https:\/\/maps.google.com\/maps?q=Akdeniz%20Mh.%20Akdeniz%20C.%201347%20sk.%20No.8%2F608%20Konak%20%2F%20%C4%B0zmir%20%E2%80%93%20T%C3%9CRK%C4%B0YE&#038;t=m&#038;z=14&#038;output=embed&#038;iwloc=near\"\n\t\t\t\t\ttitle=\"Akdeniz Mh. Akdeniz C. 1347 sk. No.8\/608 Konak \/ \u0130zmir \u2013 T\u00dcRK\u0130YE\"\n\t\t\t\t\taria-label=\"Akdeniz Mh. Akdeniz C. 1347 sk. No.8\/608 Konak \/ \u0130zmir \u2013 T\u00dcRK\u0130YE\"\n\t\t\t><\/iframe>\n\t\t<\/div>\n\t\t\t\t\t\t<\/div>\n\t\t\t\t<\/div>\n\t\t\t\t\t<\/div>\n\t\t<\/div>\n\t\t\t\t\t<\/div>\n\t\t<\/section>\n\t\t\t\t<section class=\"elementor-section elementor-top-section elementor-element elementor-element-e49d9d4 elementor-section-boxed elementor-section-height-default elementor-section-height-default\" data-id=\"e49d9d4\" data-element_type=\"section\" data-e-type=\"section\">\n\t\t\t\t\t\t<div class=\"elementor-container elementor-column-gap-default\">\n\t\t\t\t\t<div class=\"elementor-column elementor-col-100 elementor-top-column elementor-element elementor-element-5f6c6a0\" data-id=\"5f6c6a0\" data-element_type=\"column\" data-e-type=\"column\">\n\t\t\t<div class=\"elementor-widget-wrap\">\n\t\t\t\t\t\t\t<\/div>\n\t\t<\/div>\n\t\t\t\t\t<\/div>\n\t\t<\/section>\n\t\t\t\t<\/div>\n\t\t","protected":false},"excerpt":{"rendered":"<p>D\u011bkujeme v\u00e1m za v\u00e1\u0161 z\u00e1jem o na\u0161e produkty a slu\u017eby. Rychlej\u0161\u00ed odpov\u011b\u010f obdr\u017e\u00edte, pokud ve sv\u00fdch \u017e\u00e1dostech o cenovou nab\u00eddku uvedete n\u00e1sleduj\u00edc\u00ed informace:&#8211;Materi\u00e1l: Materi\u00e1l: Standard, rozm\u011bry, po\u010d\u00e1te\u010dn\u00ed a celkov\u00e9 objednac\u00ed mno\u017estv\u00ed&#8211;Slu\u017eby: Technick\u00e9 v\u00fdkresy (DWG, DXF nebo STEP), obr\u00e1zek v\u00fdrobku, informace o materi\u00e1lu, mno\u017estv\u00ed objedn\u00e1vky a dodac\u00ed lh\u016fty.&#8211;Kovov\u00e9 v\u00fdrobky: V\u0161echny pot\u0159ebn\u00e9 informace k zaji\u0161t\u011bn\u00ed po\u017eadovan\u00e9 kvality [&hellip;]<\/p>\n","protected":false},"author":1,"featured_media":32890,"parent":0,"menu_order":0,"comment_status":"closed","ping_status":"closed","template":"","meta":{"footnotes":""},"class_list":["post-32889","page","type-page","status-publish","has-post-thumbnail","hentry"],"_links":{"self":[{"href":"https:\/\/steeling.net\/cs\/wp-json\/wp\/v2\/pages\/32889","targetHints":{"allow":["GET"]}}],"collection":[{"href":"https:\/\/steeling.net\/cs\/wp-json\/wp\/v2\/pages"}],"about":[{"href":"https:\/\/steeling.net\/cs\/wp-json\/wp\/v2\/types\/page"}],"author":[{"embeddable":true,"href":"https:\/\/steeling.net\/cs\/wp-json\/wp\/v2\/users\/1"}],"replies":[{"embeddable":true,"href":"https:\/\/steeling.net\/cs\/wp-json\/wp\/v2\/comments?post=32889"}],"version-history":[{"count":1,"href":"https:\/\/steeling.net\/cs\/wp-json\/wp\/v2\/pages\/32889\/revisions"}],"predecessor-version":[{"id":45274,"href":"https:\/\/steeling.net\/cs\/wp-json\/wp\/v2\/pages\/32889\/revisions\/45274"}],"wp:featuredmedia":[{"embeddable":true,"href":"https:\/\/steeling.net\/cs\/wp-json\/wp\/v2\/media\/32890"}],"wp:attachment":[{"href":"https:\/\/steeling.net\/cs\/wp-json\/wp\/v2\/media?parent=32889"}],"curies":[{"name":"wp","href":"https:\/\/api.w.org\/{rel}","templated":true}]}}